{"id":10344,"date":"2022-09-28T19:52:10","date_gmt":"2022-09-28T18:52:10","guid":{"rendered":"https:\/\/apgrejd.com\/?post_type=product&#038;p=10344"},"modified":"2026-05-06T11:08:04","modified_gmt":"2026-05-06T10:08:04","slug":"windows-11-pro-licenca","status":"publish","type":"product","link":"https:\/\/apgrejd.com\/en\/proizvod\/windows-11-pro-licenca\/","title":{"rendered":"Windows 11 Pro &#8211; Licenca"},"content":{"rendered":"<div class=\"cc-content-excerpt\">\n  <i><\/i> Zvani\u010dna Windows 11 Pro licenca<br \/>\n  <i><\/i> <a href=\"https:\/\/marketplace.microsoft.com\/en-us\/marketplace\/partner-dir\/41ebc6d4-40f0-434c-a1a3-f47954083b87\/overview\">Ovla\u0161\u0107eni Microsoft partner<\/a><br \/>\n  <i><\/i> Napredne sigurnosne funkcije i za\u0161tita privatnosti<br \/>\n  <i><\/i> Integracija sa Microsoft Teams i Copilot AI asistentom<br \/>\n  <i><\/i> Redovna a\u017euriranja putem Windows Update sistema<br \/>\n  <i><\/i> 24\/7 korisni\u010dka podr\u0161ka i live chat\n<\/div>\n<p>Proizvod je zaklju\u010dan.<\/p>\n","protected":false},"excerpt":{"rendered":"<div class=\"cc-content-excerpt\">\n  <i><\/i> Zvani\u010dna Windows 11 Pro licenca<br \/>\n  <i><\/i> <a href=\"https:\/\/marketplace.microsoft.com\/en-us\/marketplace\/partner-dir\/41ebc6d4-40f0-434c-a1a3-f47954083b87\/overview\">Ovla\u0161\u0107eni Microsoft partner<\/a><br \/>\n  <i><\/i> Napredne sigurnosne funkcije i za\u0161tita privatnosti<br \/>\n  <i><\/i> Integracija sa Microsoft Teams i Copilot AI asistentom<br \/>\n  <i><\/i> Redovna a\u017euriranja putem Windows Update sistema<br \/>\n  <i><\/i> 24\/7 korisni\u010dka podr\u0161ka i live chat\n<\/div>\n<p>Proizvod je zaklju\u010dan.<\/p>\n","protected":false},"featured_media":13160,"comment_status":"open","ping_status":"closed","template":"","meta":{"_mi_skip_tracking":false,"_monsterinsights_sitenote_active":false,"_monsterinsights_sitenote_note":"","_monsterinsights_sitenote_category":0},"product_brand":[],"product_cat":[144,403],"product_tag":[151,149,152,150,148],"class_list":{"0":"post-10344","1":"product","2":"type-product","3":"status-publish","4":"has-post-thumbnail","6":"product_cat-operativni-sistemi","7":"product_cat-windows-office","8":"product_tag-windows","9":"product_tag-windows-11-pro","10":"product_tag-windows-11-pro-key","11":"product_tag-windows-11-pro-licenca","12":"product_tag-windows-key","14":"first","15":"instock","16":"shipping-taxable","17":"purchasable","18":"product-type-simple"},"exclude_global_add_ons":[],"addons":[],"yoast_head":"<!-- This site is optimized with the Yoast SEO Premium plugin v26.3 (Yoast SEO v27.5) - https:\/\/yoast.com\/product\/yoast-seo-premium-wordpress\/ -->\n<title>Windows 11 Pro - Licenca - Apgrejd<\/title>\n<meta name=\"description\" content=\"Windows 11 Pro donosi moderan dizajn, bolju produktivnost, podr\u0161ku za Android aplikacije, optimizovane performanse i unapre\u0111ene mogu\u0107nosti za posao.\" \/>\n<meta name=\"robots\" content=\"index, follow, max-snippet:-1, max-image-preview:large, max-video-preview:-1\" \/>\n<link rel=\"canonical\" href=\"https:\/\/apgrejd.com\/proizvod\/windows-11-pro-licenca\/\" \/>\n<meta property=\"og:locale\" content=\"en_US\" \/>\n<meta property=\"og:type\" content=\"article\" \/>\n<meta property=\"og:title\" content=\"Windows 11 Pro - Licenca\" \/>\n<meta property=\"og:description\" content=\"Windows 11 Pro donosi moderan dizajn, bolju produktivnost, podr\u0161ku za Android aplikacije, optimizovane performanse i unapre\u0111ene mogu\u0107nosti za posao.\" \/>\n<meta property=\"og:url\" content=\"https:\/\/apgrejd.com\/proizvod\/windows-11-pro-licenca\/\" \/>\n<meta property=\"og:site_name\" content=\"Apgrejd\" \/>\n<meta property=\"article:modified_time\" content=\"2026-05-06T10:08:04+00:00\" \/>\n<meta property=\"og:image\" content=\"https:\/\/apgrejd.com\/wp-content\/uploads\/2022\/09\/windows-11-pro-licenca-cena-prodaja-srbija.webp\" \/>\n\t<meta property=\"og:image:width\" content=\"1080\" \/>\n\t<meta property=\"og:image:height\" content=\"1080\" \/>\n\t<meta property=\"og:image:type\" content=\"image\/webp\" \/>\n<meta name=\"twitter:card\" content=\"summary_large_image\" \/>\n<meta name=\"twitter:label1\" content=\"Price\" \/>\n\t<meta name=\"twitter:data1\" content=\"13&nbsp;&euro;\" \/>\n\t<meta name=\"twitter:label2\" content=\"Availability\" \/>\n\t<meta name=\"twitter:data2\" content=\"In stock\" \/>\n<script type=\"application\/ld+json\" class=\"yoast-schema-graph\">{\"@context\":\"https:\\\/\\\/schema.org\",\"@graph\":[{\"@type\":\"WebPage\",\"@id\":\"https:\\\/\\\/apgrejd.com\\\/proizvod\\\/windows-11-pro-licenca\\\/\",\"url\":\"https:\\\/\\\/apgrejd.com\\\/proizvod\\\/windows-11-pro-licenca\\\/\",\"name\":\"Windows 11 Pro - Licenca - Apgrejd\",\"isPartOf\":{\"@id\":\"https:\\\/\\\/apgrejd.com\\\/#website\"},\"primaryImageOfPage\":{\"@id\":\"https:\\\/\\\/apgrejd.com\\\/proizvod\\\/windows-11-pro-licenca\\\/#primaryimage\"},\"image\":{\"@id\":\"https:\\\/\\\/apgrejd.com\\\/proizvod\\\/windows-11-pro-licenca\\\/#primaryimage\"},\"thumbnailUrl\":\"https:\\\/\\\/apgrejd.com\\\/wp-content\\\/uploads\\\/2022\\\/09\\\/windows-11-pro-licenca-cena-prodaja-srbija.webp\",\"datePublished\":\"2022-09-28T18:52:10+00:00\",\"dateModified\":\"2026-05-06T10:08:04+00:00\",\"description\":\"Windows 11 Pro donosi moderan dizajn, bolju produktivnost, podr\u0161ku za Android aplikacije, optimizovane performanse i unapre\u0111ene mogu\u0107nosti za posao.\",\"breadcrumb\":{\"@id\":\"https:\\\/\\\/apgrejd.com\\\/proizvod\\\/windows-11-pro-licenca\\\/#breadcrumb\"},\"inLanguage\":\"en-US\",\"potentialAction\":[{\"@type\":\"ReadAction\",\"target\":[\"https:\\\/\\\/apgrejd.com\\\/proizvod\\\/windows-11-pro-licenca\\\/\"]}]},{\"@type\":\"ImageObject\",\"inLanguage\":\"en-US\",\"@id\":\"https:\\\/\\\/apgrejd.com\\\/proizvod\\\/windows-11-pro-licenca\\\/#primaryimage\",\"url\":\"https:\\\/\\\/apgrejd.com\\\/wp-content\\\/uploads\\\/2022\\\/09\\\/windows-11-pro-licenca-cena-prodaja-srbija.webp\",\"contentUrl\":\"https:\\\/\\\/apgrejd.com\\\/wp-content\\\/uploads\\\/2022\\\/09\\\/windows-11-pro-licenca-cena-prodaja-srbija.webp\",\"width\":1080,\"height\":1080,\"caption\":\"windows 11 pro licenca cena prodaja srbija oem retail\"},{\"@type\":\"BreadcrumbList\",\"@id\":\"https:\\\/\\\/apgrejd.com\\\/proizvod\\\/windows-11-pro-licenca\\\/#breadcrumb\",\"itemListElement\":[{\"@type\":\"ListItem\",\"position\":1,\"name\":\"Po\u010detna\",\"item\":\"https:\\\/\\\/apgrejd.com\\\/\"},{\"@type\":\"ListItem\",\"position\":2,\"name\":\"Shop\",\"item\":\"https:\\\/\\\/apgrejd.com\\\/shop\\\/\"},{\"@type\":\"ListItem\",\"position\":3,\"name\":\"Windows 11 Pro &#8211; Licenca\"}]},{\"@type\":\"WebSite\",\"@id\":\"https:\\\/\\\/apgrejd.com\\\/#website\",\"url\":\"https:\\\/\\\/apgrejd.com\\\/\",\"name\":\"Apgrejd\",\"description\":\"\",\"publisher\":{\"@id\":\"https:\\\/\\\/apgrejd.com\\\/#organization\"},\"potentialAction\":[{\"@type\":\"SearchAction\",\"target\":{\"@type\":\"EntryPoint\",\"urlTemplate\":\"https:\\\/\\\/apgrejd.com\\\/?s={search_term_string}\"},\"query-input\":{\"@type\":\"PropertyValueSpecification\",\"valueRequired\":true,\"valueName\":\"search_term_string\"}}],\"inLanguage\":\"en-US\"},{\"@type\":[\"Organization\",\"Place\"],\"@id\":\"https:\\\/\\\/apgrejd.com\\\/#organization\",\"name\":\"Apgrejd\",\"url\":\"https:\\\/\\\/apgrejd.com\\\/\",\"logo\":{\"@id\":\"https:\\\/\\\/apgrejd.com\\\/proizvod\\\/windows-11-pro-licenca\\\/#local-main-organization-logo\"},\"image\":{\"@id\":\"https:\\\/\\\/apgrejd.com\\\/proizvod\\\/windows-11-pro-licenca\\\/#local-main-organization-logo\"},\"sameAs\":[\"https:\\\/\\\/www.instagram.com\\\/apgrejduj_shop\"],\"openingHoursSpecification\":[{\"@type\":\"OpeningHoursSpecification\",\"dayOfWeek\":[\"Monday\",\"Tuesday\",\"Wednesday\",\"Thursday\",\"Friday\",\"Saturday\",\"Sunday\"],\"opens\":\"09:00\",\"closes\":\"17:00\"}]},{\"@type\":\"ImageObject\",\"inLanguage\":\"en-US\",\"@id\":\"https:\\\/\\\/apgrejd.com\\\/proizvod\\\/windows-11-pro-licenca\\\/#local-main-organization-logo\",\"url\":\"https:\\\/\\\/apgrejd.com\\\/wp-content\\\/uploads\\\/2022\\\/01\\\/cropped-155314956_467576731609892_1539415141695492301_n-removebg-preview.png\",\"contentUrl\":\"https:\\\/\\\/apgrejd.com\\\/wp-content\\\/uploads\\\/2022\\\/01\\\/cropped-155314956_467576731609892_1539415141695492301_n-removebg-preview.png\",\"width\":512,\"height\":512,\"caption\":\"Apgrejd\"}]}<\/script>\n<meta property=\"product:price:amount\" content=\"13\" \/>\n<meta property=\"product:price:currency\" content=\"EUR\" \/>\n<meta property=\"og:availability\" content=\"instock\" \/>\n<meta property=\"product:availability\" content=\"instock\" \/>\n<meta property=\"product:retailer_item_id\" content=\"10344\" \/>\n<meta property=\"product:condition\" content=\"new\" \/>\n<!-- \/ Yoast SEO Premium plugin. -->","yoast_head_json":{"title":"Windows 11 Pro - Licenca - Apgrejd","description":"Windows 11 Pro donosi moderan dizajn, bolju produktivnost, podr\u0161ku za Android aplikacije, optimizovane performanse i unapre\u0111ene mogu\u0107nosti za posao.","robots":{"index":"index","follow":"follow","max-snippet":"max-snippet:-1","max-image-preview":"max-image-preview:large","max-video-preview":"max-video-preview:-1"},"canonical":"https:\/\/apgrejd.com\/proizvod\/windows-11-pro-licenca\/","og_locale":"en_US","og_type":"article","og_title":"Windows 11 Pro - Licenca","og_description":"Windows 11 Pro donosi moderan dizajn, bolju produktivnost, podr\u0161ku za Android aplikacije, optimizovane performanse i unapre\u0111ene mogu\u0107nosti za posao.","og_url":"https:\/\/apgrejd.com\/proizvod\/windows-11-pro-licenca\/","og_site_name":"Apgrejd","article_modified_time":"2026-05-06T10:08:04+00:00","og_image":[{"width":1080,"height":1080,"url":"https:\/\/apgrejd.com\/wp-content\/uploads\/2022\/09\/windows-11-pro-licenca-cena-prodaja-srbija.webp","type":"image\/webp"}],"twitter_card":"summary_large_image","twitter_misc":{"Price":"13&nbsp;&euro;","Availability":"In stock"},"schema":{"@context":"https:\/\/schema.org","@graph":[{"@type":"WebPage","@id":"https:\/\/apgrejd.com\/proizvod\/windows-11-pro-licenca\/","url":"https:\/\/apgrejd.com\/proizvod\/windows-11-pro-licenca\/","name":"Windows 11 Pro - Licenca - Apgrejd","isPartOf":{"@id":"https:\/\/apgrejd.com\/#website"},"primaryImageOfPage":{"@id":"https:\/\/apgrejd.com\/proizvod\/windows-11-pro-licenca\/#primaryimage"},"image":{"@id":"https:\/\/apgrejd.com\/proizvod\/windows-11-pro-licenca\/#primaryimage"},"thumbnailUrl":"https:\/\/apgrejd.com\/wp-content\/uploads\/2022\/09\/windows-11-pro-licenca-cena-prodaja-srbija.webp","datePublished":"2022-09-28T18:52:10+00:00","dateModified":"2026-05-06T10:08:04+00:00","description":"Windows 11 Pro donosi moderan dizajn, bolju produktivnost, podr\u0161ku za Android aplikacije, optimizovane performanse i unapre\u0111ene mogu\u0107nosti za posao.","breadcrumb":{"@id":"https:\/\/apgrejd.com\/proizvod\/windows-11-pro-licenca\/#breadcrumb"},"inLanguage":"en-US","potentialAction":[{"@type":"ReadAction","target":["https:\/\/apgrejd.com\/proizvod\/windows-11-pro-licenca\/"]}]},{"@type":"ImageObject","inLanguage":"en-US","@id":"https:\/\/apgrejd.com\/proizvod\/windows-11-pro-licenca\/#primaryimage","url":"https:\/\/apgrejd.com\/wp-content\/uploads\/2022\/09\/windows-11-pro-licenca-cena-prodaja-srbija.webp","contentUrl":"https:\/\/apgrejd.com\/wp-content\/uploads\/2022\/09\/windows-11-pro-licenca-cena-prodaja-srbija.webp","width":1080,"height":1080,"caption":"windows 11 pro licenca cena prodaja srbija oem retail"},{"@type":"BreadcrumbList","@id":"https:\/\/apgrejd.com\/proizvod\/windows-11-pro-licenca\/#breadcrumb","itemListElement":[{"@type":"ListItem","position":1,"name":"Po\u010detna","item":"https:\/\/apgrejd.com\/"},{"@type":"ListItem","position":2,"name":"Shop","item":"https:\/\/apgrejd.com\/shop\/"},{"@type":"ListItem","position":3,"name":"Windows 11 Pro &#8211; Licenca"}]},{"@type":"WebSite","@id":"https:\/\/apgrejd.com\/#website","url":"https:\/\/apgrejd.com\/","name":"Apgrejd","description":"","publisher":{"@id":"https:\/\/apgrejd.com\/#organization"},"potentialAction":[{"@type":"SearchAction","target":{"@type":"EntryPoint","urlTemplate":"https:\/\/apgrejd.com\/?s={search_term_string}"},"query-input":{"@type":"PropertyValueSpecification","valueRequired":true,"valueName":"search_term_string"}}],"inLanguage":"en-US"},{"@type":["Organization","Place"],"@id":"https:\/\/apgrejd.com\/#organization","name":"Apgrejd","url":"https:\/\/apgrejd.com\/","logo":{"@id":"https:\/\/apgrejd.com\/proizvod\/windows-11-pro-licenca\/#local-main-organization-logo"},"image":{"@id":"https:\/\/apgrejd.com\/proizvod\/windows-11-pro-licenca\/#local-main-organization-logo"},"sameAs":["https:\/\/www.instagram.com\/apgrejduj_shop"],"openingHoursSpecification":[{"@type":"OpeningHoursSpecification","dayOfWeek":["Monday","Tuesday","Wednesday","Thursday","Friday","Saturday","Sunday"],"opens":"09:00","closes":"17:00"}]},{"@type":"ImageObject","inLanguage":"en-US","@id":"https:\/\/apgrejd.com\/proizvod\/windows-11-pro-licenca\/#local-main-organization-logo","url":"https:\/\/apgrejd.com\/wp-content\/uploads\/2022\/01\/cropped-155314956_467576731609892_1539415141695492301_n-removebg-preview.png","contentUrl":"https:\/\/apgrejd.com\/wp-content\/uploads\/2022\/01\/cropped-155314956_467576731609892_1539415141695492301_n-removebg-preview.png","width":512,"height":512,"caption":"Apgrejd"}]},"product_price_amount":"13","product_price_currency":"EUR","og_availability":"instock","product_availability":"instock","product_retailer_item_id":"10344","product_condition":"new"},"jetpack_sharing_enabled":true,"_links":{"self":[{"href":"https:\/\/apgrejd.com\/en\/wp-json\/wp\/v2\/product\/10344","targetHints":{"allow":["GET"]}}],"collection":[{"href":"https:\/\/apgrejd.com\/en\/wp-json\/wp\/v2\/product"}],"about":[{"href":"https:\/\/apgrejd.com\/en\/wp-json\/wp\/v2\/types\/product"}],"replies":[{"embeddable":true,"href":"https:\/\/apgrejd.com\/en\/wp-json\/wp\/v2\/comments?post=10344"}],"wp:featuredmedia":[{"embeddable":true,"href":"https:\/\/apgrejd.com\/en\/wp-json\/wp\/v2\/media\/13160"}],"wp:attachment":[{"href":"https:\/\/apgrejd.com\/en\/wp-json\/wp\/v2\/media?parent=10344"}],"wp:term":[{"taxonomy":"product_brand","embeddable":true,"href":"https:\/\/apgrejd.com\/en\/wp-json\/wp\/v2\/product_brand?post=10344"},{"taxonomy":"product_cat","embeddable":true,"href":"https:\/\/apgrejd.com\/en\/wp-json\/wp\/v2\/product_cat?post=10344"},{"taxonomy":"product_tag","embeddable":true,"href":"https:\/\/apgrejd.com\/en\/wp-json\/wp\/v2\/product_tag?post=10344"}],"curies":[{"name":"wp","href":"https:\/\/api.w.org\/{rel}","templated":true}]}}