{"id":10909,"date":"2023-04-20T00:32:30","date_gmt":"2023-04-19T22:32:30","guid":{"rendered":"https:\/\/apgrejd.com\/?post_type=product&#038;p=10909"},"modified":"2025-09-25T07:55:32","modified_gmt":"2025-09-25T06:55:32","slug":"hbo-max-1-godina","status":"publish","type":"product","link":"https:\/\/apgrejd.com\/en\/proizvod\/hbo-max-1-godina\/","title":{"rendered":"Max (Stari HBO Max) &#8211; Pretplata (1 godina)"},"content":{"rendered":"<p>Obogatite svoje iskustvo gledanja sa HBO Max pretplatom na godinu dana, pru\u017eaju\u0107i vam neograni\u010den pristup raznovrsnom svetu zabave. Ova ekskluzivna pretplata, dostupna za samo 25\u20ac ili 35\u20ac umesto uobi\u010dajenih 84\u20ac, pru\u017ea \u0161irok spektar sadr\u017eaja koji \u0107e zadovoljiti razli\u010dite ukuse.<\/p>\n<p>\ud83c\udfac <strong>Najnoviji Filmovi:<\/strong> U\u017eivajte u premijernim naslovima iz sveta filma, sa ekskluzivnim pravima na neke od najtra\u017eenijih filmskih ostvarenja.<\/p>\n<p>\ud83d\udcfa <strong>Vrhunske Serije:<\/strong> Zaronite u uzbudljive svetove najnovijih serija, uklju\u010duju\u0107i i originalne HBO hitove koje ne mo\u017eete prona\u0107i nigde drugde.<\/p>\n<p>\ud83c\udf10 <strong>\u0160irok Spektar \u017danrova:<\/strong> Bez obzira na to da li volite dramu, komediju, triler ili nau\u010dnu fantastiku, HBO Max nudi bogat izbor \u017eanrova kako bi zadovoljio raznovrsne ukuse.<\/p>\n<p>\ud83c\udfc6 <strong>Originalni HBO Sadr\u017eaj:<\/strong> Pristupite ekskluzivnim serijama i filmovima koje mo\u017eete gledati samo na HBO-u, pru\u017eaju\u0107i vam nezaboravna iskustva.<\/p>\n<p>\ud83d\udcf1 <strong>Pristup na Vi\u0161e Ure\u0111aja:<\/strong> Gledajte svoje omiljene sadr\u017eaje kad god \u017eelite i gde god se nalazili, sa podr\u0161kom na razli\u010ditim ure\u0111ajima.<\/p>\n<p>Ne \u010dekajte! Pretplatite se danas i zakora\u010dite u svet neograni\u010dene zabave sa HBO Max-om. Iskusite vrhunski kvalitet i raznolikost sadr\u017eaja, sve to po izuzetnoj ceni.<\/p>\n","protected":false},"excerpt":{"rendered":"<p>Otkrijte vrhunski svet zabave s HBO Max! Pretplatite se na godinu dana neograni\u010denog pristupa za samo 25\u20ac ili 35\u20ac. U\u017eivajte u najnovijim filmovima, serijama i ekskluzivnom HBO sadr\u017eaju. Sve to, jednostavno i pristupa\u010dno. Pretplatite se odmah i donesite vi\u0161e uzbudjenja u svoj svakodnevni \u017eivot<\/p>\n","protected":false},"featured_media":13114,"comment_status":"open","ping_status":"closed","template":"","meta":{"_mi_skip_tracking":false,"_monsterinsights_sitenote_active":false,"_monsterinsights_sitenote_note":"","_monsterinsights_sitenote_category":0},"product_brand":[],"product_cat":[15],"product_tag":[214,216,213,215],"class_list":{"0":"post-10909","1":"product","2":"type-product","3":"status-publish","4":"has-post-thumbnail","6":"product_cat-streaming-servisi","7":"product_tag-filmovi","8":"product_tag-hbo","9":"product_tag-hbo-max","10":"product_tag-movies","12":"first","13":"outofstock","14":"shipping-taxable","15":"purchasable","16":"product-type-variable"},"exclude_global_add_ons":false,"addons":[{"name":"Email","type":"custom_text","position":0,"required":false,"title_format":"label","default":"","description_enable":true,"description":"*Samo pri odabiru opcije \u201cNa va\u0161em nalogu\u201d unesite email bez postoje\u0107eg naloga, jer \u0107emo na taj email kreirati nalog i aktivirati pretplatu.","placeholder_enable":false,"placeholder":"","display":"select","restrictions_type":"any_text","adjust_price":false,"price":"","price_type":"flat_fee","restrictions":false,"min":"0","max":"0","options":[],"id":1722439448}],"yoast_head":"<!-- This site is optimized with the Yoast SEO Premium plugin v26.3 (Yoast SEO v27.5) - https:\/\/yoast.com\/product\/yoast-seo-premium-wordpress\/ -->\n<title>Max (Stari HBO Max) - Pretplata (1 godina) - Apgrejd<\/title>\n<meta name=\"robots\" content=\"index, follow, max-snippet:-1, max-image-preview:large, max-video-preview:-1\" \/>\n<link rel=\"canonical\" href=\"https:\/\/apgrejd.com\/proizvod\/hbo-max-1-godina\/\" \/>\n<meta property=\"og:locale\" content=\"en_US\" \/>\n<meta property=\"og:type\" content=\"article\" \/>\n<meta property=\"og:title\" content=\"Max (Stari HBO Max) - Pretplata (1 godina)\" \/>\n<meta property=\"og:description\" content=\"Otkrijte vrhunski svet zabave s HBO Max! Pretplatite se na godinu dana neograni\u010denog pristupa za samo 25\u20ac ili 35\u20ac. U\u017eivajte u najnovijim filmovima, serijama i ekskluzivnom HBO sadr\u017eaju. Sve to, jednostavno i pristupa\u010dno. Pretplatite se odmah i donesite vi\u0161e uzbudjenja u svoj svakodnevni \u017eivot\" \/>\n<meta property=\"og:url\" content=\"https:\/\/apgrejd.com\/proizvod\/hbo-max-1-godina\/\" \/>\n<meta property=\"og:site_name\" content=\"Apgrejd\" \/>\n<meta property=\"article:modified_time\" content=\"2025-09-25T06:55:32+00:00\" \/>\n<meta property=\"og:image\" content=\"https:\/\/apgrejd.com\/wp-content\/uploads\/2023\/04\/hbo-max-1-godina-pretplata-cena-prodaja-srbija.webp\" \/>\n\t<meta property=\"og:image:width\" content=\"1080\" \/>\n\t<meta property=\"og:image:height\" content=\"1080\" \/>\n\t<meta property=\"og:image:type\" content=\"image\/webp\" \/>\n<meta name=\"twitter:card\" content=\"summary_large_image\" \/>\n<meta name=\"twitter:label1\" content=\"Availability\" \/>\n\t<meta name=\"twitter:data1\" content=\"Out of stock\" \/>\n<script type=\"application\/ld+json\" class=\"yoast-schema-graph\">{\"@context\":\"https:\\\/\\\/schema.org\",\"@graph\":[{\"@type\":\"WebPage\",\"@id\":\"https:\\\/\\\/apgrejd.com\\\/proizvod\\\/hbo-max-1-godina\\\/\",\"url\":\"https:\\\/\\\/apgrejd.com\\\/proizvod\\\/hbo-max-1-godina\\\/\",\"name\":\"Max (Stari HBO Max) - Pretplata (1 godina) - Apgrejd\",\"isPartOf\":{\"@id\":\"https:\\\/\\\/apgrejd.com\\\/#website\"},\"primaryImageOfPage\":{\"@id\":\"https:\\\/\\\/apgrejd.com\\\/proizvod\\\/hbo-max-1-godina\\\/#primaryimage\"},\"image\":{\"@id\":\"https:\\\/\\\/apgrejd.com\\\/proizvod\\\/hbo-max-1-godina\\\/#primaryimage\"},\"thumbnailUrl\":\"https:\\\/\\\/apgrejd.com\\\/wp-content\\\/uploads\\\/2023\\\/04\\\/hbo-max-1-godina-pretplata-cena-prodaja-srbija.webp\",\"datePublished\":\"2023-04-19T22:32:30+00:00\",\"dateModified\":\"2025-09-25T06:55:32+00:00\",\"breadcrumb\":{\"@id\":\"https:\\\/\\\/apgrejd.com\\\/proizvod\\\/hbo-max-1-godina\\\/#breadcrumb\"},\"inLanguage\":\"en-US\",\"potentialAction\":[{\"@type\":\"ReadAction\",\"target\":[\"https:\\\/\\\/apgrejd.com\\\/proizvod\\\/hbo-max-1-godina\\\/\"]}]},{\"@type\":\"ImageObject\",\"inLanguage\":\"en-US\",\"@id\":\"https:\\\/\\\/apgrejd.com\\\/proizvod\\\/hbo-max-1-godina\\\/#primaryimage\",\"url\":\"https:\\\/\\\/apgrejd.com\\\/wp-content\\\/uploads\\\/2023\\\/04\\\/hbo-max-1-godina-pretplata-cena-prodaja-srbija.webp\",\"contentUrl\":\"https:\\\/\\\/apgrejd.com\\\/wp-content\\\/uploads\\\/2023\\\/04\\\/hbo-max-1-godina-pretplata-cena-prodaja-srbija.webp\",\"width\":1080,\"height\":1080,\"caption\":\"hbo max 1 godina pretplata cena prodaja srbija\"},{\"@type\":\"BreadcrumbList\",\"@id\":\"https:\\\/\\\/apgrejd.com\\\/proizvod\\\/hbo-max-1-godina\\\/#breadcrumb\",\"itemListElement\":[{\"@type\":\"ListItem\",\"position\":1,\"name\":\"Po\u010detna\",\"item\":\"https:\\\/\\\/apgrejd.com\\\/\"},{\"@type\":\"ListItem\",\"position\":2,\"name\":\"Shop\",\"item\":\"https:\\\/\\\/apgrejd.com\\\/shop\\\/\"},{\"@type\":\"ListItem\",\"position\":3,\"name\":\"Max (Stari HBO Max) &#8211; Pretplata (1 godina)\"}]},{\"@type\":\"WebSite\",\"@id\":\"https:\\\/\\\/apgrejd.com\\\/#website\",\"url\":\"https:\\\/\\\/apgrejd.com\\\/\",\"name\":\"Apgrejd\",\"description\":\"\",\"publisher\":{\"@id\":\"https:\\\/\\\/apgrejd.com\\\/#organization\"},\"potentialAction\":[{\"@type\":\"SearchAction\",\"target\":{\"@type\":\"EntryPoint\",\"urlTemplate\":\"https:\\\/\\\/apgrejd.com\\\/?s={search_term_string}\"},\"query-input\":{\"@type\":\"PropertyValueSpecification\",\"valueRequired\":true,\"valueName\":\"search_term_string\"}}],\"inLanguage\":\"en-US\"},{\"@type\":[\"Organization\",\"Place\"],\"@id\":\"https:\\\/\\\/apgrejd.com\\\/#organization\",\"name\":\"Apgrejd\",\"url\":\"https:\\\/\\\/apgrejd.com\\\/\",\"logo\":{\"@id\":\"https:\\\/\\\/apgrejd.com\\\/proizvod\\\/hbo-max-1-godina\\\/#local-main-organization-logo\"},\"image\":{\"@id\":\"https:\\\/\\\/apgrejd.com\\\/proizvod\\\/hbo-max-1-godina\\\/#local-main-organization-logo\"},\"sameAs\":[\"https:\\\/\\\/www.instagram.com\\\/apgrejduj_shop\"],\"openingHoursSpecification\":[{\"@type\":\"OpeningHoursSpecification\",\"dayOfWeek\":[\"Monday\",\"Tuesday\",\"Wednesday\",\"Thursday\",\"Friday\",\"Saturday\",\"Sunday\"],\"opens\":\"09:00\",\"closes\":\"17:00\"}]},{\"@type\":\"ImageObject\",\"inLanguage\":\"en-US\",\"@id\":\"https:\\\/\\\/apgrejd.com\\\/proizvod\\\/hbo-max-1-godina\\\/#local-main-organization-logo\",\"url\":\"https:\\\/\\\/apgrejd.com\\\/wp-content\\\/uploads\\\/2022\\\/01\\\/cropped-155314956_467576731609892_1539415141695492301_n-removebg-preview.png\",\"contentUrl\":\"https:\\\/\\\/apgrejd.com\\\/wp-content\\\/uploads\\\/2022\\\/01\\\/cropped-155314956_467576731609892_1539415141695492301_n-removebg-preview.png\",\"width\":512,\"height\":512,\"caption\":\"Apgrejd\"}]}<\/script>\n<meta property=\"og:availability\" content=\"out of stock\" \/>\n<meta property=\"product:availability\" content=\"out of stock\" \/>\n<meta property=\"product:retailer_item_id\" content=\"10909\" \/>\n<meta property=\"product:condition\" content=\"new\" \/>\n<!-- \/ Yoast SEO Premium plugin. -->","yoast_head_json":{"title":"Max (Stari HBO Max) - Pretplata (1 godina) - Apgrejd","robots":{"index":"index","follow":"follow","max-snippet":"max-snippet:-1","max-image-preview":"max-image-preview:large","max-video-preview":"max-video-preview:-1"},"canonical":"https:\/\/apgrejd.com\/proizvod\/hbo-max-1-godina\/","og_locale":"en_US","og_type":"article","og_title":"Max (Stari HBO Max) - Pretplata (1 godina)","og_description":"Otkrijte vrhunski svet zabave s HBO Max! Pretplatite se na godinu dana neograni\u010denog pristupa za samo 25\u20ac ili 35\u20ac. U\u017eivajte u najnovijim filmovima, serijama i ekskluzivnom HBO sadr\u017eaju. Sve to, jednostavno i pristupa\u010dno. Pretplatite se odmah i donesite vi\u0161e uzbudjenja u svoj svakodnevni \u017eivot","og_url":"https:\/\/apgrejd.com\/proizvod\/hbo-max-1-godina\/","og_site_name":"Apgrejd","article_modified_time":"2025-09-25T06:55:32+00:00","og_image":[{"width":1080,"height":1080,"url":"https:\/\/apgrejd.com\/wp-content\/uploads\/2023\/04\/hbo-max-1-godina-pretplata-cena-prodaja-srbija.webp","type":"image\/webp"}],"twitter_card":"summary_large_image","twitter_misc":{"Availability":"Out of stock"},"schema":{"@context":"https:\/\/schema.org","@graph":[{"@type":"WebPage","@id":"https:\/\/apgrejd.com\/proizvod\/hbo-max-1-godina\/","url":"https:\/\/apgrejd.com\/proizvod\/hbo-max-1-godina\/","name":"Max (Stari HBO Max) - Pretplata (1 godina) - Apgrejd","isPartOf":{"@id":"https:\/\/apgrejd.com\/#website"},"primaryImageOfPage":{"@id":"https:\/\/apgrejd.com\/proizvod\/hbo-max-1-godina\/#primaryimage"},"image":{"@id":"https:\/\/apgrejd.com\/proizvod\/hbo-max-1-godina\/#primaryimage"},"thumbnailUrl":"https:\/\/apgrejd.com\/wp-content\/uploads\/2023\/04\/hbo-max-1-godina-pretplata-cena-prodaja-srbija.webp","datePublished":"2023-04-19T22:32:30+00:00","dateModified":"2025-09-25T06:55:32+00:00","breadcrumb":{"@id":"https:\/\/apgrejd.com\/proizvod\/hbo-max-1-godina\/#breadcrumb"},"inLanguage":"en-US","potentialAction":[{"@type":"ReadAction","target":["https:\/\/apgrejd.com\/proizvod\/hbo-max-1-godina\/"]}]},{"@type":"ImageObject","inLanguage":"en-US","@id":"https:\/\/apgrejd.com\/proizvod\/hbo-max-1-godina\/#primaryimage","url":"https:\/\/apgrejd.com\/wp-content\/uploads\/2023\/04\/hbo-max-1-godina-pretplata-cena-prodaja-srbija.webp","contentUrl":"https:\/\/apgrejd.com\/wp-content\/uploads\/2023\/04\/hbo-max-1-godina-pretplata-cena-prodaja-srbija.webp","width":1080,"height":1080,"caption":"hbo max 1 godina pretplata cena prodaja srbija"},{"@type":"BreadcrumbList","@id":"https:\/\/apgrejd.com\/proizvod\/hbo-max-1-godina\/#breadcrumb","itemListElement":[{"@type":"ListItem","position":1,"name":"Po\u010detna","item":"https:\/\/apgrejd.com\/"},{"@type":"ListItem","position":2,"name":"Shop","item":"https:\/\/apgrejd.com\/shop\/"},{"@type":"ListItem","position":3,"name":"Max (Stari HBO Max) &#8211; Pretplata (1 godina)"}]},{"@type":"WebSite","@id":"https:\/\/apgrejd.com\/#website","url":"https:\/\/apgrejd.com\/","name":"Apgrejd","description":"","publisher":{"@id":"https:\/\/apgrejd.com\/#organization"},"potentialAction":[{"@type":"SearchAction","target":{"@type":"EntryPoint","urlTemplate":"https:\/\/apgrejd.com\/?s={search_term_string}"},"query-input":{"@type":"PropertyValueSpecification","valueRequired":true,"valueName":"search_term_string"}}],"inLanguage":"en-US"},{"@type":["Organization","Place"],"@id":"https:\/\/apgrejd.com\/#organization","name":"Apgrejd","url":"https:\/\/apgrejd.com\/","logo":{"@id":"https:\/\/apgrejd.com\/proizvod\/hbo-max-1-godina\/#local-main-organization-logo"},"image":{"@id":"https:\/\/apgrejd.com\/proizvod\/hbo-max-1-godina\/#local-main-organization-logo"},"sameAs":["https:\/\/www.instagram.com\/apgrejduj_shop"],"openingHoursSpecification":[{"@type":"OpeningHoursSpecification","dayOfWeek":["Monday","Tuesday","Wednesday","Thursday","Friday","Saturday","Sunday"],"opens":"09:00","closes":"17:00"}]},{"@type":"ImageObject","inLanguage":"en-US","@id":"https:\/\/apgrejd.com\/proizvod\/hbo-max-1-godina\/#local-main-organization-logo","url":"https:\/\/apgrejd.com\/wp-content\/uploads\/2022\/01\/cropped-155314956_467576731609892_1539415141695492301_n-removebg-preview.png","contentUrl":"https:\/\/apgrejd.com\/wp-content\/uploads\/2022\/01\/cropped-155314956_467576731609892_1539415141695492301_n-removebg-preview.png","width":512,"height":512,"caption":"Apgrejd"}]},"og_availability":"out of stock","product_availability":"out of stock","product_retailer_item_id":"10909","product_condition":"new"},"jetpack_sharing_enabled":true,"_links":{"self":[{"href":"https:\/\/apgrejd.com\/en\/wp-json\/wp\/v2\/product\/10909","targetHints":{"allow":["GET"]}}],"collection":[{"href":"https:\/\/apgrejd.com\/en\/wp-json\/wp\/v2\/product"}],"about":[{"href":"https:\/\/apgrejd.com\/en\/wp-json\/wp\/v2\/types\/product"}],"replies":[{"embeddable":true,"href":"https:\/\/apgrejd.com\/en\/wp-json\/wp\/v2\/comments?post=10909"}],"wp:featuredmedia":[{"embeddable":true,"href":"https:\/\/apgrejd.com\/en\/wp-json\/wp\/v2\/media\/13114"}],"wp:attachment":[{"href":"https:\/\/apgrejd.com\/en\/wp-json\/wp\/v2\/media?parent=10909"}],"wp:term":[{"taxonomy":"product_brand","embeddable":true,"href":"https:\/\/apgrejd.com\/en\/wp-json\/wp\/v2\/product_brand?post=10909"},{"taxonomy":"product_cat","embeddable":true,"href":"https:\/\/apgrejd.com\/en\/wp-json\/wp\/v2\/product_cat?post=10909"},{"taxonomy":"product_tag","embeddable":true,"href":"https:\/\/apgrejd.com\/en\/wp-json\/wp\/v2\/product_tag?post=10909"}],"curies":[{"name":"wp","href":"https:\/\/api.w.org\/{rel}","templated":true}]}}