{"id":12011,"date":"2023-12-12T16:26:13","date_gmt":"2023-12-12T15:26:13","guid":{"rendered":"https:\/\/apgrejd.com\/?post_type=product&#038;p=12011"},"modified":"2025-08-07T14:32:56","modified_gmt":"2025-08-07T13:32:56","slug":"picsart-1-godina-pretplata","status":"publish","type":"product","link":"https:\/\/apgrejd.com\/en\/proizvod\/picsart-1-godina-pretplata\/","title":{"rendered":"Picsart &#8211; 1 godina"},"content":{"rendered":"<p>PicsArt &#8211; 1 godina nudi jedinstveno iskustvo ure\u0111ivanja fotografija, kreiranja kola\u017ea, crtanja, animiranja i jo\u0161 mnogo toga. Sa premium pristupom, korisnici \u0107e imati ekskluzivan pristup naprednim alatima, filterima i efektima kako bi svoje fotografije pretvorili u prava umetni\u010dka dela. Sa neograni\u010denim pristupom premium sadr\u017eajima, korisnici mogu u\u017eivati u \u0161irokom spektru slika, \u0161ablona i fontova za beskrajnu kreativnost.<\/p>\n<p><strong>Za\u0161to je dobar:<\/strong> PicsArt ne samo da pru\u017ea vrhunske alate za ure\u0111ivanje, ve\u0107 i podsti\u010de zajednicu kreativaca. Kroz funkcije kao \u0161to su deljenje sadr\u017eaja, komentari i u\u010destvovanje u izazovima, PicsArt stvara inspirativan prostor za ljude svih nivoa ve\u0161tina. Sa mogu\u0107no\u0161\u0107u pristupa profesionalnim alatima, korisnici \u0107e do\u017eiveti jednostavnost stvaranja remek-dela iz vlastitog doma.<\/p>\n<p><strong>\u0160ta sve ima:<\/strong><\/p>\n<ul>\n<li><strong>Napredni alati za ure\u0111ivanje:<\/strong> Korisnici mogu prilagoditi boje, kontrast, svetlost i dodati specifi\u010dne efekte kako bi postigli \u017eeljeni izgled svojih fotografija.<\/li>\n<li><strong>Kola\u017ei i monta\u017ee:<\/strong> Mogu\u0107nost stvaranja impresivnih kola\u017ea i monta\u017ea uz jednostavan drag-and-drop sistem.<\/li>\n<li><strong>Crtanje i ilustracije:<\/strong> Unapred postavljeni alati za crtanje omogu\u0107uju korisnicima da stvore vlastite ilustracije ili dodaju li\u010dni pe\u010dat svojim fotografijama.<\/li>\n<li><strong>Animacije:<\/strong> Kreiranje dinami\u010dnih animacija pomo\u0107u jednostavnih alata dostupnih na platformi.<\/li>\n<li><strong>Premium sadr\u017eaji:<\/strong> Neograni\u010den pristup ekskluzivnim filterima, fontovima i \u0161ablonima koji \u0107e dodati profesionalni izgled kreativnim projektima.<\/li>\n<\/ul>\n","protected":false},"excerpt":{"rendered":"<p>PicsArt je sveobuhvatna kreativna platforma koja pru\u017ea neverojatne mogu\u0107nosti za ure\u0111ivanje fotografija i stvaranje umetni\u010dkih dela na jednostavan i pristupa\u010dan na\u010din. Ovaj proizvod, s licencom od jedne godine, omogu\u0107ava korisnicima da otklju\u010daju puni potencijal svoje kreativnosti uz bogate alate i resurse dostupne na platformi.<\/p>\n","protected":false},"featured_media":12012,"comment_status":"open","ping_status":"closed","template":"","meta":{"_mi_skip_tracking":false,"_monsterinsights_sitenote_active":false,"_monsterinsights_sitenote_note":"","_monsterinsights_sitenote_category":0},"product_brand":[],"product_cat":[276],"product_tag":[],"class_list":{"0":"post-12011","1":"product","2":"type-product","3":"status-publish","4":"has-post-thumbnail","6":"product_cat-mobilne-aplikacije","8":"first","9":"instock","10":"shipping-taxable","11":"purchasable","12":"product-type-simple"},"exclude_global_add_ons":false,"addons":[{"name":"Email:","type":"custom_text","position":0,"required":true,"title_format":"label","default":"","description_enable":false,"description":"","placeholder_enable":false,"placeholder":"","display":"select","restrictions_type":"any_text","adjust_price":false,"price":"","price_type":"flat_fee","restrictions":false,"min":"0","max":"0","options":[],"id":1722438981},{"name":"Password:","type":"custom_text","position":1,"required":true,"title_format":"label","default":"","description_enable":false,"description":"","placeholder_enable":false,"placeholder":"","display":"select","restrictions_type":"any_text","adjust_price":false,"price":"","price_type":"flat_fee","restrictions":false,"min":"0","max":"0","options":[],"id":1722438982}],"yoast_head":"<!-- This site is optimized with the Yoast SEO Premium plugin v26.3 (Yoast SEO v27.5) - https:\/\/yoast.com\/product\/yoast-seo-premium-wordpress\/ -->\n<title>Picsart - 1 godina - Apgrejd<\/title>\n<meta name=\"robots\" content=\"index, follow, max-snippet:-1, max-image-preview:large, max-video-preview:-1\" \/>\n<link rel=\"canonical\" href=\"https:\/\/apgrejd.com\/proizvod\/picsart-1-godina-pretplata\/\" \/>\n<meta property=\"og:locale\" content=\"en_US\" \/>\n<meta property=\"og:type\" content=\"article\" \/>\n<meta property=\"og:title\" content=\"Picsart - 1 godina\" \/>\n<meta property=\"og:description\" content=\"PicsArt je sveobuhvatna kreativna platforma koja pru\u017ea neverojatne mogu\u0107nosti za ure\u0111ivanje fotografija i stvaranje umetni\u010dkih dela na jednostavan i pristupa\u010dan na\u010din. Ovaj proizvod, s licencom od jedne godine, omogu\u0107ava korisnicima da otklju\u010daju puni potencijal svoje kreativnosti uz bogate alate i resurse dostupne na platformi.\" \/>\n<meta property=\"og:url\" content=\"https:\/\/apgrejd.com\/proizvod\/picsart-1-godina-pretplata\/\" \/>\n<meta property=\"og:site_name\" content=\"Apgrejd\" \/>\n<meta property=\"article:modified_time\" content=\"2025-08-07T13:32:56+00:00\" \/>\n<meta property=\"og:image\" content=\"https:\/\/apgrejd.com\/wp-content\/uploads\/2023\/12\/Picsart-1-godina-pretplata.png\" \/>\n\t<meta property=\"og:image:width\" content=\"1080\" \/>\n\t<meta property=\"og:image:height\" content=\"1080\" \/>\n\t<meta property=\"og:image:type\" content=\"image\/png\" \/>\n<meta name=\"twitter:card\" content=\"summary_large_image\" \/>\n<meta name=\"twitter:label1\" content=\"Price\" \/>\n\t<meta name=\"twitter:data1\" content=\"30&nbsp;&euro;\" \/>\n\t<meta name=\"twitter:label2\" content=\"Availability\" \/>\n\t<meta name=\"twitter:data2\" content=\"In stock\" \/>\n<script type=\"application\/ld+json\" class=\"yoast-schema-graph\">{\"@context\":\"https:\\\/\\\/schema.org\",\"@graph\":[{\"@type\":\"WebPage\",\"@id\":\"https:\\\/\\\/apgrejd.com\\\/proizvod\\\/picsart-1-godina-pretplata\\\/\",\"url\":\"https:\\\/\\\/apgrejd.com\\\/proizvod\\\/picsart-1-godina-pretplata\\\/\",\"name\":\"Picsart - 1 godina - Apgrejd\",\"isPartOf\":{\"@id\":\"https:\\\/\\\/apgrejd.com\\\/#website\"},\"primaryImageOfPage\":{\"@id\":\"https:\\\/\\\/apgrejd.com\\\/proizvod\\\/picsart-1-godina-pretplata\\\/#primaryimage\"},\"image\":{\"@id\":\"https:\\\/\\\/apgrejd.com\\\/proizvod\\\/picsart-1-godina-pretplata\\\/#primaryimage\"},\"thumbnailUrl\":\"https:\\\/\\\/apgrejd.com\\\/wp-content\\\/uploads\\\/2023\\\/12\\\/Picsart-1-godina-pretplata.png\",\"datePublished\":\"2023-12-12T15:26:13+00:00\",\"dateModified\":\"2025-08-07T13:32:56+00:00\",\"breadcrumb\":{\"@id\":\"https:\\\/\\\/apgrejd.com\\\/proizvod\\\/picsart-1-godina-pretplata\\\/#breadcrumb\"},\"inLanguage\":\"en-US\",\"potentialAction\":[{\"@type\":\"ReadAction\",\"target\":[\"https:\\\/\\\/apgrejd.com\\\/proizvod\\\/picsart-1-godina-pretplata\\\/\"]}]},{\"@type\":\"ImageObject\",\"inLanguage\":\"en-US\",\"@id\":\"https:\\\/\\\/apgrejd.com\\\/proizvod\\\/picsart-1-godina-pretplata\\\/#primaryimage\",\"url\":\"https:\\\/\\\/apgrejd.com\\\/wp-content\\\/uploads\\\/2023\\\/12\\\/Picsart-1-godina-pretplata.png\",\"contentUrl\":\"https:\\\/\\\/apgrejd.com\\\/wp-content\\\/uploads\\\/2023\\\/12\\\/Picsart-1-godina-pretplata.png\",\"width\":1080,\"height\":1080},{\"@type\":\"BreadcrumbList\",\"@id\":\"https:\\\/\\\/apgrejd.com\\\/proizvod\\\/picsart-1-godina-pretplata\\\/#breadcrumb\",\"itemListElement\":[{\"@type\":\"ListItem\",\"position\":1,\"name\":\"Po\u010detna\",\"item\":\"https:\\\/\\\/apgrejd.com\\\/\"},{\"@type\":\"ListItem\",\"position\":2,\"name\":\"Shop\",\"item\":\"https:\\\/\\\/apgrejd.com\\\/shop\\\/\"},{\"@type\":\"ListItem\",\"position\":3,\"name\":\"Picsart &#8211; 1 godina\"}]},{\"@type\":\"WebSite\",\"@id\":\"https:\\\/\\\/apgrejd.com\\\/#website\",\"url\":\"https:\\\/\\\/apgrejd.com\\\/\",\"name\":\"Apgrejd\",\"description\":\"\",\"publisher\":{\"@id\":\"https:\\\/\\\/apgrejd.com\\\/#organization\"},\"potentialAction\":[{\"@type\":\"SearchAction\",\"target\":{\"@type\":\"EntryPoint\",\"urlTemplate\":\"https:\\\/\\\/apgrejd.com\\\/?s={search_term_string}\"},\"query-input\":{\"@type\":\"PropertyValueSpecification\",\"valueRequired\":true,\"valueName\":\"search_term_string\"}}],\"inLanguage\":\"en-US\"},{\"@type\":[\"Organization\",\"Place\"],\"@id\":\"https:\\\/\\\/apgrejd.com\\\/#organization\",\"name\":\"Apgrejd\",\"url\":\"https:\\\/\\\/apgrejd.com\\\/\",\"logo\":{\"@id\":\"https:\\\/\\\/apgrejd.com\\\/proizvod\\\/picsart-1-godina-pretplata\\\/#local-main-organization-logo\"},\"image\":{\"@id\":\"https:\\\/\\\/apgrejd.com\\\/proizvod\\\/picsart-1-godina-pretplata\\\/#local-main-organization-logo\"},\"sameAs\":[\"https:\\\/\\\/www.instagram.com\\\/apgrejduj_shop\"],\"openingHoursSpecification\":[{\"@type\":\"OpeningHoursSpecification\",\"dayOfWeek\":[\"Monday\",\"Tuesday\",\"Wednesday\",\"Thursday\",\"Friday\",\"Saturday\",\"Sunday\"],\"opens\":\"09:00\",\"closes\":\"17:00\"}]},{\"@type\":\"ImageObject\",\"inLanguage\":\"en-US\",\"@id\":\"https:\\\/\\\/apgrejd.com\\\/proizvod\\\/picsart-1-godina-pretplata\\\/#local-main-organization-logo\",\"url\":\"https:\\\/\\\/apgrejd.com\\\/wp-content\\\/uploads\\\/2022\\\/01\\\/cropped-155314956_467576731609892_1539415141695492301_n-removebg-preview.png\",\"contentUrl\":\"https:\\\/\\\/apgrejd.com\\\/wp-content\\\/uploads\\\/2022\\\/01\\\/cropped-155314956_467576731609892_1539415141695492301_n-removebg-preview.png\",\"width\":512,\"height\":512,\"caption\":\"Apgrejd\"}]}<\/script>\n<meta property=\"product:price:amount\" content=\"30\" \/>\n<meta property=\"product:price:currency\" content=\"EUR\" \/>\n<meta property=\"og:availability\" content=\"instock\" \/>\n<meta property=\"product:availability\" content=\"instock\" \/>\n<meta property=\"product:retailer_item_id\" content=\"12011\" \/>\n<meta property=\"product:condition\" content=\"new\" \/>\n<!-- \/ Yoast SEO Premium plugin. -->","yoast_head_json":{"title":"Picsart - 1 godina - Apgrejd","robots":{"index":"index","follow":"follow","max-snippet":"max-snippet:-1","max-image-preview":"max-image-preview:large","max-video-preview":"max-video-preview:-1"},"canonical":"https:\/\/apgrejd.com\/proizvod\/picsart-1-godina-pretplata\/","og_locale":"en_US","og_type":"article","og_title":"Picsart - 1 godina","og_description":"PicsArt je sveobuhvatna kreativna platforma koja pru\u017ea neverojatne mogu\u0107nosti za ure\u0111ivanje fotografija i stvaranje umetni\u010dkih dela na jednostavan i pristupa\u010dan na\u010din. Ovaj proizvod, s licencom od jedne godine, omogu\u0107ava korisnicima da otklju\u010daju puni potencijal svoje kreativnosti uz bogate alate i resurse dostupne na platformi.","og_url":"https:\/\/apgrejd.com\/proizvod\/picsart-1-godina-pretplata\/","og_site_name":"Apgrejd","article_modified_time":"2025-08-07T13:32:56+00:00","og_image":[{"width":1080,"height":1080,"url":"https:\/\/apgrejd.com\/wp-content\/uploads\/2023\/12\/Picsart-1-godina-pretplata.png","type":"image\/png"}],"twitter_card":"summary_large_image","twitter_misc":{"Price":"30&nbsp;&euro;","Availability":"In stock"},"schema":{"@context":"https:\/\/schema.org","@graph":[{"@type":"WebPage","@id":"https:\/\/apgrejd.com\/proizvod\/picsart-1-godina-pretplata\/","url":"https:\/\/apgrejd.com\/proizvod\/picsart-1-godina-pretplata\/","name":"Picsart - 1 godina - Apgrejd","isPartOf":{"@id":"https:\/\/apgrejd.com\/#website"},"primaryImageOfPage":{"@id":"https:\/\/apgrejd.com\/proizvod\/picsart-1-godina-pretplata\/#primaryimage"},"image":{"@id":"https:\/\/apgrejd.com\/proizvod\/picsart-1-godina-pretplata\/#primaryimage"},"thumbnailUrl":"https:\/\/apgrejd.com\/wp-content\/uploads\/2023\/12\/Picsart-1-godina-pretplata.png","datePublished":"2023-12-12T15:26:13+00:00","dateModified":"2025-08-07T13:32:56+00:00","breadcrumb":{"@id":"https:\/\/apgrejd.com\/proizvod\/picsart-1-godina-pretplata\/#breadcrumb"},"inLanguage":"en-US","potentialAction":[{"@type":"ReadAction","target":["https:\/\/apgrejd.com\/proizvod\/picsart-1-godina-pretplata\/"]}]},{"@type":"ImageObject","inLanguage":"en-US","@id":"https:\/\/apgrejd.com\/proizvod\/picsart-1-godina-pretplata\/#primaryimage","url":"https:\/\/apgrejd.com\/wp-content\/uploads\/2023\/12\/Picsart-1-godina-pretplata.png","contentUrl":"https:\/\/apgrejd.com\/wp-content\/uploads\/2023\/12\/Picsart-1-godina-pretplata.png","width":1080,"height":1080},{"@type":"BreadcrumbList","@id":"https:\/\/apgrejd.com\/proizvod\/picsart-1-godina-pretplata\/#breadcrumb","itemListElement":[{"@type":"ListItem","position":1,"name":"Po\u010detna","item":"https:\/\/apgrejd.com\/"},{"@type":"ListItem","position":2,"name":"Shop","item":"https:\/\/apgrejd.com\/shop\/"},{"@type":"ListItem","position":3,"name":"Picsart &#8211; 1 godina"}]},{"@type":"WebSite","@id":"https:\/\/apgrejd.com\/#website","url":"https:\/\/apgrejd.com\/","name":"Apgrejd","description":"","publisher":{"@id":"https:\/\/apgrejd.com\/#organization"},"potentialAction":[{"@type":"SearchAction","target":{"@type":"EntryPoint","urlTemplate":"https:\/\/apgrejd.com\/?s={search_term_string}"},"query-input":{"@type":"PropertyValueSpecification","valueRequired":true,"valueName":"search_term_string"}}],"inLanguage":"en-US"},{"@type":["Organization","Place"],"@id":"https:\/\/apgrejd.com\/#organization","name":"Apgrejd","url":"https:\/\/apgrejd.com\/","logo":{"@id":"https:\/\/apgrejd.com\/proizvod\/picsart-1-godina-pretplata\/#local-main-organization-logo"},"image":{"@id":"https:\/\/apgrejd.com\/proizvod\/picsart-1-godina-pretplata\/#local-main-organization-logo"},"sameAs":["https:\/\/www.instagram.com\/apgrejduj_shop"],"openingHoursSpecification":[{"@type":"OpeningHoursSpecification","dayOfWeek":["Monday","Tuesday","Wednesday","Thursday","Friday","Saturday","Sunday"],"opens":"09:00","closes":"17:00"}]},{"@type":"ImageObject","inLanguage":"en-US","@id":"https:\/\/apgrejd.com\/proizvod\/picsart-1-godina-pretplata\/#local-main-organization-logo","url":"https:\/\/apgrejd.com\/wp-content\/uploads\/2022\/01\/cropped-155314956_467576731609892_1539415141695492301_n-removebg-preview.png","contentUrl":"https:\/\/apgrejd.com\/wp-content\/uploads\/2022\/01\/cropped-155314956_467576731609892_1539415141695492301_n-removebg-preview.png","width":512,"height":512,"caption":"Apgrejd"}]},"product_price_amount":"30","product_price_currency":"EUR","og_availability":"instock","product_availability":"instock","product_retailer_item_id":"12011","product_condition":"new"},"jetpack_sharing_enabled":true,"_links":{"self":[{"href":"https:\/\/apgrejd.com\/en\/wp-json\/wp\/v2\/product\/12011","targetHints":{"allow":["GET"]}}],"collection":[{"href":"https:\/\/apgrejd.com\/en\/wp-json\/wp\/v2\/product"}],"about":[{"href":"https:\/\/apgrejd.com\/en\/wp-json\/wp\/v2\/types\/product"}],"replies":[{"embeddable":true,"href":"https:\/\/apgrejd.com\/en\/wp-json\/wp\/v2\/comments?post=12011"}],"wp:featuredmedia":[{"embeddable":true,"href":"https:\/\/apgrejd.com\/en\/wp-json\/wp\/v2\/media\/12012"}],"wp:attachment":[{"href":"https:\/\/apgrejd.com\/en\/wp-json\/wp\/v2\/media?parent=12011"}],"wp:term":[{"taxonomy":"product_brand","embeddable":true,"href":"https:\/\/apgrejd.com\/en\/wp-json\/wp\/v2\/product_brand?post=12011"},{"taxonomy":"product_cat","embeddable":true,"href":"https:\/\/apgrejd.com\/en\/wp-json\/wp\/v2\/product_cat?post=12011"},{"taxonomy":"product_tag","embeddable":true,"href":"https:\/\/apgrejd.com\/en\/wp-json\/wp\/v2\/product_tag?post=12011"}],"curies":[{"name":"wp","href":"https:\/\/api.w.org\/{rel}","templated":true}]}}