{"id":12524,"date":"2024-03-15T14:11:25","date_gmt":"2024-03-15T13:11:25","guid":{"rendered":"https:\/\/apgrejd.com\/?post_type=product&#038;p=12524"},"modified":"2025-08-07T14:35:04","modified_gmt":"2025-08-07T13:35:04","slug":"discord-nitro-pretplata-1-godina","status":"publish","type":"product","link":"https:\/\/apgrejd.com\/en\/proizvod\/discord-nitro-pretplata-1-godina\/","title":{"rendered":"Discord Nitro &#8211; Pretplata (1 godina)"},"content":{"rendered":"<p class=\"p1\"><a href=\"https:\/\/discord.com\/nitro\"><b>Pretplata na godinu dana na Discord Nitro<\/b><\/a> pru\u017ea korisnicima nekoliko beneficija uklju\u010duju\u0107i:<\/p>\n<ul>\n<li class=\"p3\"><a href=\"https:\/\/support.discord.com\/hc\/en-us\/articles\/115001580171\"><b>Ve\u0107e datoteke<\/b><\/a>: Omogu\u0107uje korisnicima slanje datoteka ve\u0107ih od standardnog ograni\u010denja. Ovo je posebno korisno za one koji \u010desto dele videozapise, fotografije ili druge velike datoteke.<\/li>\n<li class=\"p3\"><a href=\"https:\/\/support.discord.com\/hc\/en-us\/articles\/360045138571-Using-Emojis\"><b>Emotikoni i emojiji<\/b><\/a>: Pretplata na Discord Nitro omogu\u0107uje pristup premium emotikonima i emoji paketima. To korisnicima omogu\u0107uje personalizaciju svojih poruka i razgovora s ekskluzivnim emotikonima.<\/li>\n<li class=\"p3\"><b>Personalizacija profila<\/b>: Korisnici s Nitro pretplatom mogu prilagoditi svoje profile pomo\u0107u animiranih avatara i pozadina, \u010dine\u0107i profile zanimljivijima i jedinstvenijima.<\/li>\n<li class=\"p3\"><b>Kvalitetni zvuk<\/b>: Nitro pretplata omogu\u0107uje pobolj\u0161ani kvalitet zvuka tokom glasovnih razgovora, \u0161to je korisno za komunikaciju tokom igara ili sastanaka.<\/li>\n<li class=\"p3\"><a href=\"https:\/\/support.discord.com\/hc\/en-us\/articles\/360028716472\"><b>VIP oznaka<\/b><\/a>: Dodeljuje korisnicima VIP oznaku, \u010dine\u0107i ih prepoznatljivima kao podr\u017eavatelje Discord platforme.<\/li>\n<li class=\"p3\"><a href=\"https:\/\/support.discord.com\/hc\/en-us\/articles\/360028038352\"><b>Server Boost<\/b><\/a>: Nitro uklju\u010duje jedan besplatni Server Boost mese\u010dno. Server Boostovi unapre\u0111uju Discord servere omogu\u0107avaju\u0107i dodatne zna\u010dajke poput boljeg kvaliteta zvuka i ve\u0107eg kapaciteta za datoteke.<\/li>\n<li class=\"p3\"><a href=\"https:\/\/discord.com\/\"><b>Nitro Classic<\/b><\/a>: Pretplata na godinu dana mo\u017ee uklju\u010divati <b>Nitro Classic<\/b> paket, koji nudi ve\u0107inu ovih zna\u010dajki po povoljnijoj ceni od punog Nitro paketa.<\/li>\n<\/ul>\n<p><a href=\"https:\/\/apgrejd.com\/wp-content\/uploads\/2024\/03\/discord-nitro-cover.webp\"><img loading=\"lazy\" decoding=\"async\" class=\"alignnone wp-image-13760 size-full\" src=\"https:\/\/apgrejd.com\/wp-content\/uploads\/2024\/03\/discord-nitro-cover.webp\" alt=\"discord nitro 1 godina pretplata cena prodaja srbija\" width=\"1500\" height=\"500\" srcset=\"https:\/\/apgrejd.com\/wp-content\/uploads\/2024\/03\/discord-nitro-cover.webp 1500w, https:\/\/apgrejd.com\/wp-content\/uploads\/2024\/03\/discord-nitro-cover-350x117.webp 350w, https:\/\/apgrejd.com\/wp-content\/uploads\/2024\/03\/discord-nitro-cover-595x198.webp 595w, https:\/\/apgrejd.com\/wp-content\/uploads\/2024\/03\/discord-nitro-cover-150x50.webp 150w, https:\/\/apgrejd.com\/wp-content\/uploads\/2024\/03\/discord-nitro-cover-768x256.webp 768w, https:\/\/apgrejd.com\/wp-content\/uploads\/2024\/03\/discord-nitro-cover-800x267.webp 800w\" sizes=\"auto, (max-width: 1500px) 100vw, 1500px\" \/><\/a><\/p>\n","protected":false},"excerpt":{"rendered":"<p>Pretplata na godinu dana na Discord Nitro pru\u017ea korisnicima nekoliko beneficija uklju\u010duju\u0107i: Ve\u0107e datoteke: Omogu\u0107uje korisnicima slanje datoteka ve\u0107ih od [&hellip;]<\/p>\n","protected":false},"featured_media":13140,"comment_status":"open","ping_status":"closed","template":"","meta":{"_mi_skip_tracking":false,"_monsterinsights_sitenote_active":false,"_monsterinsights_sitenote_note":"","_monsterinsights_sitenote_category":0},"product_brand":[],"product_cat":[276],"product_tag":[297,298],"class_list":{"0":"post-12524","1":"product","2":"type-product","3":"status-publish","4":"has-post-thumbnail","6":"product_cat-mobilne-aplikacije","7":"product_tag-discord","8":"product_tag-nitro","10":"first","11":"instock","12":"sale","13":"shipping-taxable","14":"purchasable","15":"product-type-simple"},"exclude_global_add_ons":false,"addons":[{"name":"Email:","type":"custom_text","position":0,"required":true,"title_format":"label","default":"","description_enable":false,"description":"","placeholder_enable":false,"placeholder":"","display":"select","restrictions_type":"any_text","adjust_price":false,"price":"","price_type":"flat_fee","restrictions":false,"min":"0","max":"0","options":[],"id":1722438951},{"name":"Password:","type":"custom_text","position":1,"required":true,"title_format":"label","default":"","description_enable":false,"description":"","placeholder_enable":false,"placeholder":"","display":"select","restrictions_type":"any_text","adjust_price":false,"price":"","price_type":"flat_fee","restrictions":false,"min":"0","max":"0","options":[],"id":1722438952}],"yoast_head":"<!-- This site is optimized with the Yoast SEO Premium plugin v26.3 (Yoast SEO v27.5) - https:\/\/yoast.com\/product\/yoast-seo-premium-wordpress\/ -->\n<title>Discord Nitro - Pretplata (1 godina) - Apgrejd<\/title>\n<meta name=\"description\" content=\"Godinu dana pretplate na Discord Nitro omogu\u0107ava ve\u0107e datoteke, personalizaciju profila, premium emotikone, bolji kvalitet zvuka i besplatan Server Boost.\" \/>\n<meta name=\"robots\" content=\"index, follow, max-snippet:-1, max-image-preview:large, max-video-preview:-1\" \/>\n<link rel=\"canonical\" href=\"https:\/\/apgrejd.com\/proizvod\/discord-nitro-pretplata-1-godina\/\" \/>\n<meta property=\"og:locale\" content=\"en_US\" \/>\n<meta property=\"og:type\" content=\"article\" \/>\n<meta property=\"og:title\" content=\"Discord Nitro - Pretplata (1 godina)\" \/>\n<meta property=\"og:description\" content=\"Godinu dana pretplate na Discord Nitro omogu\u0107ava ve\u0107e datoteke, personalizaciju profila, premium emotikone, bolji kvalitet zvuka i besplatan Server Boost.\" \/>\n<meta property=\"og:url\" content=\"https:\/\/apgrejd.com\/proizvod\/discord-nitro-pretplata-1-godina\/\" \/>\n<meta property=\"og:site_name\" content=\"Apgrejd\" \/>\n<meta property=\"article:modified_time\" content=\"2025-08-07T13:35:04+00:00\" \/>\n<meta property=\"og:image\" content=\"https:\/\/apgrejd.com\/wp-content\/uploads\/2024\/03\/discord-nitro-1-godina-pretplata-cena-prodaja-srbija.webp\" \/>\n\t<meta property=\"og:image:width\" content=\"1080\" \/>\n\t<meta property=\"og:image:height\" content=\"1080\" \/>\n\t<meta property=\"og:image:type\" content=\"image\/webp\" \/>\n<meta name=\"twitter:card\" content=\"summary_large_image\" \/>\n<meta name=\"twitter:label1\" content=\"Price\" \/>\n\t<meta name=\"twitter:data1\" content=\"55&nbsp;&euro;\" \/>\n\t<meta name=\"twitter:label2\" content=\"Availability\" \/>\n\t<meta name=\"twitter:data2\" content=\"In stock\" \/>\n<script type=\"application\/ld+json\" class=\"yoast-schema-graph\">{\"@context\":\"https:\\\/\\\/schema.org\",\"@graph\":[{\"@type\":\"WebPage\",\"@id\":\"https:\\\/\\\/apgrejd.com\\\/proizvod\\\/discord-nitro-pretplata-1-godina\\\/\",\"url\":\"https:\\\/\\\/apgrejd.com\\\/proizvod\\\/discord-nitro-pretplata-1-godina\\\/\",\"name\":\"Discord Nitro - Pretplata (1 godina) - Apgrejd\",\"isPartOf\":{\"@id\":\"https:\\\/\\\/apgrejd.com\\\/#website\"},\"primaryImageOfPage\":{\"@id\":\"https:\\\/\\\/apgrejd.com\\\/proizvod\\\/discord-nitro-pretplata-1-godina\\\/#primaryimage\"},\"image\":{\"@id\":\"https:\\\/\\\/apgrejd.com\\\/proizvod\\\/discord-nitro-pretplata-1-godina\\\/#primaryimage\"},\"thumbnailUrl\":\"https:\\\/\\\/apgrejd.com\\\/wp-content\\\/uploads\\\/2024\\\/03\\\/discord-nitro-1-godina-pretplata-cena-prodaja-srbija.webp\",\"datePublished\":\"2024-03-15T13:11:25+00:00\",\"dateModified\":\"2025-08-07T13:35:04+00:00\",\"description\":\"Godinu dana pretplate na Discord Nitro omogu\u0107ava ve\u0107e datoteke, personalizaciju profila, premium emotikone, bolji kvalitet zvuka i besplatan Server Boost.\",\"breadcrumb\":{\"@id\":\"https:\\\/\\\/apgrejd.com\\\/proizvod\\\/discord-nitro-pretplata-1-godina\\\/#breadcrumb\"},\"inLanguage\":\"en-US\",\"potentialAction\":[{\"@type\":\"ReadAction\",\"target\":[\"https:\\\/\\\/apgrejd.com\\\/proizvod\\\/discord-nitro-pretplata-1-godina\\\/\"]}]},{\"@type\":\"ImageObject\",\"inLanguage\":\"en-US\",\"@id\":\"https:\\\/\\\/apgrejd.com\\\/proizvod\\\/discord-nitro-pretplata-1-godina\\\/#primaryimage\",\"url\":\"https:\\\/\\\/apgrejd.com\\\/wp-content\\\/uploads\\\/2024\\\/03\\\/discord-nitro-1-godina-pretplata-cena-prodaja-srbija.webp\",\"contentUrl\":\"https:\\\/\\\/apgrejd.com\\\/wp-content\\\/uploads\\\/2024\\\/03\\\/discord-nitro-1-godina-pretplata-cena-prodaja-srbija.webp\",\"width\":1080,\"height\":1080,\"caption\":\"discord nitro 1 godina pretplata cena prodaja srbija\"},{\"@type\":\"BreadcrumbList\",\"@id\":\"https:\\\/\\\/apgrejd.com\\\/proizvod\\\/discord-nitro-pretplata-1-godina\\\/#breadcrumb\",\"itemListElement\":[{\"@type\":\"ListItem\",\"position\":1,\"name\":\"Po\u010detna\",\"item\":\"https:\\\/\\\/apgrejd.com\\\/\"},{\"@type\":\"ListItem\",\"position\":2,\"name\":\"Shop\",\"item\":\"https:\\\/\\\/apgrejd.com\\\/shop\\\/\"},{\"@type\":\"ListItem\",\"position\":3,\"name\":\"Discord Nitro &#8211; Pretplata (1 godina)\"}]},{\"@type\":\"WebSite\",\"@id\":\"https:\\\/\\\/apgrejd.com\\\/#website\",\"url\":\"https:\\\/\\\/apgrejd.com\\\/\",\"name\":\"Apgrejd\",\"description\":\"\",\"publisher\":{\"@id\":\"https:\\\/\\\/apgrejd.com\\\/#organization\"},\"potentialAction\":[{\"@type\":\"SearchAction\",\"target\":{\"@type\":\"EntryPoint\",\"urlTemplate\":\"https:\\\/\\\/apgrejd.com\\\/?s={search_term_string}\"},\"query-input\":{\"@type\":\"PropertyValueSpecification\",\"valueRequired\":true,\"valueName\":\"search_term_string\"}}],\"inLanguage\":\"en-US\"},{\"@type\":[\"Organization\",\"Place\"],\"@id\":\"https:\\\/\\\/apgrejd.com\\\/#organization\",\"name\":\"Apgrejd\",\"url\":\"https:\\\/\\\/apgrejd.com\\\/\",\"logo\":{\"@id\":\"https:\\\/\\\/apgrejd.com\\\/proizvod\\\/discord-nitro-pretplata-1-godina\\\/#local-main-organization-logo\"},\"image\":{\"@id\":\"https:\\\/\\\/apgrejd.com\\\/proizvod\\\/discord-nitro-pretplata-1-godina\\\/#local-main-organization-logo\"},\"sameAs\":[\"https:\\\/\\\/www.instagram.com\\\/apgrejduj_shop\"],\"openingHoursSpecification\":[{\"@type\":\"OpeningHoursSpecification\",\"dayOfWeek\":[\"Monday\",\"Tuesday\",\"Wednesday\",\"Thursday\",\"Friday\",\"Saturday\",\"Sunday\"],\"opens\":\"09:00\",\"closes\":\"17:00\"}]},{\"@type\":\"ImageObject\",\"inLanguage\":\"en-US\",\"@id\":\"https:\\\/\\\/apgrejd.com\\\/proizvod\\\/discord-nitro-pretplata-1-godina\\\/#local-main-organization-logo\",\"url\":\"https:\\\/\\\/apgrejd.com\\\/wp-content\\\/uploads\\\/2022\\\/01\\\/cropped-155314956_467576731609892_1539415141695492301_n-removebg-preview.png\",\"contentUrl\":\"https:\\\/\\\/apgrejd.com\\\/wp-content\\\/uploads\\\/2022\\\/01\\\/cropped-155314956_467576731609892_1539415141695492301_n-removebg-preview.png\",\"width\":512,\"height\":512,\"caption\":\"Apgrejd\"}]}<\/script>\n<meta property=\"product:price:amount\" content=\"55\" \/>\n<meta property=\"product:price:currency\" content=\"EUR\" \/>\n<meta property=\"og:availability\" content=\"instock\" \/>\n<meta property=\"product:availability\" content=\"instock\" \/>\n<meta property=\"product:retailer_item_id\" content=\"12524\" \/>\n<meta property=\"product:condition\" content=\"new\" \/>\n<!-- \/ Yoast SEO Premium plugin. -->","yoast_head_json":{"title":"Discord Nitro - Pretplata (1 godina) - Apgrejd","description":"Godinu dana pretplate na Discord Nitro omogu\u0107ava ve\u0107e datoteke, personalizaciju profila, premium emotikone, bolji kvalitet zvuka i besplatan Server Boost.","robots":{"index":"index","follow":"follow","max-snippet":"max-snippet:-1","max-image-preview":"max-image-preview:large","max-video-preview":"max-video-preview:-1"},"canonical":"https:\/\/apgrejd.com\/proizvod\/discord-nitro-pretplata-1-godina\/","og_locale":"en_US","og_type":"article","og_title":"Discord Nitro - Pretplata (1 godina)","og_description":"Godinu dana pretplate na Discord Nitro omogu\u0107ava ve\u0107e datoteke, personalizaciju profila, premium emotikone, bolji kvalitet zvuka i besplatan Server Boost.","og_url":"https:\/\/apgrejd.com\/proizvod\/discord-nitro-pretplata-1-godina\/","og_site_name":"Apgrejd","article_modified_time":"2025-08-07T13:35:04+00:00","og_image":[{"width":1080,"height":1080,"url":"https:\/\/apgrejd.com\/wp-content\/uploads\/2024\/03\/discord-nitro-1-godina-pretplata-cena-prodaja-srbija.webp","type":"image\/webp"}],"twitter_card":"summary_large_image","twitter_misc":{"Price":"55&nbsp;&euro;","Availability":"In stock"},"schema":{"@context":"https:\/\/schema.org","@graph":[{"@type":"WebPage","@id":"https:\/\/apgrejd.com\/proizvod\/discord-nitro-pretplata-1-godina\/","url":"https:\/\/apgrejd.com\/proizvod\/discord-nitro-pretplata-1-godina\/","name":"Discord Nitro - Pretplata (1 godina) - Apgrejd","isPartOf":{"@id":"https:\/\/apgrejd.com\/#website"},"primaryImageOfPage":{"@id":"https:\/\/apgrejd.com\/proizvod\/discord-nitro-pretplata-1-godina\/#primaryimage"},"image":{"@id":"https:\/\/apgrejd.com\/proizvod\/discord-nitro-pretplata-1-godina\/#primaryimage"},"thumbnailUrl":"https:\/\/apgrejd.com\/wp-content\/uploads\/2024\/03\/discord-nitro-1-godina-pretplata-cena-prodaja-srbija.webp","datePublished":"2024-03-15T13:11:25+00:00","dateModified":"2025-08-07T13:35:04+00:00","description":"Godinu dana pretplate na Discord Nitro omogu\u0107ava ve\u0107e datoteke, personalizaciju profila, premium emotikone, bolji kvalitet zvuka i besplatan Server Boost.","breadcrumb":{"@id":"https:\/\/apgrejd.com\/proizvod\/discord-nitro-pretplata-1-godina\/#breadcrumb"},"inLanguage":"en-US","potentialAction":[{"@type":"ReadAction","target":["https:\/\/apgrejd.com\/proizvod\/discord-nitro-pretplata-1-godina\/"]}]},{"@type":"ImageObject","inLanguage":"en-US","@id":"https:\/\/apgrejd.com\/proizvod\/discord-nitro-pretplata-1-godina\/#primaryimage","url":"https:\/\/apgrejd.com\/wp-content\/uploads\/2024\/03\/discord-nitro-1-godina-pretplata-cena-prodaja-srbija.webp","contentUrl":"https:\/\/apgrejd.com\/wp-content\/uploads\/2024\/03\/discord-nitro-1-godina-pretplata-cena-prodaja-srbija.webp","width":1080,"height":1080,"caption":"discord nitro 1 godina pretplata cena prodaja srbija"},{"@type":"BreadcrumbList","@id":"https:\/\/apgrejd.com\/proizvod\/discord-nitro-pretplata-1-godina\/#breadcrumb","itemListElement":[{"@type":"ListItem","position":1,"name":"Po\u010detna","item":"https:\/\/apgrejd.com\/"},{"@type":"ListItem","position":2,"name":"Shop","item":"https:\/\/apgrejd.com\/shop\/"},{"@type":"ListItem","position":3,"name":"Discord Nitro &#8211; Pretplata (1 godina)"}]},{"@type":"WebSite","@id":"https:\/\/apgrejd.com\/#website","url":"https:\/\/apgrejd.com\/","name":"Apgrejd","description":"","publisher":{"@id":"https:\/\/apgrejd.com\/#organization"},"potentialAction":[{"@type":"SearchAction","target":{"@type":"EntryPoint","urlTemplate":"https:\/\/apgrejd.com\/?s={search_term_string}"},"query-input":{"@type":"PropertyValueSpecification","valueRequired":true,"valueName":"search_term_string"}}],"inLanguage":"en-US"},{"@type":["Organization","Place"],"@id":"https:\/\/apgrejd.com\/#organization","name":"Apgrejd","url":"https:\/\/apgrejd.com\/","logo":{"@id":"https:\/\/apgrejd.com\/proizvod\/discord-nitro-pretplata-1-godina\/#local-main-organization-logo"},"image":{"@id":"https:\/\/apgrejd.com\/proizvod\/discord-nitro-pretplata-1-godina\/#local-main-organization-logo"},"sameAs":["https:\/\/www.instagram.com\/apgrejduj_shop"],"openingHoursSpecification":[{"@type":"OpeningHoursSpecification","dayOfWeek":["Monday","Tuesday","Wednesday","Thursday","Friday","Saturday","Sunday"],"opens":"09:00","closes":"17:00"}]},{"@type":"ImageObject","inLanguage":"en-US","@id":"https:\/\/apgrejd.com\/proizvod\/discord-nitro-pretplata-1-godina\/#local-main-organization-logo","url":"https:\/\/apgrejd.com\/wp-content\/uploads\/2022\/01\/cropped-155314956_467576731609892_1539415141695492301_n-removebg-preview.png","contentUrl":"https:\/\/apgrejd.com\/wp-content\/uploads\/2022\/01\/cropped-155314956_467576731609892_1539415141695492301_n-removebg-preview.png","width":512,"height":512,"caption":"Apgrejd"}]},"product_price_amount":"55","product_price_currency":"EUR","og_availability":"instock","product_availability":"instock","product_retailer_item_id":"12524","product_condition":"new"},"jetpack_sharing_enabled":true,"_links":{"self":[{"href":"https:\/\/apgrejd.com\/en\/wp-json\/wp\/v2\/product\/12524","targetHints":{"allow":["GET"]}}],"collection":[{"href":"https:\/\/apgrejd.com\/en\/wp-json\/wp\/v2\/product"}],"about":[{"href":"https:\/\/apgrejd.com\/en\/wp-json\/wp\/v2\/types\/product"}],"replies":[{"embeddable":true,"href":"https:\/\/apgrejd.com\/en\/wp-json\/wp\/v2\/comments?post=12524"}],"wp:featuredmedia":[{"embeddable":true,"href":"https:\/\/apgrejd.com\/en\/wp-json\/wp\/v2\/media\/13140"}],"wp:attachment":[{"href":"https:\/\/apgrejd.com\/en\/wp-json\/wp\/v2\/media?parent=12524"}],"wp:term":[{"taxonomy":"product_brand","embeddable":true,"href":"https:\/\/apgrejd.com\/en\/wp-json\/wp\/v2\/product_brand?post=12524"},{"taxonomy":"product_cat","embeddable":true,"href":"https:\/\/apgrejd.com\/en\/wp-json\/wp\/v2\/product_cat?post=12524"},{"taxonomy":"product_tag","embeddable":true,"href":"https:\/\/apgrejd.com\/en\/wp-json\/wp\/v2\/product_tag?post=12524"}],"curies":[{"name":"wp","href":"https:\/\/api.w.org\/{rel}","templated":true}]}}