{"id":13010,"date":"2024-07-10T14:56:23","date_gmt":"2024-07-10T13:56:23","guid":{"rendered":"https:\/\/apgrejd.com\/?post_type=product&#038;p=13010"},"modified":"2025-09-22T21:54:50","modified_gmt":"2025-09-22T20:54:50","slug":"calm-premium-pretplata-1-godina","status":"publish","type":"product","link":"https:\/\/apgrejd.com\/en\/proizvod\/calm-premium-pretplata-1-godina\/","title":{"rendered":"Calm Premium &#8211; Pretplata (1 godina)"},"content":{"rendered":"","protected":false},"excerpt":{"rendered":"<ul style=\"list-style:none; padding:0; margin:0;\">\n<li><i class=\"fa-regular fa-circle-check\" style=\"color:#70d39c; margin-right:6px;\"><\/i> Zvani\u010dna Calm Premium pretplata<\/li>\n<li><i class=\"fa-regular fa-circle-check\" style=\"color:#70d39c; margin-right:6px;\"><\/i> Pristup ekskluzivnim meditacijama i opu\u0161taju\u0107im ve\u017ebama<\/li>\n<li><i class=\"fa-regular fa-circle-check\" style=\"color:#70d39c; margin-right:6px;\"><\/i> Aktivacija na va\u0161em nalogu<\/li>\n<li><i class=\"fa-regular fa-circle-check\" style=\"color:#70d39c; margin-right:6px;\"><\/i> Bez reklama<\/li>\n<li><i class=\"fa-regular fa-circle-check\" style=\"color:#70d39c; margin-right:6px;\"><\/i> Pristup audio pri\u010dama za lak\u0161i san<\/li>\n<li><i class=\"fa-regular fa-circle-check\" style=\"color:#70d39c; margin-right:6px;\"><\/i> Nova muzika i opu\u0161taju\u0107i zvukovi dodaju se redovno<\/li>\n<li><i class=\"fa-regular fa-circle-check\" style=\"color:#70d39c; margin-right:6px;\"><\/i> Mo\u017eete koristiti na vi\u0161e ure\u0111aja<\/li>\n<li><i class=\"fa-regular fa-circle-check\" style=\"color:#70d39c; margin-right:6px;\"><\/i> 24\/7 korisni\u010dka podr\u0161ka i live chat<\/li>\n<\/ul>\n","protected":false},"featured_media":13013,"comment_status":"open","ping_status":"closed","template":"","meta":{"_mi_skip_tracking":false,"_monsterinsights_sitenote_active":false,"_monsterinsights_sitenote_note":"","_monsterinsights_sitenote_category":0},"product_brand":[],"product_cat":[276],"product_tag":[309,197],"class_list":{"0":"post-13010","1":"product","2":"type-product","3":"status-publish","4":"has-post-thumbnail","6":"product_cat-mobilne-aplikacije","7":"product_tag-calm","8":"product_tag-premium","10":"first","11":"instock","12":"sale","13":"shipping-taxable","14":"purchasable","15":"product-type-simple"},"exclude_global_add_ons":false,"addons":[{"name":"Email","type":"custom_text","position":0,"required":true,"title_format":"label","default":"","description_enable":false,"description":"","placeholder_enable":false,"placeholder":"","display":"select","restrictions_type":"any_text","adjust_price":false,"price":"","price_type":"flat_fee","restrictions":false,"min":"0","max":"0","options":[],"id":1722438935},{"name":"Password","type":"custom_text","position":1,"required":true,"title_format":"label","default":"","description_enable":false,"description":"","placeholder_enable":false,"placeholder":"","display":"select","restrictions_type":"any_text","adjust_price":false,"price":"","price_type":"flat_fee","restrictions":false,"min":"0","max":"0","options":[],"id":1722438936}],"yoast_head":"<!-- This site is optimized with the Yoast SEO Premium plugin v26.3 (Yoast SEO v27.5) - https:\/\/yoast.com\/product\/yoast-seo-premium-wordpress\/ -->\n<title>Calm Premium - Pretplata (1 godina) - Apgrejd<\/title>\n<meta name=\"robots\" content=\"index, follow, max-snippet:-1, max-image-preview:large, max-video-preview:-1\" \/>\n<link rel=\"canonical\" href=\"https:\/\/apgrejd.com\/proizvod\/calm-premium-pretplata-1-godina\/\" \/>\n<meta property=\"og:locale\" content=\"en_US\" \/>\n<meta property=\"og:type\" content=\"article\" \/>\n<meta property=\"og:title\" content=\"Calm Premium - Pretplata (1 godina)\" \/>\n<meta property=\"og:description\" content=\"Zvani\u010dna Calm Premium pretplata   Pristup ekskluzivnim meditacijama i opu\u0161taju\u0107im ve\u017ebama   Aktivacija na va\u0161em nalogu   Bez reklama   Pristup audio pri\u010dama za lak\u0161i san   Nova muzika i opu\u0161taju\u0107i zvukovi dodaju se redovno   Mo\u017eete koristiti na vi\u0161e ure\u0111aja   24\/7 korisni\u010dka podr\u0161ka i live chat\" \/>\n<meta property=\"og:url\" content=\"https:\/\/apgrejd.com\/proizvod\/calm-premium-pretplata-1-godina\/\" \/>\n<meta property=\"og:site_name\" content=\"Apgrejd\" \/>\n<meta property=\"article:modified_time\" content=\"2025-09-22T20:54:50+00:00\" \/>\n<meta property=\"og:image\" content=\"https:\/\/apgrejd.com\/wp-content\/uploads\/2024\/07\/Calm-Premium-Pretplata-1-Godina-1.png\" \/>\n\t<meta property=\"og:image:width\" content=\"1080\" \/>\n\t<meta property=\"og:image:height\" content=\"1080\" \/>\n\t<meta property=\"og:image:type\" content=\"image\/png\" \/>\n<meta name=\"twitter:card\" content=\"summary_large_image\" \/>\n<meta name=\"twitter:label1\" content=\"Price\" \/>\n\t<meta name=\"twitter:data1\" content=\"25&nbsp;&euro;\" \/>\n\t<meta name=\"twitter:label2\" content=\"Availability\" \/>\n\t<meta name=\"twitter:data2\" content=\"In stock\" \/>\n<script type=\"application\/ld+json\" class=\"yoast-schema-graph\">{\"@context\":\"https:\\\/\\\/schema.org\",\"@graph\":[{\"@type\":\"WebPage\",\"@id\":\"https:\\\/\\\/apgrejd.com\\\/proizvod\\\/calm-premium-pretplata-1-godina\\\/\",\"url\":\"https:\\\/\\\/apgrejd.com\\\/proizvod\\\/calm-premium-pretplata-1-godina\\\/\",\"name\":\"Calm Premium - Pretplata (1 godina) - Apgrejd\",\"isPartOf\":{\"@id\":\"https:\\\/\\\/apgrejd.com\\\/#website\"},\"primaryImageOfPage\":{\"@id\":\"https:\\\/\\\/apgrejd.com\\\/proizvod\\\/calm-premium-pretplata-1-godina\\\/#primaryimage\"},\"image\":{\"@id\":\"https:\\\/\\\/apgrejd.com\\\/proizvod\\\/calm-premium-pretplata-1-godina\\\/#primaryimage\"},\"thumbnailUrl\":\"https:\\\/\\\/apgrejd.com\\\/wp-content\\\/uploads\\\/2024\\\/07\\\/Calm-Premium-Pretplata-1-Godina-1.png\",\"datePublished\":\"2024-07-10T13:56:23+00:00\",\"dateModified\":\"2025-09-22T20:54:50+00:00\",\"breadcrumb\":{\"@id\":\"https:\\\/\\\/apgrejd.com\\\/proizvod\\\/calm-premium-pretplata-1-godina\\\/#breadcrumb\"},\"inLanguage\":\"en-US\",\"potentialAction\":[{\"@type\":\"ReadAction\",\"target\":[\"https:\\\/\\\/apgrejd.com\\\/proizvod\\\/calm-premium-pretplata-1-godina\\\/\"]}]},{\"@type\":\"ImageObject\",\"inLanguage\":\"en-US\",\"@id\":\"https:\\\/\\\/apgrejd.com\\\/proizvod\\\/calm-premium-pretplata-1-godina\\\/#primaryimage\",\"url\":\"https:\\\/\\\/apgrejd.com\\\/wp-content\\\/uploads\\\/2024\\\/07\\\/Calm-Premium-Pretplata-1-Godina-1.png\",\"contentUrl\":\"https:\\\/\\\/apgrejd.com\\\/wp-content\\\/uploads\\\/2024\\\/07\\\/Calm-Premium-Pretplata-1-Godina-1.png\",\"width\":1080,\"height\":1080,\"caption\":\"Calm Premium Calm aplikacija Calm godi\u0161nja pretplata Calm meditacija Calm opu\u0161tanje Calm zvuci prirode Calm vo\u0111ene meditacije Calm spavanje Calm relaksacija Calm mindfulness Calm mentalno zdravlje Calm stres Calm anksioznost Calm smirenost Calm fokus\"},{\"@type\":\"BreadcrumbList\",\"@id\":\"https:\\\/\\\/apgrejd.com\\\/proizvod\\\/calm-premium-pretplata-1-godina\\\/#breadcrumb\",\"itemListElement\":[{\"@type\":\"ListItem\",\"position\":1,\"name\":\"Po\u010detna\",\"item\":\"https:\\\/\\\/apgrejd.com\\\/\"},{\"@type\":\"ListItem\",\"position\":2,\"name\":\"Shop\",\"item\":\"https:\\\/\\\/apgrejd.com\\\/shop\\\/\"},{\"@type\":\"ListItem\",\"position\":3,\"name\":\"Calm Premium &#8211; Pretplata (1 godina)\"}]},{\"@type\":\"WebSite\",\"@id\":\"https:\\\/\\\/apgrejd.com\\\/#website\",\"url\":\"https:\\\/\\\/apgrejd.com\\\/\",\"name\":\"Apgrejd\",\"description\":\"\",\"publisher\":{\"@id\":\"https:\\\/\\\/apgrejd.com\\\/#organization\"},\"potentialAction\":[{\"@type\":\"SearchAction\",\"target\":{\"@type\":\"EntryPoint\",\"urlTemplate\":\"https:\\\/\\\/apgrejd.com\\\/?s={search_term_string}\"},\"query-input\":{\"@type\":\"PropertyValueSpecification\",\"valueRequired\":true,\"valueName\":\"search_term_string\"}}],\"inLanguage\":\"en-US\"},{\"@type\":[\"Organization\",\"Place\"],\"@id\":\"https:\\\/\\\/apgrejd.com\\\/#organization\",\"name\":\"Apgrejd\",\"url\":\"https:\\\/\\\/apgrejd.com\\\/\",\"logo\":{\"@id\":\"https:\\\/\\\/apgrejd.com\\\/proizvod\\\/calm-premium-pretplata-1-godina\\\/#local-main-organization-logo\"},\"image\":{\"@id\":\"https:\\\/\\\/apgrejd.com\\\/proizvod\\\/calm-premium-pretplata-1-godina\\\/#local-main-organization-logo\"},\"sameAs\":[\"https:\\\/\\\/www.instagram.com\\\/apgrejduj_shop\"],\"openingHoursSpecification\":[{\"@type\":\"OpeningHoursSpecification\",\"dayOfWeek\":[\"Monday\",\"Tuesday\",\"Wednesday\",\"Thursday\",\"Friday\",\"Saturday\",\"Sunday\"],\"opens\":\"09:00\",\"closes\":\"17:00\"}]},{\"@type\":\"ImageObject\",\"inLanguage\":\"en-US\",\"@id\":\"https:\\\/\\\/apgrejd.com\\\/proizvod\\\/calm-premium-pretplata-1-godina\\\/#local-main-organization-logo\",\"url\":\"https:\\\/\\\/apgrejd.com\\\/wp-content\\\/uploads\\\/2022\\\/01\\\/cropped-155314956_467576731609892_1539415141695492301_n-removebg-preview.png\",\"contentUrl\":\"https:\\\/\\\/apgrejd.com\\\/wp-content\\\/uploads\\\/2022\\\/01\\\/cropped-155314956_467576731609892_1539415141695492301_n-removebg-preview.png\",\"width\":512,\"height\":512,\"caption\":\"Apgrejd\"}]}<\/script>\n<meta property=\"product:price:amount\" content=\"25\" \/>\n<meta property=\"product:price:currency\" content=\"EUR\" \/>\n<meta property=\"og:availability\" content=\"instock\" \/>\n<meta property=\"product:availability\" content=\"instock\" \/>\n<meta property=\"product:retailer_item_id\" content=\"13010\" \/>\n<meta property=\"product:condition\" content=\"new\" \/>\n<!-- \/ Yoast SEO Premium plugin. -->","yoast_head_json":{"title":"Calm Premium - Pretplata (1 godina) - Apgrejd","robots":{"index":"index","follow":"follow","max-snippet":"max-snippet:-1","max-image-preview":"max-image-preview:large","max-video-preview":"max-video-preview:-1"},"canonical":"https:\/\/apgrejd.com\/proizvod\/calm-premium-pretplata-1-godina\/","og_locale":"en_US","og_type":"article","og_title":"Calm Premium - Pretplata (1 godina)","og_description":"Zvani\u010dna Calm Premium pretplata   Pristup ekskluzivnim meditacijama i opu\u0161taju\u0107im ve\u017ebama   Aktivacija na va\u0161em nalogu   Bez reklama   Pristup audio pri\u010dama za lak\u0161i san   Nova muzika i opu\u0161taju\u0107i zvukovi dodaju se redovno   Mo\u017eete koristiti na vi\u0161e ure\u0111aja   24\/7 korisni\u010dka podr\u0161ka i live chat","og_url":"https:\/\/apgrejd.com\/proizvod\/calm-premium-pretplata-1-godina\/","og_site_name":"Apgrejd","article_modified_time":"2025-09-22T20:54:50+00:00","og_image":[{"width":1080,"height":1080,"url":"https:\/\/apgrejd.com\/wp-content\/uploads\/2024\/07\/Calm-Premium-Pretplata-1-Godina-1.png","type":"image\/png"}],"twitter_card":"summary_large_image","twitter_misc":{"Price":"25&nbsp;&euro;","Availability":"In stock"},"schema":{"@context":"https:\/\/schema.org","@graph":[{"@type":"WebPage","@id":"https:\/\/apgrejd.com\/proizvod\/calm-premium-pretplata-1-godina\/","url":"https:\/\/apgrejd.com\/proizvod\/calm-premium-pretplata-1-godina\/","name":"Calm Premium - Pretplata (1 godina) - Apgrejd","isPartOf":{"@id":"https:\/\/apgrejd.com\/#website"},"primaryImageOfPage":{"@id":"https:\/\/apgrejd.com\/proizvod\/calm-premium-pretplata-1-godina\/#primaryimage"},"image":{"@id":"https:\/\/apgrejd.com\/proizvod\/calm-premium-pretplata-1-godina\/#primaryimage"},"thumbnailUrl":"https:\/\/apgrejd.com\/wp-content\/uploads\/2024\/07\/Calm-Premium-Pretplata-1-Godina-1.png","datePublished":"2024-07-10T13:56:23+00:00","dateModified":"2025-09-22T20:54:50+00:00","breadcrumb":{"@id":"https:\/\/apgrejd.com\/proizvod\/calm-premium-pretplata-1-godina\/#breadcrumb"},"inLanguage":"en-US","potentialAction":[{"@type":"ReadAction","target":["https:\/\/apgrejd.com\/proizvod\/calm-premium-pretplata-1-godina\/"]}]},{"@type":"ImageObject","inLanguage":"en-US","@id":"https:\/\/apgrejd.com\/proizvod\/calm-premium-pretplata-1-godina\/#primaryimage","url":"https:\/\/apgrejd.com\/wp-content\/uploads\/2024\/07\/Calm-Premium-Pretplata-1-Godina-1.png","contentUrl":"https:\/\/apgrejd.com\/wp-content\/uploads\/2024\/07\/Calm-Premium-Pretplata-1-Godina-1.png","width":1080,"height":1080,"caption":"Calm Premium Calm aplikacija Calm godi\u0161nja pretplata Calm meditacija Calm opu\u0161tanje Calm zvuci prirode Calm vo\u0111ene meditacije Calm spavanje Calm relaksacija Calm mindfulness Calm mentalno zdravlje Calm stres Calm anksioznost Calm smirenost Calm fokus"},{"@type":"BreadcrumbList","@id":"https:\/\/apgrejd.com\/proizvod\/calm-premium-pretplata-1-godina\/#breadcrumb","itemListElement":[{"@type":"ListItem","position":1,"name":"Po\u010detna","item":"https:\/\/apgrejd.com\/"},{"@type":"ListItem","position":2,"name":"Shop","item":"https:\/\/apgrejd.com\/shop\/"},{"@type":"ListItem","position":3,"name":"Calm Premium &#8211; Pretplata (1 godina)"}]},{"@type":"WebSite","@id":"https:\/\/apgrejd.com\/#website","url":"https:\/\/apgrejd.com\/","name":"Apgrejd","description":"","publisher":{"@id":"https:\/\/apgrejd.com\/#organization"},"potentialAction":[{"@type":"SearchAction","target":{"@type":"EntryPoint","urlTemplate":"https:\/\/apgrejd.com\/?s={search_term_string}"},"query-input":{"@type":"PropertyValueSpecification","valueRequired":true,"valueName":"search_term_string"}}],"inLanguage":"en-US"},{"@type":["Organization","Place"],"@id":"https:\/\/apgrejd.com\/#organization","name":"Apgrejd","url":"https:\/\/apgrejd.com\/","logo":{"@id":"https:\/\/apgrejd.com\/proizvod\/calm-premium-pretplata-1-godina\/#local-main-organization-logo"},"image":{"@id":"https:\/\/apgrejd.com\/proizvod\/calm-premium-pretplata-1-godina\/#local-main-organization-logo"},"sameAs":["https:\/\/www.instagram.com\/apgrejduj_shop"],"openingHoursSpecification":[{"@type":"OpeningHoursSpecification","dayOfWeek":["Monday","Tuesday","Wednesday","Thursday","Friday","Saturday","Sunday"],"opens":"09:00","closes":"17:00"}]},{"@type":"ImageObject","inLanguage":"en-US","@id":"https:\/\/apgrejd.com\/proizvod\/calm-premium-pretplata-1-godina\/#local-main-organization-logo","url":"https:\/\/apgrejd.com\/wp-content\/uploads\/2022\/01\/cropped-155314956_467576731609892_1539415141695492301_n-removebg-preview.png","contentUrl":"https:\/\/apgrejd.com\/wp-content\/uploads\/2022\/01\/cropped-155314956_467576731609892_1539415141695492301_n-removebg-preview.png","width":512,"height":512,"caption":"Apgrejd"}]},"product_price_amount":"25","product_price_currency":"EUR","og_availability":"instock","product_availability":"instock","product_retailer_item_id":"13010","product_condition":"new"},"jetpack_sharing_enabled":true,"_links":{"self":[{"href":"https:\/\/apgrejd.com\/en\/wp-json\/wp\/v2\/product\/13010","targetHints":{"allow":["GET"]}}],"collection":[{"href":"https:\/\/apgrejd.com\/en\/wp-json\/wp\/v2\/product"}],"about":[{"href":"https:\/\/apgrejd.com\/en\/wp-json\/wp\/v2\/types\/product"}],"replies":[{"embeddable":true,"href":"https:\/\/apgrejd.com\/en\/wp-json\/wp\/v2\/comments?post=13010"}],"wp:featuredmedia":[{"embeddable":true,"href":"https:\/\/apgrejd.com\/en\/wp-json\/wp\/v2\/media\/13013"}],"wp:attachment":[{"href":"https:\/\/apgrejd.com\/en\/wp-json\/wp\/v2\/media?parent=13010"}],"wp:term":[{"taxonomy":"product_brand","embeddable":true,"href":"https:\/\/apgrejd.com\/en\/wp-json\/wp\/v2\/product_brand?post=13010"},{"taxonomy":"product_cat","embeddable":true,"href":"https:\/\/apgrejd.com\/en\/wp-json\/wp\/v2\/product_cat?post=13010"},{"taxonomy":"product_tag","embeddable":true,"href":"https:\/\/apgrejd.com\/en\/wp-json\/wp\/v2\/product_tag?post=13010"}],"curies":[{"name":"wp","href":"https:\/\/api.w.org\/{rel}","templated":true}]}}