{"id":13015,"date":"2024-07-10T15:14:28","date_gmt":"2024-07-10T14:14:28","guid":{"rendered":"https:\/\/apgrejd.com\/?post_type=product&#038;p=13015"},"modified":"2025-09-22T21:53:43","modified_gmt":"2025-09-22T20:53:43","slug":"crunchyroll-premium-pretplata-1-godina","status":"publish","type":"product","link":"https:\/\/apgrejd.com\/en\/proizvod\/crunchyroll-premium-pretplata-1-godina\/","title":{"rendered":"Crunchyroll Premium &#8211; Pretplata (1 godina)"},"content":{"rendered":"","protected":false},"excerpt":{"rendered":"<ul style=\"list-style:none; padding:0; margin:0;\">\n<li><i class=\"fa-regular fa-circle-check\" style=\"color:#70d39c; margin-right:6px;\"><\/i> Zvani\u010dna Crunchyroll Premium pretplata<\/li>\n<li><i class=\"fa-regular fa-circle-check\" style=\"color:#70d39c; margin-right:6px;\"><\/i> Pristup hiljadama anime serija i filmova<\/li>\n<li><i class=\"fa-regular fa-circle-check\" style=\"color:#70d39c; margin-right:6px;\"><\/i> Aktivacija na va\u0161em nalogu<\/li>\n<li><i class=\"fa-regular fa-circle-check\" style=\"color:#70d39c; margin-right:6px;\"><\/i> Bez reklama<\/li>\n<li><i class=\"fa-regular fa-circle-check\" style=\"color:#70d39c; margin-right:6px;\"><\/i> Prenosi u\u017eivo i ekskluzivni sadr\u017eaji<\/li>\n<li><i class=\"fa-regular fa-circle-check\" style=\"color:#70d39c; margin-right:6px;\"><\/i> Offline preuzimanje epizoda<\/li>\n<li><i class=\"fa-regular fa-circle-check\" style=\"color:#70d39c; margin-right:6px;\"><\/i> Mo\u017eete koristiti na vi\u0161e ure\u0111aja<\/li>\n<li><i class=\"fa-regular fa-circle-check\" style=\"color:#70d39c; margin-right:6px;\"><\/i> 24\/7 korisni\u010dka podr\u0161ka i live chat<\/li>\n<\/ul>\n","protected":false},"featured_media":13111,"comment_status":"open","ping_status":"closed","template":"","meta":{"_mi_skip_tracking":false,"_monsterinsights_sitenote_active":false,"_monsterinsights_sitenote_note":"","_monsterinsights_sitenote_category":0},"product_brand":[],"product_cat":[15],"product_tag":[314,197],"class_list":{"0":"post-13015","1":"product","2":"type-product","3":"status-publish","4":"has-post-thumbnail","6":"product_cat-streaming-servisi","7":"product_tag-crunchyroll","8":"product_tag-premium","10":"first","11":"instock","12":"sale","13":"shipping-taxable","14":"purchasable","15":"product-type-simple"},"exclude_global_add_ons":[],"addons":[],"yoast_head":"<!-- This site is optimized with the Yoast SEO Premium plugin v26.3 (Yoast SEO v27.5) - https:\/\/yoast.com\/product\/yoast-seo-premium-wordpress\/ -->\n<title>Crunchyroll Premium - Pretplata (1 godina) - Apgrejd<\/title>\n<meta name=\"robots\" content=\"index, follow, max-snippet:-1, max-image-preview:large, max-video-preview:-1\" \/>\n<link rel=\"canonical\" href=\"https:\/\/apgrejd.com\/proizvod\/crunchyroll-premium-pretplata-1-godina\/\" \/>\n<meta property=\"og:locale\" content=\"en_US\" \/>\n<meta property=\"og:type\" content=\"article\" \/>\n<meta property=\"og:title\" content=\"Crunchyroll Premium - Pretplata (1 godina)\" \/>\n<meta property=\"og:description\" content=\"Zvani\u010dna Crunchyroll Premium pretplata   Pristup hiljadama anime serija i filmova   Aktivacija na va\u0161em nalogu   Bez reklama   Prenosi u\u017eivo i ekskluzivni sadr\u017eaji   Offline preuzimanje epizoda   Mo\u017eete koristiti na vi\u0161e ure\u0111aja   24\/7 korisni\u010dka podr\u0161ka i live chat\" \/>\n<meta property=\"og:url\" content=\"https:\/\/apgrejd.com\/proizvod\/crunchyroll-premium-pretplata-1-godina\/\" \/>\n<meta property=\"og:site_name\" content=\"Apgrejd\" \/>\n<meta property=\"article:modified_time\" content=\"2025-09-22T20:53:43+00:00\" \/>\n<meta property=\"og:image\" content=\"https:\/\/apgrejd.com\/wp-content\/uploads\/2024\/07\/crunchyroll-premium-1-godina-pretplata-cena-prodaja-srbija.webp\" \/>\n\t<meta property=\"og:image:width\" content=\"1080\" \/>\n\t<meta property=\"og:image:height\" content=\"1080\" \/>\n\t<meta property=\"og:image:type\" content=\"image\/webp\" \/>\n<meta name=\"twitter:card\" content=\"summary_large_image\" \/>\n<meta name=\"twitter:label1\" content=\"Price\" \/>\n\t<meta name=\"twitter:data1\" content=\"45&nbsp;&euro;\" \/>\n\t<meta name=\"twitter:label2\" content=\"Availability\" \/>\n\t<meta name=\"twitter:data2\" content=\"In stock\" \/>\n<script type=\"application\/ld+json\" class=\"yoast-schema-graph\">{\"@context\":\"https:\\\/\\\/schema.org\",\"@graph\":[{\"@type\":\"WebPage\",\"@id\":\"https:\\\/\\\/apgrejd.com\\\/proizvod\\\/crunchyroll-premium-pretplata-1-godina\\\/\",\"url\":\"https:\\\/\\\/apgrejd.com\\\/proizvod\\\/crunchyroll-premium-pretplata-1-godina\\\/\",\"name\":\"Crunchyroll Premium - Pretplata (1 godina) - Apgrejd\",\"isPartOf\":{\"@id\":\"https:\\\/\\\/apgrejd.com\\\/#website\"},\"primaryImageOfPage\":{\"@id\":\"https:\\\/\\\/apgrejd.com\\\/proizvod\\\/crunchyroll-premium-pretplata-1-godina\\\/#primaryimage\"},\"image\":{\"@id\":\"https:\\\/\\\/apgrejd.com\\\/proizvod\\\/crunchyroll-premium-pretplata-1-godina\\\/#primaryimage\"},\"thumbnailUrl\":\"https:\\\/\\\/apgrejd.com\\\/wp-content\\\/uploads\\\/2024\\\/07\\\/crunchyroll-premium-1-godina-pretplata-cena-prodaja-srbija.webp\",\"datePublished\":\"2024-07-10T14:14:28+00:00\",\"dateModified\":\"2025-09-22T20:53:43+00:00\",\"breadcrumb\":{\"@id\":\"https:\\\/\\\/apgrejd.com\\\/proizvod\\\/crunchyroll-premium-pretplata-1-godina\\\/#breadcrumb\"},\"inLanguage\":\"en-US\",\"potentialAction\":[{\"@type\":\"ReadAction\",\"target\":[\"https:\\\/\\\/apgrejd.com\\\/proizvod\\\/crunchyroll-premium-pretplata-1-godina\\\/\"]}]},{\"@type\":\"ImageObject\",\"inLanguage\":\"en-US\",\"@id\":\"https:\\\/\\\/apgrejd.com\\\/proizvod\\\/crunchyroll-premium-pretplata-1-godina\\\/#primaryimage\",\"url\":\"https:\\\/\\\/apgrejd.com\\\/wp-content\\\/uploads\\\/2024\\\/07\\\/crunchyroll-premium-1-godina-pretplata-cena-prodaja-srbija.webp\",\"contentUrl\":\"https:\\\/\\\/apgrejd.com\\\/wp-content\\\/uploads\\\/2024\\\/07\\\/crunchyroll-premium-1-godina-pretplata-cena-prodaja-srbija.webp\",\"width\":1080,\"height\":1080,\"caption\":\"crunchyroll premium 1 godina pretplata cena prodaja srbija\"},{\"@type\":\"BreadcrumbList\",\"@id\":\"https:\\\/\\\/apgrejd.com\\\/proizvod\\\/crunchyroll-premium-pretplata-1-godina\\\/#breadcrumb\",\"itemListElement\":[{\"@type\":\"ListItem\",\"position\":1,\"name\":\"Po\u010detna\",\"item\":\"https:\\\/\\\/apgrejd.com\\\/\"},{\"@type\":\"ListItem\",\"position\":2,\"name\":\"Shop\",\"item\":\"https:\\\/\\\/apgrejd.com\\\/shop\\\/\"},{\"@type\":\"ListItem\",\"position\":3,\"name\":\"Crunchyroll Premium &#8211; Pretplata (1 godina)\"}]},{\"@type\":\"WebSite\",\"@id\":\"https:\\\/\\\/apgrejd.com\\\/#website\",\"url\":\"https:\\\/\\\/apgrejd.com\\\/\",\"name\":\"Apgrejd\",\"description\":\"\",\"publisher\":{\"@id\":\"https:\\\/\\\/apgrejd.com\\\/#organization\"},\"potentialAction\":[{\"@type\":\"SearchAction\",\"target\":{\"@type\":\"EntryPoint\",\"urlTemplate\":\"https:\\\/\\\/apgrejd.com\\\/?s={search_term_string}\"},\"query-input\":{\"@type\":\"PropertyValueSpecification\",\"valueRequired\":true,\"valueName\":\"search_term_string\"}}],\"inLanguage\":\"en-US\"},{\"@type\":[\"Organization\",\"Place\"],\"@id\":\"https:\\\/\\\/apgrejd.com\\\/#organization\",\"name\":\"Apgrejd\",\"url\":\"https:\\\/\\\/apgrejd.com\\\/\",\"logo\":{\"@id\":\"https:\\\/\\\/apgrejd.com\\\/proizvod\\\/crunchyroll-premium-pretplata-1-godina\\\/#local-main-organization-logo\"},\"image\":{\"@id\":\"https:\\\/\\\/apgrejd.com\\\/proizvod\\\/crunchyroll-premium-pretplata-1-godina\\\/#local-main-organization-logo\"},\"sameAs\":[\"https:\\\/\\\/www.instagram.com\\\/apgrejduj_shop\"],\"openingHoursSpecification\":[{\"@type\":\"OpeningHoursSpecification\",\"dayOfWeek\":[\"Monday\",\"Tuesday\",\"Wednesday\",\"Thursday\",\"Friday\",\"Saturday\",\"Sunday\"],\"opens\":\"09:00\",\"closes\":\"17:00\"}]},{\"@type\":\"ImageObject\",\"inLanguage\":\"en-US\",\"@id\":\"https:\\\/\\\/apgrejd.com\\\/proizvod\\\/crunchyroll-premium-pretplata-1-godina\\\/#local-main-organization-logo\",\"url\":\"https:\\\/\\\/apgrejd.com\\\/wp-content\\\/uploads\\\/2022\\\/01\\\/cropped-155314956_467576731609892_1539415141695492301_n-removebg-preview.png\",\"contentUrl\":\"https:\\\/\\\/apgrejd.com\\\/wp-content\\\/uploads\\\/2022\\\/01\\\/cropped-155314956_467576731609892_1539415141695492301_n-removebg-preview.png\",\"width\":512,\"height\":512,\"caption\":\"Apgrejd\"}]}<\/script>\n<meta property=\"product:price:amount\" content=\"45\" \/>\n<meta property=\"product:price:currency\" content=\"EUR\" \/>\n<meta property=\"og:availability\" content=\"instock\" \/>\n<meta property=\"product:availability\" content=\"instock\" \/>\n<meta property=\"product:retailer_item_id\" content=\"13015\" \/>\n<meta property=\"product:condition\" content=\"new\" \/>\n<!-- \/ Yoast SEO Premium plugin. -->","yoast_head_json":{"title":"Crunchyroll Premium - Pretplata (1 godina) - Apgrejd","robots":{"index":"index","follow":"follow","max-snippet":"max-snippet:-1","max-image-preview":"max-image-preview:large","max-video-preview":"max-video-preview:-1"},"canonical":"https:\/\/apgrejd.com\/proizvod\/crunchyroll-premium-pretplata-1-godina\/","og_locale":"en_US","og_type":"article","og_title":"Crunchyroll Premium - Pretplata (1 godina)","og_description":"Zvani\u010dna Crunchyroll Premium pretplata   Pristup hiljadama anime serija i filmova   Aktivacija na va\u0161em nalogu   Bez reklama   Prenosi u\u017eivo i ekskluzivni sadr\u017eaji   Offline preuzimanje epizoda   Mo\u017eete koristiti na vi\u0161e ure\u0111aja   24\/7 korisni\u010dka podr\u0161ka i live chat","og_url":"https:\/\/apgrejd.com\/proizvod\/crunchyroll-premium-pretplata-1-godina\/","og_site_name":"Apgrejd","article_modified_time":"2025-09-22T20:53:43+00:00","og_image":[{"width":1080,"height":1080,"url":"https:\/\/apgrejd.com\/wp-content\/uploads\/2024\/07\/crunchyroll-premium-1-godina-pretplata-cena-prodaja-srbija.webp","type":"image\/webp"}],"twitter_card":"summary_large_image","twitter_misc":{"Price":"45&nbsp;&euro;","Availability":"In stock"},"schema":{"@context":"https:\/\/schema.org","@graph":[{"@type":"WebPage","@id":"https:\/\/apgrejd.com\/proizvod\/crunchyroll-premium-pretplata-1-godina\/","url":"https:\/\/apgrejd.com\/proizvod\/crunchyroll-premium-pretplata-1-godina\/","name":"Crunchyroll Premium - Pretplata (1 godina) - Apgrejd","isPartOf":{"@id":"https:\/\/apgrejd.com\/#website"},"primaryImageOfPage":{"@id":"https:\/\/apgrejd.com\/proizvod\/crunchyroll-premium-pretplata-1-godina\/#primaryimage"},"image":{"@id":"https:\/\/apgrejd.com\/proizvod\/crunchyroll-premium-pretplata-1-godina\/#primaryimage"},"thumbnailUrl":"https:\/\/apgrejd.com\/wp-content\/uploads\/2024\/07\/crunchyroll-premium-1-godina-pretplata-cena-prodaja-srbija.webp","datePublished":"2024-07-10T14:14:28+00:00","dateModified":"2025-09-22T20:53:43+00:00","breadcrumb":{"@id":"https:\/\/apgrejd.com\/proizvod\/crunchyroll-premium-pretplata-1-godina\/#breadcrumb"},"inLanguage":"en-US","potentialAction":[{"@type":"ReadAction","target":["https:\/\/apgrejd.com\/proizvod\/crunchyroll-premium-pretplata-1-godina\/"]}]},{"@type":"ImageObject","inLanguage":"en-US","@id":"https:\/\/apgrejd.com\/proizvod\/crunchyroll-premium-pretplata-1-godina\/#primaryimage","url":"https:\/\/apgrejd.com\/wp-content\/uploads\/2024\/07\/crunchyroll-premium-1-godina-pretplata-cena-prodaja-srbija.webp","contentUrl":"https:\/\/apgrejd.com\/wp-content\/uploads\/2024\/07\/crunchyroll-premium-1-godina-pretplata-cena-prodaja-srbija.webp","width":1080,"height":1080,"caption":"crunchyroll premium 1 godina pretplata cena prodaja srbija"},{"@type":"BreadcrumbList","@id":"https:\/\/apgrejd.com\/proizvod\/crunchyroll-premium-pretplata-1-godina\/#breadcrumb","itemListElement":[{"@type":"ListItem","position":1,"name":"Po\u010detna","item":"https:\/\/apgrejd.com\/"},{"@type":"ListItem","position":2,"name":"Shop","item":"https:\/\/apgrejd.com\/shop\/"},{"@type":"ListItem","position":3,"name":"Crunchyroll Premium &#8211; Pretplata (1 godina)"}]},{"@type":"WebSite","@id":"https:\/\/apgrejd.com\/#website","url":"https:\/\/apgrejd.com\/","name":"Apgrejd","description":"","publisher":{"@id":"https:\/\/apgrejd.com\/#organization"},"potentialAction":[{"@type":"SearchAction","target":{"@type":"EntryPoint","urlTemplate":"https:\/\/apgrejd.com\/?s={search_term_string}"},"query-input":{"@type":"PropertyValueSpecification","valueRequired":true,"valueName":"search_term_string"}}],"inLanguage":"en-US"},{"@type":["Organization","Place"],"@id":"https:\/\/apgrejd.com\/#organization","name":"Apgrejd","url":"https:\/\/apgrejd.com\/","logo":{"@id":"https:\/\/apgrejd.com\/proizvod\/crunchyroll-premium-pretplata-1-godina\/#local-main-organization-logo"},"image":{"@id":"https:\/\/apgrejd.com\/proizvod\/crunchyroll-premium-pretplata-1-godina\/#local-main-organization-logo"},"sameAs":["https:\/\/www.instagram.com\/apgrejduj_shop"],"openingHoursSpecification":[{"@type":"OpeningHoursSpecification","dayOfWeek":["Monday","Tuesday","Wednesday","Thursday","Friday","Saturday","Sunday"],"opens":"09:00","closes":"17:00"}]},{"@type":"ImageObject","inLanguage":"en-US","@id":"https:\/\/apgrejd.com\/proizvod\/crunchyroll-premium-pretplata-1-godina\/#local-main-organization-logo","url":"https:\/\/apgrejd.com\/wp-content\/uploads\/2022\/01\/cropped-155314956_467576731609892_1539415141695492301_n-removebg-preview.png","contentUrl":"https:\/\/apgrejd.com\/wp-content\/uploads\/2022\/01\/cropped-155314956_467576731609892_1539415141695492301_n-removebg-preview.png","width":512,"height":512,"caption":"Apgrejd"}]},"product_price_amount":"45","product_price_currency":"EUR","og_availability":"instock","product_availability":"instock","product_retailer_item_id":"13015","product_condition":"new"},"jetpack_sharing_enabled":true,"_links":{"self":[{"href":"https:\/\/apgrejd.com\/en\/wp-json\/wp\/v2\/product\/13015","targetHints":{"allow":["GET"]}}],"collection":[{"href":"https:\/\/apgrejd.com\/en\/wp-json\/wp\/v2\/product"}],"about":[{"href":"https:\/\/apgrejd.com\/en\/wp-json\/wp\/v2\/types\/product"}],"replies":[{"embeddable":true,"href":"https:\/\/apgrejd.com\/en\/wp-json\/wp\/v2\/comments?post=13015"}],"wp:featuredmedia":[{"embeddable":true,"href":"https:\/\/apgrejd.com\/en\/wp-json\/wp\/v2\/media\/13111"}],"wp:attachment":[{"href":"https:\/\/apgrejd.com\/en\/wp-json\/wp\/v2\/media?parent=13015"}],"wp:term":[{"taxonomy":"product_brand","embeddable":true,"href":"https:\/\/apgrejd.com\/en\/wp-json\/wp\/v2\/product_brand?post=13015"},{"taxonomy":"product_cat","embeddable":true,"href":"https:\/\/apgrejd.com\/en\/wp-json\/wp\/v2\/product_cat?post=13015"},{"taxonomy":"product_tag","embeddable":true,"href":"https:\/\/apgrejd.com\/en\/wp-json\/wp\/v2\/product_tag?post=13015"}],"curies":[{"name":"wp","href":"https:\/\/api.w.org\/{rel}","templated":true}]}}