{"id":13602,"date":"2024-09-10T15:49:12","date_gmt":"2024-09-10T14:49:12","guid":{"rendered":"https:\/\/apgrejd.com\/?post_type=product&#038;p=13602"},"modified":"2026-05-05T08:22:20","modified_gmt":"2026-05-05T07:22:20","slug":"capcut-pro-1-godina","status":"publish","type":"product","link":"https:\/\/apgrejd.com\/en\/proizvod\/capcut-pro-1-godina\/","title":{"rendered":"CapCut Pro &#8211; Pretplata"},"content":{"rendered":"<p><span data-mce-type=\"bookmark\" style=\"display: inline-block; width: 0px; overflow: hidden; line-height: 0;\" class=\"mce_SELRES_start\"><span style=\"display: inline-block; width: 0px; overflow: hidden; line-height: 0;\" data-mce-type=\"bookmark\" class=\"mce_SELRES_start\">\ufeff<\/span>\ufeff<\/span><\/p>\n","protected":false},"excerpt":{"rendered":"<ul style=\"list-style: none; padding: 0; margin: 0;\">\n<li><i class=\"fa-regular fa-circle-check\" style=\"color: #70d39c; margin-right: 6px;\"><\/i> Zvani\u010dna CapCut Pro pretplata<\/li>\n<li><i class=\"fa-regular fa-circle-check\" style=\"color: #70d39c; margin-right: 6px;\"><\/i> Pristup svim premium efektima, filterima i alatima za monta\u017eu<\/li>\n<li><i class=\"fa-regular fa-circle-check\" style=\"color: #70d39c; margin-right: 6px;\"><\/i> Bez vodenog \u017eiga i ograni\u010denja pri izvozu videa<\/li>\n<li><i class=\"fa-regular fa-circle-check\" style=\"color: #70d39c; margin-right: 6px;\"><\/i> Visok kvalitet izvoza i napredna prilago\u0111avanja<\/li>\n<li><i class=\"fa-regular fa-circle-check\" style=\"color: #70d39c; margin-right: 6px;\"><\/i> 24\/7 korisni\u010dka podr\u0161ka i live chat<\/li>\n<\/ul>\n<div style=\"margin-top: 16px; padding: 14px 16px; border-left: 3px solid #70d39c; background: #f9f9f9; font-size: 14px; color: #333; line-height: 1.6;\"><i class=\"fa-solid fa-info-circle\" style=\"color: #70d39c; margin-right: 6px;\"><\/i><br \/>\n<strong>Napomena:<\/strong><br \/>\nNakon kupovine, kupac dobija <strong>nov i potpuno privatan CapCut<\/strong>, namenjen isklju\u010divo njegovom kori\u0161\u0107enju.<\/p>\n<p>Kupac ima <strong>punu kontrolu nad nalogom<\/strong>, uklju\u010duju\u0107i mogu\u0107nost izmene lozinke, sigurnosnih pode\u0161avanja i svih povezanih podataka.<\/p>\n<p>Nalog nije deljen sa drugim korisnicima i ostaje trajno u vlasni\u0161tvu kupca.<\/p><\/div>\n","protected":false},"featured_media":13604,"comment_status":"open","ping_status":"closed","template":"","meta":{"_mi_skip_tracking":false,"_monsterinsights_sitenote_active":false,"_monsterinsights_sitenote_note":"","_monsterinsights_sitenote_category":0},"product_brand":[],"product_cat":[15],"product_tag":[369],"class_list":{"0":"post-13602","1":"product","2":"type-product","3":"status-publish","4":"has-post-thumbnail","6":"product_cat-streaming-servisi","7":"product_tag-capcut","9":"first","10":"instock","11":"shipping-taxable","12":"purchasable","13":"product-type-variable"},"exclude_global_add_ons":[],"addons":[],"yoast_head":"<!-- This site is optimized with the Yoast SEO Premium plugin v26.3 (Yoast SEO v27.5) - https:\/\/yoast.com\/product\/yoast-seo-premium-wordpress\/ -->\n<title>CapCut Pro - Pretplata - Apgrejd<\/title>\n<meta name=\"robots\" content=\"index, follow, max-snippet:-1, max-image-preview:large, max-video-preview:-1\" \/>\n<link rel=\"canonical\" href=\"https:\/\/apgrejd.com\/proizvod\/capcut-pro-1-godina\/\" \/>\n<meta property=\"og:locale\" content=\"en_US\" \/>\n<meta property=\"og:type\" content=\"article\" \/>\n<meta property=\"og:title\" content=\"CapCut Pro - Pretplata\" \/>\n<meta property=\"og:description\" content=\"Zvani\u010dna CapCut Pro pretplata   Pristup svim premium efektima, filterima i alatima za monta\u017eu   Bez vodenog \u017eiga i ograni\u010denja pri izvozu videa   Visok kvalitet izvoza i napredna prilago\u0111avanja   24\/7 korisni\u010dka podr\u0161ka i live chat    Napomena: Nakon kupovine, kupac dobija nov i potpuno privatan CapCut, namenjen isklju\u010divo njegovom kori\u0161\u0107enju.  Kupac ima punu kontrolu nad nalogom, uklju\u010duju\u0107i mogu\u0107nost izmene lozinke, sigurnosnih pode\u0161avanja i svih povezanih podataka.  Nalog nije deljen sa drugim korisnicima i ostaje trajno u vlasni\u0161tvu kupca.\" \/>\n<meta property=\"og:url\" content=\"https:\/\/apgrejd.com\/proizvod\/capcut-pro-1-godina\/\" \/>\n<meta property=\"og:site_name\" content=\"Apgrejd\" \/>\n<meta property=\"article:modified_time\" content=\"2026-05-05T07:22:20+00:00\" \/>\n<meta property=\"og:image\" content=\"https:\/\/apgrejd.com\/wp-content\/uploads\/2024\/09\/capcut-pro-6-meseci-pretplata-cena-prodaja-srbija.webp\" \/>\n\t<meta property=\"og:image:width\" content=\"1080\" \/>\n\t<meta property=\"og:image:height\" content=\"1080\" \/>\n\t<meta property=\"og:image:type\" content=\"image\/webp\" \/>\n<meta name=\"twitter:card\" content=\"summary_large_image\" \/>\n<meta name=\"twitter:label1\" content=\"Availability\" \/>\n\t<meta name=\"twitter:data1\" content=\"In stock\" \/>\n<script type=\"application\/ld+json\" class=\"yoast-schema-graph\">{\"@context\":\"https:\\\/\\\/schema.org\",\"@graph\":[{\"@type\":\"WebPage\",\"@id\":\"https:\\\/\\\/apgrejd.com\\\/proizvod\\\/capcut-pro-1-godina\\\/\",\"url\":\"https:\\\/\\\/apgrejd.com\\\/proizvod\\\/capcut-pro-1-godina\\\/\",\"name\":\"CapCut Pro - Pretplata - Apgrejd\",\"isPartOf\":{\"@id\":\"https:\\\/\\\/apgrejd.com\\\/#website\"},\"primaryImageOfPage\":{\"@id\":\"https:\\\/\\\/apgrejd.com\\\/proizvod\\\/capcut-pro-1-godina\\\/#primaryimage\"},\"image\":{\"@id\":\"https:\\\/\\\/apgrejd.com\\\/proizvod\\\/capcut-pro-1-godina\\\/#primaryimage\"},\"thumbnailUrl\":\"https:\\\/\\\/apgrejd.com\\\/wp-content\\\/uploads\\\/2024\\\/09\\\/capcut-pro-6-meseci-pretplata-cena-prodaja-srbija.webp\",\"datePublished\":\"2024-09-10T14:49:12+00:00\",\"dateModified\":\"2026-05-05T07:22:20+00:00\",\"breadcrumb\":{\"@id\":\"https:\\\/\\\/apgrejd.com\\\/proizvod\\\/capcut-pro-1-godina\\\/#breadcrumb\"},\"inLanguage\":\"en-US\",\"potentialAction\":[{\"@type\":\"ReadAction\",\"target\":[\"https:\\\/\\\/apgrejd.com\\\/proizvod\\\/capcut-pro-1-godina\\\/\"]}]},{\"@type\":\"ImageObject\",\"inLanguage\":\"en-US\",\"@id\":\"https:\\\/\\\/apgrejd.com\\\/proizvod\\\/capcut-pro-1-godina\\\/#primaryimage\",\"url\":\"https:\\\/\\\/apgrejd.com\\\/wp-content\\\/uploads\\\/2024\\\/09\\\/capcut-pro-6-meseci-pretplata-cena-prodaja-srbija.webp\",\"contentUrl\":\"https:\\\/\\\/apgrejd.com\\\/wp-content\\\/uploads\\\/2024\\\/09\\\/capcut-pro-6-meseci-pretplata-cena-prodaja-srbija.webp\",\"width\":1080,\"height\":1080,\"caption\":\"capcut pro 1 godina 6 meseci pretplata cena prodaja srbija\"},{\"@type\":\"BreadcrumbList\",\"@id\":\"https:\\\/\\\/apgrejd.com\\\/proizvod\\\/capcut-pro-1-godina\\\/#breadcrumb\",\"itemListElement\":[{\"@type\":\"ListItem\",\"position\":1,\"name\":\"Po\u010detna\",\"item\":\"https:\\\/\\\/apgrejd.com\\\/\"},{\"@type\":\"ListItem\",\"position\":2,\"name\":\"Shop\",\"item\":\"https:\\\/\\\/apgrejd.com\\\/shop\\\/\"},{\"@type\":\"ListItem\",\"position\":3,\"name\":\"CapCut Pro &#8211; Pretplata\"}]},{\"@type\":\"WebSite\",\"@id\":\"https:\\\/\\\/apgrejd.com\\\/#website\",\"url\":\"https:\\\/\\\/apgrejd.com\\\/\",\"name\":\"Apgrejd\",\"description\":\"\",\"publisher\":{\"@id\":\"https:\\\/\\\/apgrejd.com\\\/#organization\"},\"potentialAction\":[{\"@type\":\"SearchAction\",\"target\":{\"@type\":\"EntryPoint\",\"urlTemplate\":\"https:\\\/\\\/apgrejd.com\\\/?s={search_term_string}\"},\"query-input\":{\"@type\":\"PropertyValueSpecification\",\"valueRequired\":true,\"valueName\":\"search_term_string\"}}],\"inLanguage\":\"en-US\"},{\"@type\":[\"Organization\",\"Place\"],\"@id\":\"https:\\\/\\\/apgrejd.com\\\/#organization\",\"name\":\"Apgrejd\",\"url\":\"https:\\\/\\\/apgrejd.com\\\/\",\"logo\":{\"@id\":\"https:\\\/\\\/apgrejd.com\\\/proizvod\\\/capcut-pro-1-godina\\\/#local-main-organization-logo\"},\"image\":{\"@id\":\"https:\\\/\\\/apgrejd.com\\\/proizvod\\\/capcut-pro-1-godina\\\/#local-main-organization-logo\"},\"sameAs\":[\"https:\\\/\\\/www.instagram.com\\\/apgrejduj_shop\"],\"openingHoursSpecification\":[{\"@type\":\"OpeningHoursSpecification\",\"dayOfWeek\":[\"Monday\",\"Tuesday\",\"Wednesday\",\"Thursday\",\"Friday\",\"Saturday\",\"Sunday\"],\"opens\":\"09:00\",\"closes\":\"17:00\"}]},{\"@type\":\"ImageObject\",\"inLanguage\":\"en-US\",\"@id\":\"https:\\\/\\\/apgrejd.com\\\/proizvod\\\/capcut-pro-1-godina\\\/#local-main-organization-logo\",\"url\":\"https:\\\/\\\/apgrejd.com\\\/wp-content\\\/uploads\\\/2022\\\/01\\\/cropped-155314956_467576731609892_1539415141695492301_n-removebg-preview.png\",\"contentUrl\":\"https:\\\/\\\/apgrejd.com\\\/wp-content\\\/uploads\\\/2022\\\/01\\\/cropped-155314956_467576731609892_1539415141695492301_n-removebg-preview.png\",\"width\":512,\"height\":512,\"caption\":\"Apgrejd\"}]}<\/script>\n<meta property=\"og:availability\" content=\"instock\" \/>\n<meta property=\"product:availability\" content=\"instock\" \/>\n<meta property=\"product:retailer_item_id\" content=\"13602\" \/>\n<meta property=\"product:condition\" content=\"new\" \/>\n<!-- \/ Yoast SEO Premium plugin. -->","yoast_head_json":{"title":"CapCut Pro - Pretplata - Apgrejd","robots":{"index":"index","follow":"follow","max-snippet":"max-snippet:-1","max-image-preview":"max-image-preview:large","max-video-preview":"max-video-preview:-1"},"canonical":"https:\/\/apgrejd.com\/proizvod\/capcut-pro-1-godina\/","og_locale":"en_US","og_type":"article","og_title":"CapCut Pro - Pretplata","og_description":"Zvani\u010dna CapCut Pro pretplata   Pristup svim premium efektima, filterima i alatima za monta\u017eu   Bez vodenog \u017eiga i ograni\u010denja pri izvozu videa   Visok kvalitet izvoza i napredna prilago\u0111avanja   24\/7 korisni\u010dka podr\u0161ka i live chat    Napomena: Nakon kupovine, kupac dobija nov i potpuno privatan CapCut, namenjen isklju\u010divo njegovom kori\u0161\u0107enju.  Kupac ima punu kontrolu nad nalogom, uklju\u010duju\u0107i mogu\u0107nost izmene lozinke, sigurnosnih pode\u0161avanja i svih povezanih podataka.  Nalog nije deljen sa drugim korisnicima i ostaje trajno u vlasni\u0161tvu kupca.","og_url":"https:\/\/apgrejd.com\/proizvod\/capcut-pro-1-godina\/","og_site_name":"Apgrejd","article_modified_time":"2026-05-05T07:22:20+00:00","og_image":[{"width":1080,"height":1080,"url":"https:\/\/apgrejd.com\/wp-content\/uploads\/2024\/09\/capcut-pro-6-meseci-pretplata-cena-prodaja-srbija.webp","type":"image\/webp"}],"twitter_card":"summary_large_image","twitter_misc":{"Availability":"In stock"},"schema":{"@context":"https:\/\/schema.org","@graph":[{"@type":"WebPage","@id":"https:\/\/apgrejd.com\/proizvod\/capcut-pro-1-godina\/","url":"https:\/\/apgrejd.com\/proizvod\/capcut-pro-1-godina\/","name":"CapCut Pro - Pretplata - Apgrejd","isPartOf":{"@id":"https:\/\/apgrejd.com\/#website"},"primaryImageOfPage":{"@id":"https:\/\/apgrejd.com\/proizvod\/capcut-pro-1-godina\/#primaryimage"},"image":{"@id":"https:\/\/apgrejd.com\/proizvod\/capcut-pro-1-godina\/#primaryimage"},"thumbnailUrl":"https:\/\/apgrejd.com\/wp-content\/uploads\/2024\/09\/capcut-pro-6-meseci-pretplata-cena-prodaja-srbija.webp","datePublished":"2024-09-10T14:49:12+00:00","dateModified":"2026-05-05T07:22:20+00:00","breadcrumb":{"@id":"https:\/\/apgrejd.com\/proizvod\/capcut-pro-1-godina\/#breadcrumb"},"inLanguage":"en-US","potentialAction":[{"@type":"ReadAction","target":["https:\/\/apgrejd.com\/proizvod\/capcut-pro-1-godina\/"]}]},{"@type":"ImageObject","inLanguage":"en-US","@id":"https:\/\/apgrejd.com\/proizvod\/capcut-pro-1-godina\/#primaryimage","url":"https:\/\/apgrejd.com\/wp-content\/uploads\/2024\/09\/capcut-pro-6-meseci-pretplata-cena-prodaja-srbija.webp","contentUrl":"https:\/\/apgrejd.com\/wp-content\/uploads\/2024\/09\/capcut-pro-6-meseci-pretplata-cena-prodaja-srbija.webp","width":1080,"height":1080,"caption":"capcut pro 1 godina 6 meseci pretplata cena prodaja srbija"},{"@type":"BreadcrumbList","@id":"https:\/\/apgrejd.com\/proizvod\/capcut-pro-1-godina\/#breadcrumb","itemListElement":[{"@type":"ListItem","position":1,"name":"Po\u010detna","item":"https:\/\/apgrejd.com\/"},{"@type":"ListItem","position":2,"name":"Shop","item":"https:\/\/apgrejd.com\/shop\/"},{"@type":"ListItem","position":3,"name":"CapCut Pro &#8211; Pretplata"}]},{"@type":"WebSite","@id":"https:\/\/apgrejd.com\/#website","url":"https:\/\/apgrejd.com\/","name":"Apgrejd","description":"","publisher":{"@id":"https:\/\/apgrejd.com\/#organization"},"potentialAction":[{"@type":"SearchAction","target":{"@type":"EntryPoint","urlTemplate":"https:\/\/apgrejd.com\/?s={search_term_string}"},"query-input":{"@type":"PropertyValueSpecification","valueRequired":true,"valueName":"search_term_string"}}],"inLanguage":"en-US"},{"@type":["Organization","Place"],"@id":"https:\/\/apgrejd.com\/#organization","name":"Apgrejd","url":"https:\/\/apgrejd.com\/","logo":{"@id":"https:\/\/apgrejd.com\/proizvod\/capcut-pro-1-godina\/#local-main-organization-logo"},"image":{"@id":"https:\/\/apgrejd.com\/proizvod\/capcut-pro-1-godina\/#local-main-organization-logo"},"sameAs":["https:\/\/www.instagram.com\/apgrejduj_shop"],"openingHoursSpecification":[{"@type":"OpeningHoursSpecification","dayOfWeek":["Monday","Tuesday","Wednesday","Thursday","Friday","Saturday","Sunday"],"opens":"09:00","closes":"17:00"}]},{"@type":"ImageObject","inLanguage":"en-US","@id":"https:\/\/apgrejd.com\/proizvod\/capcut-pro-1-godina\/#local-main-organization-logo","url":"https:\/\/apgrejd.com\/wp-content\/uploads\/2022\/01\/cropped-155314956_467576731609892_1539415141695492301_n-removebg-preview.png","contentUrl":"https:\/\/apgrejd.com\/wp-content\/uploads\/2022\/01\/cropped-155314956_467576731609892_1539415141695492301_n-removebg-preview.png","width":512,"height":512,"caption":"Apgrejd"}]},"og_availability":"instock","product_availability":"instock","product_retailer_item_id":"13602","product_condition":"new"},"jetpack_sharing_enabled":true,"_links":{"self":[{"href":"https:\/\/apgrejd.com\/en\/wp-json\/wp\/v2\/product\/13602","targetHints":{"allow":["GET"]}}],"collection":[{"href":"https:\/\/apgrejd.com\/en\/wp-json\/wp\/v2\/product"}],"about":[{"href":"https:\/\/apgrejd.com\/en\/wp-json\/wp\/v2\/types\/product"}],"replies":[{"embeddable":true,"href":"https:\/\/apgrejd.com\/en\/wp-json\/wp\/v2\/comments?post=13602"}],"wp:featuredmedia":[{"embeddable":true,"href":"https:\/\/apgrejd.com\/en\/wp-json\/wp\/v2\/media\/13604"}],"wp:attachment":[{"href":"https:\/\/apgrejd.com\/en\/wp-json\/wp\/v2\/media?parent=13602"}],"wp:term":[{"taxonomy":"product_brand","embeddable":true,"href":"https:\/\/apgrejd.com\/en\/wp-json\/wp\/v2\/product_brand?post=13602"},{"taxonomy":"product_cat","embeddable":true,"href":"https:\/\/apgrejd.com\/en\/wp-json\/wp\/v2\/product_cat?post=13602"},{"taxonomy":"product_tag","embeddable":true,"href":"https:\/\/apgrejd.com\/en\/wp-json\/wp\/v2\/product_tag?post=13602"}],"curies":[{"name":"wp","href":"https:\/\/api.w.org\/{rel}","templated":true}]}}