{"id":14916,"date":"2025-05-11T22:02:16","date_gmt":"2025-05-11T21:02:16","guid":{"rendered":"https:\/\/apgrejd.com\/?post_type=product&#038;p=14916"},"modified":"2026-03-20T01:10:17","modified_gmt":"2026-03-20T00:10:17","slug":"playstation-gift-kartice-psn-dopune-uk","status":"publish","type":"product","link":"https:\/\/apgrejd.com\/en\/proizvod\/playstation-gift-kartice-psn-dopune-uk\/","title":{"rendered":"PlayStation Gift Kartice \u2013 PSN Dopune UK"},"content":{"rendered":"","protected":false},"excerpt":{"rendered":"<ul style=\"list-style:none; padding:0; margin:0;\">\n<li><i class=\"fa-regular fa-circle-check\" style=\"color:#70d39c; margin-right:6px;\"><\/i> Zvani\u010dne PlayStation Gift kartice za UK<\/li>\n<li><i class=\"fa-regular fa-circle-check\" style=\"color:#70d39c; margin-right:6px;\"><\/i> Aktivacija direktno na va\u0161em PSN nalogu<\/li>\n<li><i class=\"fa-regular fa-circle-check\" style=\"color:#70d39c; margin-right:6px;\"><\/i> Koriste se za kupovinu igara, dodataka (DLC), PS Plus pretplata i ostalog sadr\u017eaja u PlayStation Store UK<\/li>\n<li><i class=\"fa-regular fa-circle-check\" style=\"color:#70d39c; margin-right:6px;\"><\/i> Instant isporuka i jednostavna aktivacija<\/li>\n<li><i class=\"fa-regular fa-circle-check\" style=\"color:#70d39c; margin-right:6px;\"><\/i> 24\/7 korisni\u010dka podr\u0161ka i live chat<\/li>\n<\/ul>\n<div style=\"margin-top:12px; padding:10px 12px; border-left:3px solid #70d39c; background:#f9f9f9; font-size:14px; color:#333;\">\n  <i class=\"fa-solid fa-info-circle\" style=\"color:#70d39c; margin-right:6px;\"><\/i><br \/>\n  <strong>Napomena:<\/strong> Pre kupovine i aktivacije koda, obavezno proveri da li je dr\u017eava na tvom PlayStation nalogu pode\u0161ena na <b>United&nbsp;Kingdom<\/b>.\n<\/div>\n","protected":false},"featured_media":14932,"comment_status":"open","ping_status":"closed","template":"","meta":{"_mi_skip_tracking":false,"_monsterinsights_sitenote_active":false,"_monsterinsights_sitenote_note":"","_monsterinsights_sitenote_category":0},"product_brand":[],"product_cat":[261],"product_tag":[423,239,422,424],"class_list":{"0":"post-14916","1":"product","2":"type-product","3":"status-publish","4":"has-post-thumbnail","6":"product_cat-gift-kartice","7":"product_tag-dopuna","8":"product_tag-playstation","9":"product_tag-psn","10":"product_tag-uk","12":"first","13":"instock","14":"shipping-taxable","15":"purchasable","16":"product-type-variable"},"exclude_global_add_ons":[],"addons":[],"yoast_head":"<!-- This site is optimized with the Yoast SEO Premium plugin v26.3 (Yoast SEO v27.5) - https:\/\/yoast.com\/product\/yoast-seo-premium-wordpress\/ -->\n<title>PlayStation Gift Kartice \u2013 PSN Dopune UK - Apgrejd<\/title>\n<meta name=\"robots\" content=\"index, follow, max-snippet:-1, max-image-preview:large, max-video-preview:-1\" \/>\n<link rel=\"canonical\" href=\"https:\/\/apgrejd.com\/proizvod\/playstation-gift-kartice-psn-dopune-uk\/\" \/>\n<meta property=\"og:locale\" content=\"en_US\" \/>\n<meta property=\"og:type\" content=\"article\" \/>\n<meta property=\"og:title\" content=\"PlayStation Gift Kartice \u2013 PSN Dopune UK\" \/>\n<meta property=\"og:description\" content=\"Zvani\u010dne PlayStation Gift kartice za UK   Aktivacija direktno na va\u0161em PSN nalogu   Koriste se za kupovinu igara, dodataka (DLC), PS Plus pretplata i ostalog sadr\u017eaja u PlayStation Store UK   Instant isporuka i jednostavna aktivacija   24\/7 korisni\u010dka podr\u0161ka i live chat       Napomena: Pre kupovine i aktivacije koda, obavezno proveri da li je dr\u017eava na tvom PlayStation nalogu pode\u0161ena na United&nbsp;Kingdom.\" \/>\n<meta property=\"og:url\" content=\"https:\/\/apgrejd.com\/proizvod\/playstation-gift-kartice-psn-dopune-uk\/\" \/>\n<meta property=\"og:site_name\" content=\"Apgrejd\" \/>\n<meta property=\"article:modified_time\" content=\"2026-03-20T00:10:17+00:00\" \/>\n<meta property=\"og:image\" content=\"https:\/\/apgrejd.com\/wp-content\/uploads\/2025\/05\/playstation-gift-card-kartice-psn-dopune-uk-cena-prodaja-srbija.png\" \/>\n\t<meta property=\"og:image:width\" content=\"1080\" \/>\n\t<meta property=\"og:image:height\" content=\"1080\" \/>\n\t<meta property=\"og:image:type\" content=\"image\/png\" \/>\n<meta name=\"twitter:card\" content=\"summary_large_image\" \/>\n<meta name=\"twitter:label1\" content=\"Availability\" \/>\n\t<meta name=\"twitter:data1\" content=\"In stock\" \/>\n<script type=\"application\/ld+json\" class=\"yoast-schema-graph\">{\"@context\":\"https:\\\/\\\/schema.org\",\"@graph\":[{\"@type\":\"WebPage\",\"@id\":\"https:\\\/\\\/apgrejd.com\\\/proizvod\\\/playstation-gift-kartice-psn-dopune-uk\\\/\",\"url\":\"https:\\\/\\\/apgrejd.com\\\/proizvod\\\/playstation-gift-kartice-psn-dopune-uk\\\/\",\"name\":\"PlayStation Gift Kartice \u2013 PSN Dopune UK - Apgrejd\",\"isPartOf\":{\"@id\":\"https:\\\/\\\/apgrejd.com\\\/#website\"},\"primaryImageOfPage\":{\"@id\":\"https:\\\/\\\/apgrejd.com\\\/proizvod\\\/playstation-gift-kartice-psn-dopune-uk\\\/#primaryimage\"},\"image\":{\"@id\":\"https:\\\/\\\/apgrejd.com\\\/proizvod\\\/playstation-gift-kartice-psn-dopune-uk\\\/#primaryimage\"},\"thumbnailUrl\":\"https:\\\/\\\/apgrejd.com\\\/wp-content\\\/uploads\\\/2025\\\/05\\\/playstation-gift-card-kartice-psn-dopune-uk-cena-prodaja-srbija.png\",\"datePublished\":\"2025-05-11T21:02:16+00:00\",\"dateModified\":\"2026-03-20T00:10:17+00:00\",\"breadcrumb\":{\"@id\":\"https:\\\/\\\/apgrejd.com\\\/proizvod\\\/playstation-gift-kartice-psn-dopune-uk\\\/#breadcrumb\"},\"inLanguage\":\"en-US\",\"potentialAction\":[{\"@type\":\"ReadAction\",\"target\":[\"https:\\\/\\\/apgrejd.com\\\/proizvod\\\/playstation-gift-kartice-psn-dopune-uk\\\/\"]}]},{\"@type\":\"ImageObject\",\"inLanguage\":\"en-US\",\"@id\":\"https:\\\/\\\/apgrejd.com\\\/proizvod\\\/playstation-gift-kartice-psn-dopune-uk\\\/#primaryimage\",\"url\":\"https:\\\/\\\/apgrejd.com\\\/wp-content\\\/uploads\\\/2025\\\/05\\\/playstation-gift-card-kartice-psn-dopune-uk-cena-prodaja-srbija.png\",\"contentUrl\":\"https:\\\/\\\/apgrejd.com\\\/wp-content\\\/uploads\\\/2025\\\/05\\\/playstation-gift-card-kartice-psn-dopune-uk-cena-prodaja-srbija.png\",\"width\":1080,\"height\":1080,\"caption\":\"playstation gift kartica kartice cena prodaja uk gbp funta srbija dopuna psn 5 10 15 20 25 30 35 40 50 75 100 kupovina online\"},{\"@type\":\"BreadcrumbList\",\"@id\":\"https:\\\/\\\/apgrejd.com\\\/proizvod\\\/playstation-gift-kartice-psn-dopune-uk\\\/#breadcrumb\",\"itemListElement\":[{\"@type\":\"ListItem\",\"position\":1,\"name\":\"Po\u010detna\",\"item\":\"https:\\\/\\\/apgrejd.com\\\/\"},{\"@type\":\"ListItem\",\"position\":2,\"name\":\"Shop\",\"item\":\"https:\\\/\\\/apgrejd.com\\\/shop\\\/\"},{\"@type\":\"ListItem\",\"position\":3,\"name\":\"PlayStation Gift Kartice \u2013 PSN Dopune UK\"}]},{\"@type\":\"WebSite\",\"@id\":\"https:\\\/\\\/apgrejd.com\\\/#website\",\"url\":\"https:\\\/\\\/apgrejd.com\\\/\",\"name\":\"Apgrejd\",\"description\":\"\",\"publisher\":{\"@id\":\"https:\\\/\\\/apgrejd.com\\\/#organization\"},\"potentialAction\":[{\"@type\":\"SearchAction\",\"target\":{\"@type\":\"EntryPoint\",\"urlTemplate\":\"https:\\\/\\\/apgrejd.com\\\/?s={search_term_string}\"},\"query-input\":{\"@type\":\"PropertyValueSpecification\",\"valueRequired\":true,\"valueName\":\"search_term_string\"}}],\"inLanguage\":\"en-US\"},{\"@type\":[\"Organization\",\"Place\"],\"@id\":\"https:\\\/\\\/apgrejd.com\\\/#organization\",\"name\":\"Apgrejd\",\"url\":\"https:\\\/\\\/apgrejd.com\\\/\",\"logo\":{\"@id\":\"https:\\\/\\\/apgrejd.com\\\/proizvod\\\/playstation-gift-kartice-psn-dopune-uk\\\/#local-main-organization-logo\"},\"image\":{\"@id\":\"https:\\\/\\\/apgrejd.com\\\/proizvod\\\/playstation-gift-kartice-psn-dopune-uk\\\/#local-main-organization-logo\"},\"sameAs\":[\"https:\\\/\\\/www.instagram.com\\\/apgrejduj_shop\"],\"openingHoursSpecification\":[{\"@type\":\"OpeningHoursSpecification\",\"dayOfWeek\":[\"Monday\",\"Tuesday\",\"Wednesday\",\"Thursday\",\"Friday\",\"Saturday\",\"Sunday\"],\"opens\":\"09:00\",\"closes\":\"17:00\"}]},{\"@type\":\"ImageObject\",\"inLanguage\":\"en-US\",\"@id\":\"https:\\\/\\\/apgrejd.com\\\/proizvod\\\/playstation-gift-kartice-psn-dopune-uk\\\/#local-main-organization-logo\",\"url\":\"https:\\\/\\\/apgrejd.com\\\/wp-content\\\/uploads\\\/2022\\\/01\\\/cropped-155314956_467576731609892_1539415141695492301_n-removebg-preview.png\",\"contentUrl\":\"https:\\\/\\\/apgrejd.com\\\/wp-content\\\/uploads\\\/2022\\\/01\\\/cropped-155314956_467576731609892_1539415141695492301_n-removebg-preview.png\",\"width\":512,\"height\":512,\"caption\":\"Apgrejd\"}]}<\/script>\n<meta property=\"og:availability\" content=\"instock\" \/>\n<meta property=\"product:availability\" content=\"instock\" \/>\n<meta property=\"product:retailer_item_id\" content=\"14916\" \/>\n<meta property=\"product:condition\" content=\"new\" \/>\n<!-- \/ Yoast SEO Premium plugin. -->","yoast_head_json":{"title":"PlayStation Gift Kartice \u2013 PSN Dopune UK - Apgrejd","robots":{"index":"index","follow":"follow","max-snippet":"max-snippet:-1","max-image-preview":"max-image-preview:large","max-video-preview":"max-video-preview:-1"},"canonical":"https:\/\/apgrejd.com\/proizvod\/playstation-gift-kartice-psn-dopune-uk\/","og_locale":"en_US","og_type":"article","og_title":"PlayStation Gift Kartice \u2013 PSN Dopune UK","og_description":"Zvani\u010dne PlayStation Gift kartice za UK   Aktivacija direktno na va\u0161em PSN nalogu   Koriste se za kupovinu igara, dodataka (DLC), PS Plus pretplata i ostalog sadr\u017eaja u PlayStation Store UK   Instant isporuka i jednostavna aktivacija   24\/7 korisni\u010dka podr\u0161ka i live chat       Napomena: Pre kupovine i aktivacije koda, obavezno proveri da li je dr\u017eava na tvom PlayStation nalogu pode\u0161ena na United&nbsp;Kingdom.","og_url":"https:\/\/apgrejd.com\/proizvod\/playstation-gift-kartice-psn-dopune-uk\/","og_site_name":"Apgrejd","article_modified_time":"2026-03-20T00:10:17+00:00","og_image":[{"width":1080,"height":1080,"url":"https:\/\/apgrejd.com\/wp-content\/uploads\/2025\/05\/playstation-gift-card-kartice-psn-dopune-uk-cena-prodaja-srbija.png","type":"image\/png"}],"twitter_card":"summary_large_image","twitter_misc":{"Availability":"In stock"},"schema":{"@context":"https:\/\/schema.org","@graph":[{"@type":"WebPage","@id":"https:\/\/apgrejd.com\/proizvod\/playstation-gift-kartice-psn-dopune-uk\/","url":"https:\/\/apgrejd.com\/proizvod\/playstation-gift-kartice-psn-dopune-uk\/","name":"PlayStation Gift Kartice \u2013 PSN Dopune UK - Apgrejd","isPartOf":{"@id":"https:\/\/apgrejd.com\/#website"},"primaryImageOfPage":{"@id":"https:\/\/apgrejd.com\/proizvod\/playstation-gift-kartice-psn-dopune-uk\/#primaryimage"},"image":{"@id":"https:\/\/apgrejd.com\/proizvod\/playstation-gift-kartice-psn-dopune-uk\/#primaryimage"},"thumbnailUrl":"https:\/\/apgrejd.com\/wp-content\/uploads\/2025\/05\/playstation-gift-card-kartice-psn-dopune-uk-cena-prodaja-srbija.png","datePublished":"2025-05-11T21:02:16+00:00","dateModified":"2026-03-20T00:10:17+00:00","breadcrumb":{"@id":"https:\/\/apgrejd.com\/proizvod\/playstation-gift-kartice-psn-dopune-uk\/#breadcrumb"},"inLanguage":"en-US","potentialAction":[{"@type":"ReadAction","target":["https:\/\/apgrejd.com\/proizvod\/playstation-gift-kartice-psn-dopune-uk\/"]}]},{"@type":"ImageObject","inLanguage":"en-US","@id":"https:\/\/apgrejd.com\/proizvod\/playstation-gift-kartice-psn-dopune-uk\/#primaryimage","url":"https:\/\/apgrejd.com\/wp-content\/uploads\/2025\/05\/playstation-gift-card-kartice-psn-dopune-uk-cena-prodaja-srbija.png","contentUrl":"https:\/\/apgrejd.com\/wp-content\/uploads\/2025\/05\/playstation-gift-card-kartice-psn-dopune-uk-cena-prodaja-srbija.png","width":1080,"height":1080,"caption":"playstation gift kartica kartice cena prodaja uk gbp funta srbija dopuna psn 5 10 15 20 25 30 35 40 50 75 100 kupovina online"},{"@type":"BreadcrumbList","@id":"https:\/\/apgrejd.com\/proizvod\/playstation-gift-kartice-psn-dopune-uk\/#breadcrumb","itemListElement":[{"@type":"ListItem","position":1,"name":"Po\u010detna","item":"https:\/\/apgrejd.com\/"},{"@type":"ListItem","position":2,"name":"Shop","item":"https:\/\/apgrejd.com\/shop\/"},{"@type":"ListItem","position":3,"name":"PlayStation Gift Kartice \u2013 PSN Dopune UK"}]},{"@type":"WebSite","@id":"https:\/\/apgrejd.com\/#website","url":"https:\/\/apgrejd.com\/","name":"Apgrejd","description":"","publisher":{"@id":"https:\/\/apgrejd.com\/#organization"},"potentialAction":[{"@type":"SearchAction","target":{"@type":"EntryPoint","urlTemplate":"https:\/\/apgrejd.com\/?s={search_term_string}"},"query-input":{"@type":"PropertyValueSpecification","valueRequired":true,"valueName":"search_term_string"}}],"inLanguage":"en-US"},{"@type":["Organization","Place"],"@id":"https:\/\/apgrejd.com\/#organization","name":"Apgrejd","url":"https:\/\/apgrejd.com\/","logo":{"@id":"https:\/\/apgrejd.com\/proizvod\/playstation-gift-kartice-psn-dopune-uk\/#local-main-organization-logo"},"image":{"@id":"https:\/\/apgrejd.com\/proizvod\/playstation-gift-kartice-psn-dopune-uk\/#local-main-organization-logo"},"sameAs":["https:\/\/www.instagram.com\/apgrejduj_shop"],"openingHoursSpecification":[{"@type":"OpeningHoursSpecification","dayOfWeek":["Monday","Tuesday","Wednesday","Thursday","Friday","Saturday","Sunday"],"opens":"09:00","closes":"17:00"}]},{"@type":"ImageObject","inLanguage":"en-US","@id":"https:\/\/apgrejd.com\/proizvod\/playstation-gift-kartice-psn-dopune-uk\/#local-main-organization-logo","url":"https:\/\/apgrejd.com\/wp-content\/uploads\/2022\/01\/cropped-155314956_467576731609892_1539415141695492301_n-removebg-preview.png","contentUrl":"https:\/\/apgrejd.com\/wp-content\/uploads\/2022\/01\/cropped-155314956_467576731609892_1539415141695492301_n-removebg-preview.png","width":512,"height":512,"caption":"Apgrejd"}]},"og_availability":"instock","product_availability":"instock","product_retailer_item_id":"14916","product_condition":"new"},"jetpack_sharing_enabled":true,"_links":{"self":[{"href":"https:\/\/apgrejd.com\/en\/wp-json\/wp\/v2\/product\/14916","targetHints":{"allow":["GET"]}}],"collection":[{"href":"https:\/\/apgrejd.com\/en\/wp-json\/wp\/v2\/product"}],"about":[{"href":"https:\/\/apgrejd.com\/en\/wp-json\/wp\/v2\/types\/product"}],"replies":[{"embeddable":true,"href":"https:\/\/apgrejd.com\/en\/wp-json\/wp\/v2\/comments?post=14916"}],"wp:featuredmedia":[{"embeddable":true,"href":"https:\/\/apgrejd.com\/en\/wp-json\/wp\/v2\/media\/14932"}],"wp:attachment":[{"href":"https:\/\/apgrejd.com\/en\/wp-json\/wp\/v2\/media?parent=14916"}],"wp:term":[{"taxonomy":"product_brand","embeddable":true,"href":"https:\/\/apgrejd.com\/en\/wp-json\/wp\/v2\/product_brand?post=14916"},{"taxonomy":"product_cat","embeddable":true,"href":"https:\/\/apgrejd.com\/en\/wp-json\/wp\/v2\/product_cat?post=14916"},{"taxonomy":"product_tag","embeddable":true,"href":"https:\/\/apgrejd.com\/en\/wp-json\/wp\/v2\/product_tag?post=14916"}],"curies":[{"name":"wp","href":"https:\/\/api.w.org\/{rel}","templated":true}]}}