{"id":15582,"date":"2025-09-24T21:22:54","date_gmt":"2025-09-24T20:22:54","guid":{"rendered":"https:\/\/apgrejd.com\/?post_type=product&#038;p=15582"},"modified":"2026-03-24T13:59:41","modified_gmt":"2026-03-24T12:59:41","slug":"coursera-plus-pretplata-1-godina","status":"publish","type":"product","link":"https:\/\/apgrejd.com\/en\/proizvod\/coursera-plus-pretplata-1-godina\/","title":{"rendered":"Coursera Plus &#8211; Pretplata (1 godina)"},"content":{"rendered":"<p><span data-mce-type=\"bookmark\" style=\"display: inline-block; width: 0px; overflow: hidden; line-height: 0;\" class=\"mce_SELRES_start\">\ufeff<\/span><\/p>\n","protected":false},"excerpt":{"rendered":"<ul style=\"list-style: none; padding: 0; margin: 0;\">\n<li><i class=\"fa-regular fa-circle-check\" style=\"color: #70d39c; margin-right: 6px;\"><\/i> Zvani\u010dna Coursera Plus pretplata<\/li>\n<li><i class=\"fa-regular fa-circle-check\" style=\"color: #70d39c; margin-right: 6px;\"><\/i> Pristup preko 7.000 online kurseva<\/li>\n<li><i class=\"fa-regular fa-circle-check\" style=\"color: #70d39c; margin-right: 6px;\"><\/i> Sertifikati koji se priznaju globalno<\/li>\n<li><i class=\"fa-regular fa-circle-check\" style=\"color: #70d39c; margin-right: 6px;\"><\/i> Kursevi sa univerziteta i kompanija poput Google, Meta, Stanford<\/li>\n<li><i class=\"fa-regular fa-circle-check\" style=\"color: #70d39c; margin-right: 6px;\"><\/i> Neograni\u010den broj kurseva tokom cele godine<\/li>\n<li><i class=\"fa-regular fa-circle-check\" style=\"color: #70d39c; margin-right: 6px;\"><\/i> Fleksibilno u\u010denje \u2013 gledaj lekcije kad god ti odgovara<\/li>\n<li><i class=\"fa-regular fa-circle-check\" style=\"color: #70d39c; margin-right: 6px;\"><\/i> 24\/7 korisni\u010dka podr\u0161ka i pomo\u0107 pri u\u010denju<\/li>\n<\/ul>\n","protected":false},"featured_media":15583,"comment_status":"open","ping_status":"closed","template":"","meta":{"_mi_skip_tracking":false,"_monsterinsights_sitenote_active":false,"_monsterinsights_sitenote_note":"","_monsterinsights_sitenote_category":0},"product_brand":[],"product_cat":[15],"product_tag":[431],"class_list":{"0":"post-15582","1":"product","2":"type-product","3":"status-publish","4":"has-post-thumbnail","6":"product_cat-streaming-servisi","7":"product_tag-coursera","9":"first","10":"instock","11":"sale","12":"shipping-taxable","13":"purchasable","14":"product-type-simple"},"exclude_global_add_ons":false,"addons":[{"name":"Email","type":"custom_text","position":0,"required":true,"title_format":"label","default":"","description_enable":false,"description":"","placeholder_enable":false,"placeholder":"","display":"select","restrictions_type":"email","adjust_price":false,"price":"","price_type":"flat_fee","restrictions":false,"min":"0","max":"0","options":[],"id":1765372666},{"name":"Password","type":"custom_text","position":1,"required":true,"title_format":"label","default":"","description_enable":false,"description":"","placeholder_enable":false,"placeholder":"","display":"select","restrictions_type":"any_text","adjust_price":false,"price":"","price_type":"flat_fee","restrictions":false,"min":"0","max":"0","options":[],"id":1765372667}],"yoast_head":"<!-- This site is optimized with the Yoast SEO Premium plugin v26.3 (Yoast SEO v27.5) - https:\/\/yoast.com\/product\/yoast-seo-premium-wordpress\/ -->\n<title>Coursera Plus - Pretplata (1 godina) - Apgrejd<\/title>\n<meta name=\"robots\" content=\"index, follow, max-snippet:-1, max-image-preview:large, max-video-preview:-1\" \/>\n<link rel=\"canonical\" href=\"https:\/\/apgrejd.com\/proizvod\/coursera-plus-pretplata-1-godina\/\" \/>\n<meta property=\"og:locale\" content=\"en_US\" \/>\n<meta property=\"og:type\" content=\"article\" \/>\n<meta property=\"og:title\" content=\"Coursera Plus - Pretplata (1 godina)\" \/>\n<meta property=\"og:description\" content=\"Zvani\u010dna Coursera Plus pretplata   Pristup preko 7.000 online kurseva   Sertifikati koji se priznaju globalno   Kursevi sa univerziteta i kompanija poput Google, Meta, Stanford   Neograni\u010den broj kurseva tokom cele godine   Fleksibilno u\u010denje \u2013 gledaj lekcije kad god ti odgovara   24\/7 korisni\u010dka podr\u0161ka i pomo\u0107 pri u\u010denju\" \/>\n<meta property=\"og:url\" content=\"https:\/\/apgrejd.com\/proizvod\/coursera-plus-pretplata-1-godina\/\" \/>\n<meta property=\"og:site_name\" content=\"Apgrejd\" \/>\n<meta property=\"article:modified_time\" content=\"2026-03-24T12:59:41+00:00\" \/>\n<meta property=\"og:image\" content=\"https:\/\/apgrejd.com\/wp-content\/uploads\/2025\/09\/coursera-plus-1-godina-pretplata-cena-prodaja-srbija.webp\" \/>\n\t<meta property=\"og:image:width\" content=\"1080\" \/>\n\t<meta property=\"og:image:height\" content=\"1080\" \/>\n\t<meta property=\"og:image:type\" content=\"image\/webp\" \/>\n<meta name=\"twitter:card\" content=\"summary_large_image\" \/>\n<meta name=\"twitter:label1\" content=\"Price\" \/>\n\t<meta name=\"twitter:data1\" content=\"90&nbsp;&euro;\" \/>\n\t<meta name=\"twitter:label2\" content=\"Availability\" \/>\n\t<meta name=\"twitter:data2\" content=\"In stock\" \/>\n<script type=\"application\/ld+json\" class=\"yoast-schema-graph\">{\"@context\":\"https:\\\/\\\/schema.org\",\"@graph\":[{\"@type\":\"WebPage\",\"@id\":\"https:\\\/\\\/apgrejd.com\\\/proizvod\\\/coursera-plus-pretplata-1-godina\\\/\",\"url\":\"https:\\\/\\\/apgrejd.com\\\/proizvod\\\/coursera-plus-pretplata-1-godina\\\/\",\"name\":\"Coursera Plus - Pretplata (1 godina) - Apgrejd\",\"isPartOf\":{\"@id\":\"https:\\\/\\\/apgrejd.com\\\/#website\"},\"primaryImageOfPage\":{\"@id\":\"https:\\\/\\\/apgrejd.com\\\/proizvod\\\/coursera-plus-pretplata-1-godina\\\/#primaryimage\"},\"image\":{\"@id\":\"https:\\\/\\\/apgrejd.com\\\/proizvod\\\/coursera-plus-pretplata-1-godina\\\/#primaryimage\"},\"thumbnailUrl\":\"https:\\\/\\\/apgrejd.com\\\/wp-content\\\/uploads\\\/2025\\\/09\\\/coursera-plus-1-godina-pretplata-cena-prodaja-srbija.webp\",\"datePublished\":\"2025-09-24T20:22:54+00:00\",\"dateModified\":\"2026-03-24T12:59:41+00:00\",\"breadcrumb\":{\"@id\":\"https:\\\/\\\/apgrejd.com\\\/proizvod\\\/coursera-plus-pretplata-1-godina\\\/#breadcrumb\"},\"inLanguage\":\"en-US\",\"potentialAction\":[{\"@type\":\"ReadAction\",\"target\":[\"https:\\\/\\\/apgrejd.com\\\/proizvod\\\/coursera-plus-pretplata-1-godina\\\/\"]}]},{\"@type\":\"ImageObject\",\"inLanguage\":\"en-US\",\"@id\":\"https:\\\/\\\/apgrejd.com\\\/proizvod\\\/coursera-plus-pretplata-1-godina\\\/#primaryimage\",\"url\":\"https:\\\/\\\/apgrejd.com\\\/wp-content\\\/uploads\\\/2025\\\/09\\\/coursera-plus-1-godina-pretplata-cena-prodaja-srbija.webp\",\"contentUrl\":\"https:\\\/\\\/apgrejd.com\\\/wp-content\\\/uploads\\\/2025\\\/09\\\/coursera-plus-1-godina-pretplata-cena-prodaja-srbija.webp\",\"width\":1080,\"height\":1080,\"caption\":\"coursera plus 1 godina pretplata cena prodaja srbija\"},{\"@type\":\"BreadcrumbList\",\"@id\":\"https:\\\/\\\/apgrejd.com\\\/proizvod\\\/coursera-plus-pretplata-1-godina\\\/#breadcrumb\",\"itemListElement\":[{\"@type\":\"ListItem\",\"position\":1,\"name\":\"Po\u010detna\",\"item\":\"https:\\\/\\\/apgrejd.com\\\/\"},{\"@type\":\"ListItem\",\"position\":2,\"name\":\"Shop\",\"item\":\"https:\\\/\\\/apgrejd.com\\\/shop\\\/\"},{\"@type\":\"ListItem\",\"position\":3,\"name\":\"Coursera Plus &#8211; Pretplata (1 godina)\"}]},{\"@type\":\"WebSite\",\"@id\":\"https:\\\/\\\/apgrejd.com\\\/#website\",\"url\":\"https:\\\/\\\/apgrejd.com\\\/\",\"name\":\"Apgrejd\",\"description\":\"\",\"publisher\":{\"@id\":\"https:\\\/\\\/apgrejd.com\\\/#organization\"},\"potentialAction\":[{\"@type\":\"SearchAction\",\"target\":{\"@type\":\"EntryPoint\",\"urlTemplate\":\"https:\\\/\\\/apgrejd.com\\\/?s={search_term_string}\"},\"query-input\":{\"@type\":\"PropertyValueSpecification\",\"valueRequired\":true,\"valueName\":\"search_term_string\"}}],\"inLanguage\":\"en-US\"},{\"@type\":[\"Organization\",\"Place\"],\"@id\":\"https:\\\/\\\/apgrejd.com\\\/#organization\",\"name\":\"Apgrejd\",\"url\":\"https:\\\/\\\/apgrejd.com\\\/\",\"logo\":{\"@id\":\"https:\\\/\\\/apgrejd.com\\\/proizvod\\\/coursera-plus-pretplata-1-godina\\\/#local-main-organization-logo\"},\"image\":{\"@id\":\"https:\\\/\\\/apgrejd.com\\\/proizvod\\\/coursera-plus-pretplata-1-godina\\\/#local-main-organization-logo\"},\"sameAs\":[\"https:\\\/\\\/www.instagram.com\\\/apgrejduj_shop\"],\"openingHoursSpecification\":[{\"@type\":\"OpeningHoursSpecification\",\"dayOfWeek\":[\"Monday\",\"Tuesday\",\"Wednesday\",\"Thursday\",\"Friday\",\"Saturday\",\"Sunday\"],\"opens\":\"09:00\",\"closes\":\"17:00\"}]},{\"@type\":\"ImageObject\",\"inLanguage\":\"en-US\",\"@id\":\"https:\\\/\\\/apgrejd.com\\\/proizvod\\\/coursera-plus-pretplata-1-godina\\\/#local-main-organization-logo\",\"url\":\"https:\\\/\\\/apgrejd.com\\\/wp-content\\\/uploads\\\/2022\\\/01\\\/cropped-155314956_467576731609892_1539415141695492301_n-removebg-preview.png\",\"contentUrl\":\"https:\\\/\\\/apgrejd.com\\\/wp-content\\\/uploads\\\/2022\\\/01\\\/cropped-155314956_467576731609892_1539415141695492301_n-removebg-preview.png\",\"width\":512,\"height\":512,\"caption\":\"Apgrejd\"}]}<\/script>\n<meta property=\"product:price:amount\" content=\"90\" \/>\n<meta property=\"product:price:currency\" content=\"EUR\" \/>\n<meta property=\"og:availability\" content=\"instock\" \/>\n<meta property=\"product:availability\" content=\"instock\" \/>\n<meta property=\"product:condition\" content=\"new\" \/>\n<!-- \/ Yoast SEO Premium plugin. -->","yoast_head_json":{"title":"Coursera Plus - Pretplata (1 godina) - Apgrejd","robots":{"index":"index","follow":"follow","max-snippet":"max-snippet:-1","max-image-preview":"max-image-preview:large","max-video-preview":"max-video-preview:-1"},"canonical":"https:\/\/apgrejd.com\/proizvod\/coursera-plus-pretplata-1-godina\/","og_locale":"en_US","og_type":"article","og_title":"Coursera Plus - Pretplata (1 godina)","og_description":"Zvani\u010dna Coursera Plus pretplata   Pristup preko 7.000 online kurseva   Sertifikati koji se priznaju globalno   Kursevi sa univerziteta i kompanija poput Google, Meta, Stanford   Neograni\u010den broj kurseva tokom cele godine   Fleksibilno u\u010denje \u2013 gledaj lekcije kad god ti odgovara   24\/7 korisni\u010dka podr\u0161ka i pomo\u0107 pri u\u010denju","og_url":"https:\/\/apgrejd.com\/proizvod\/coursera-plus-pretplata-1-godina\/","og_site_name":"Apgrejd","article_modified_time":"2026-03-24T12:59:41+00:00","og_image":[{"width":1080,"height":1080,"url":"https:\/\/apgrejd.com\/wp-content\/uploads\/2025\/09\/coursera-plus-1-godina-pretplata-cena-prodaja-srbija.webp","type":"image\/webp"}],"twitter_card":"summary_large_image","twitter_misc":{"Price":"90&nbsp;&euro;","Availability":"In stock"},"schema":{"@context":"https:\/\/schema.org","@graph":[{"@type":"WebPage","@id":"https:\/\/apgrejd.com\/proizvod\/coursera-plus-pretplata-1-godina\/","url":"https:\/\/apgrejd.com\/proizvod\/coursera-plus-pretplata-1-godina\/","name":"Coursera Plus - Pretplata (1 godina) - Apgrejd","isPartOf":{"@id":"https:\/\/apgrejd.com\/#website"},"primaryImageOfPage":{"@id":"https:\/\/apgrejd.com\/proizvod\/coursera-plus-pretplata-1-godina\/#primaryimage"},"image":{"@id":"https:\/\/apgrejd.com\/proizvod\/coursera-plus-pretplata-1-godina\/#primaryimage"},"thumbnailUrl":"https:\/\/apgrejd.com\/wp-content\/uploads\/2025\/09\/coursera-plus-1-godina-pretplata-cena-prodaja-srbija.webp","datePublished":"2025-09-24T20:22:54+00:00","dateModified":"2026-03-24T12:59:41+00:00","breadcrumb":{"@id":"https:\/\/apgrejd.com\/proizvod\/coursera-plus-pretplata-1-godina\/#breadcrumb"},"inLanguage":"en-US","potentialAction":[{"@type":"ReadAction","target":["https:\/\/apgrejd.com\/proizvod\/coursera-plus-pretplata-1-godina\/"]}]},{"@type":"ImageObject","inLanguage":"en-US","@id":"https:\/\/apgrejd.com\/proizvod\/coursera-plus-pretplata-1-godina\/#primaryimage","url":"https:\/\/apgrejd.com\/wp-content\/uploads\/2025\/09\/coursera-plus-1-godina-pretplata-cena-prodaja-srbija.webp","contentUrl":"https:\/\/apgrejd.com\/wp-content\/uploads\/2025\/09\/coursera-plus-1-godina-pretplata-cena-prodaja-srbija.webp","width":1080,"height":1080,"caption":"coursera plus 1 godina pretplata cena prodaja srbija"},{"@type":"BreadcrumbList","@id":"https:\/\/apgrejd.com\/proizvod\/coursera-plus-pretplata-1-godina\/#breadcrumb","itemListElement":[{"@type":"ListItem","position":1,"name":"Po\u010detna","item":"https:\/\/apgrejd.com\/"},{"@type":"ListItem","position":2,"name":"Shop","item":"https:\/\/apgrejd.com\/shop\/"},{"@type":"ListItem","position":3,"name":"Coursera Plus &#8211; Pretplata (1 godina)"}]},{"@type":"WebSite","@id":"https:\/\/apgrejd.com\/#website","url":"https:\/\/apgrejd.com\/","name":"Apgrejd","description":"","publisher":{"@id":"https:\/\/apgrejd.com\/#organization"},"potentialAction":[{"@type":"SearchAction","target":{"@type":"EntryPoint","urlTemplate":"https:\/\/apgrejd.com\/?s={search_term_string}"},"query-input":{"@type":"PropertyValueSpecification","valueRequired":true,"valueName":"search_term_string"}}],"inLanguage":"en-US"},{"@type":["Organization","Place"],"@id":"https:\/\/apgrejd.com\/#organization","name":"Apgrejd","url":"https:\/\/apgrejd.com\/","logo":{"@id":"https:\/\/apgrejd.com\/proizvod\/coursera-plus-pretplata-1-godina\/#local-main-organization-logo"},"image":{"@id":"https:\/\/apgrejd.com\/proizvod\/coursera-plus-pretplata-1-godina\/#local-main-organization-logo"},"sameAs":["https:\/\/www.instagram.com\/apgrejduj_shop"],"openingHoursSpecification":[{"@type":"OpeningHoursSpecification","dayOfWeek":["Monday","Tuesday","Wednesday","Thursday","Friday","Saturday","Sunday"],"opens":"09:00","closes":"17:00"}]},{"@type":"ImageObject","inLanguage":"en-US","@id":"https:\/\/apgrejd.com\/proizvod\/coursera-plus-pretplata-1-godina\/#local-main-organization-logo","url":"https:\/\/apgrejd.com\/wp-content\/uploads\/2022\/01\/cropped-155314956_467576731609892_1539415141695492301_n-removebg-preview.png","contentUrl":"https:\/\/apgrejd.com\/wp-content\/uploads\/2022\/01\/cropped-155314956_467576731609892_1539415141695492301_n-removebg-preview.png","width":512,"height":512,"caption":"Apgrejd"}]},"product_price_amount":"90","product_price_currency":"EUR","og_availability":"instock","product_availability":"instock","product_condition":"new"},"jetpack_sharing_enabled":true,"_links":{"self":[{"href":"https:\/\/apgrejd.com\/en\/wp-json\/wp\/v2\/product\/15582","targetHints":{"allow":["GET"]}}],"collection":[{"href":"https:\/\/apgrejd.com\/en\/wp-json\/wp\/v2\/product"}],"about":[{"href":"https:\/\/apgrejd.com\/en\/wp-json\/wp\/v2\/types\/product"}],"replies":[{"embeddable":true,"href":"https:\/\/apgrejd.com\/en\/wp-json\/wp\/v2\/comments?post=15582"}],"wp:featuredmedia":[{"embeddable":true,"href":"https:\/\/apgrejd.com\/en\/wp-json\/wp\/v2\/media\/15583"}],"wp:attachment":[{"href":"https:\/\/apgrejd.com\/en\/wp-json\/wp\/v2\/media?parent=15582"}],"wp:term":[{"taxonomy":"product_brand","embeddable":true,"href":"https:\/\/apgrejd.com\/en\/wp-json\/wp\/v2\/product_brand?post=15582"},{"taxonomy":"product_cat","embeddable":true,"href":"https:\/\/apgrejd.com\/en\/wp-json\/wp\/v2\/product_cat?post=15582"},{"taxonomy":"product_tag","embeddable":true,"href":"https:\/\/apgrejd.com\/en\/wp-json\/wp\/v2\/product_tag?post=15582"}],"curies":[{"name":"wp","href":"https:\/\/api.w.org\/{rel}","templated":true}]}}