{"id":9705,"date":"2022-01-27T18:39:15","date_gmt":"2022-01-27T17:39:15","guid":{"rendered":"https:\/\/apgrejd.com\/?post_type=product&#038;p=9705"},"modified":"2026-05-05T12:22:13","modified_gmt":"2026-05-05T11:22:13","slug":"ca-nva-pro-pretplata","status":"publish","type":"product","link":"https:\/\/apgrejd.com\/en\/proizvod\/ca-nva-pro-pretplata\/","title":{"rendered":"Canv.a Pro &#8211; Pretplata"},"content":{"rendered":"<p>Evo kratke liste razloga za\u0161to je Ca~nv.a Pro odli\u010dan:<\/p>\n<ol>\n<li><strong>Napredne funkcije:<\/strong> Pru\u017ea mo\u0107ne alate za kreativan dizajn.<\/li>\n<li><strong>Profesionalni \u0161abloni:<\/strong> Velik izbor \u0161ablona za svaku namenu.<\/li>\n<li><strong>Pozadinsko uklanjanje:<\/strong> Lako izdvaja objekte sa slika.<\/li>\n<li><strong>Bogata biblioteka resursa:<\/strong> Visokokvalitetne slike, fontovi i ikone.<\/li>\n<li><strong>Timski rad:<\/strong> Omogu\u0107ava zajedni\u010dko ure\u0111ivanje projekata.<\/li>\n<li><strong>Prilagodljive dimenzije:<\/strong> Prilagodite dizajne za razli\u010dite platforme.<\/li>\n<li><strong>Prioritetna podr\u0161ka:<\/strong> Brza pomo\u0107 korisnicima.<\/li>\n<li><strong>Profesionalni izgled:<\/strong> Postignite stru\u010dan izgled bez muke.<\/li>\n<li><strong>Offline rad:<\/strong> Radite bez interneta.<\/li>\n<li><strong>Konstantna a\u017euriranja:<\/strong> Novi alati i resursi za stalnu inspiraciju.<\/li>\n<\/ol>\n","protected":false},"excerpt":{"rendered":"<div style=\"margin-top: 12px; padding: 10px 12px; border-left: 3px solid #e74c3c; background: #f9f9f9; font-size: 14px; color: #333;\"><i class=\"fa-solid fa-triangle-exclamation\" style=\"color: #e74c3c; margin-right: 6px;\"><\/i><br \/>\n<strong>Disclaimer:<\/strong> Zbog problema sa autorskim pravima, izmenili smo naziv proizvoda i sliku.<br \/>\nMe\u0111utim, proizvod je identi\u010dan zvani\u010dnom.<\/div>\n<p style=\"margin-top: 10px;\">Odaberite \u017eeljenu verziju ispod kako biste prikazali odgovaraju\u0107i opis proizvoda.<\/p>\n","protected":false},"featured_media":14262,"comment_status":"open","ping_status":"closed","template":"","meta":{"_mi_skip_tracking":false,"_monsterinsights_sitenote_active":false,"_monsterinsights_sitenote_note":"","_monsterinsights_sitenote_category":0},"product_brand":[],"product_cat":[15],"product_tag":[248,198,247],"class_list":{"0":"post-9705","1":"product","2":"type-product","3":"status-publish","4":"has-post-thumbnail","6":"product_cat-streaming-servisi","7":"product_tag-dozivotno","8":"product_tag-pretplata","9":"product_tag-pro","11":"first","12":"instock","13":"shipping-taxable","14":"purchasable","15":"product-type-variable","16":"has-default-attributes"},"exclude_global_add_ons":true,"addons":[{"name":"Canva email","type":"custom_text","position":0,"required":true,"title_format":"label","default":"","description_enable":false,"description":"","placeholder_enable":false,"placeholder":"","display":"select","restrictions_type":"email","adjust_price":false,"price":"","price_type":"flat_fee","restrictions":false,"min":"0","max":"0","options":[],"id":1721663543}],"yoast_head":"<!-- This site is optimized with the Yoast SEO Premium plugin v26.3 (Yoast SEO v27.5) - https:\/\/yoast.com\/product\/yoast-seo-premium-wordpress\/ -->\n<title>Canva Pro - Pretplata (Do\u017eivotno) - Apgrejd<\/title>\n<meta name=\"description\" content=\"Osigurajte sebi do\u017eivotni pristup Canva Pro i otkrijte svet bezgrani\u010dne kreativnosti uz napredne alate za dizajn i ure\u0111ivanje.\" \/>\n<meta name=\"robots\" content=\"index, follow, max-snippet:-1, max-image-preview:large, max-video-preview:-1\" \/>\n<link rel=\"canonical\" href=\"https:\/\/apgrejd.com\/proizvod\/ca-nva-pro-pretplata\/\" \/>\n<meta property=\"og:locale\" content=\"en_US\" \/>\n<meta property=\"og:type\" content=\"article\" \/>\n<meta property=\"og:title\" content=\"Canv.a Pro - Pretplata\" \/>\n<meta property=\"og:description\" content=\"Osigurajte sebi do\u017eivotni pristup Canva Pro i otkrijte svet bezgrani\u010dne kreativnosti uz napredne alate za dizajn i ure\u0111ivanje.\" \/>\n<meta property=\"og:url\" content=\"https:\/\/apgrejd.com\/proizvod\/ca-nva-pro-pretplata\/\" \/>\n<meta property=\"og:site_name\" content=\"Apgrejd\" \/>\n<meta property=\"article:modified_time\" content=\"2026-05-05T11:22:13+00:00\" \/>\n<meta property=\"og:image\" content=\"https:\/\/apgrejd.com\/wp-content\/uploads\/2022\/01\/canv.a-pro-dozivotno-1-godina-pretplata-cena-prodaja-srbija.webp\" \/>\n\t<meta property=\"og:image:width\" content=\"1080\" \/>\n\t<meta property=\"og:image:height\" content=\"1080\" \/>\n\t<meta property=\"og:image:type\" content=\"image\/webp\" \/>\n<meta name=\"twitter:card\" content=\"summary_large_image\" \/>\n<meta name=\"twitter:label1\" content=\"Availability\" \/>\n\t<meta name=\"twitter:data1\" content=\"In stock\" \/>\n<script type=\"application\/ld+json\" class=\"yoast-schema-graph\">{\"@context\":\"https:\\\/\\\/schema.org\",\"@graph\":[{\"@type\":\"WebPage\",\"@id\":\"https:\\\/\\\/apgrejd.com\\\/proizvod\\\/ca-nva-pro-pretplata\\\/\",\"url\":\"https:\\\/\\\/apgrejd.com\\\/proizvod\\\/ca-nva-pro-pretplata\\\/\",\"name\":\"Canva Pro - Pretplata (Do\u017eivotno) - Apgrejd\",\"isPartOf\":{\"@id\":\"https:\\\/\\\/apgrejd.com\\\/#website\"},\"primaryImageOfPage\":{\"@id\":\"https:\\\/\\\/apgrejd.com\\\/proizvod\\\/ca-nva-pro-pretplata\\\/#primaryimage\"},\"image\":{\"@id\":\"https:\\\/\\\/apgrejd.com\\\/proizvod\\\/ca-nva-pro-pretplata\\\/#primaryimage\"},\"thumbnailUrl\":\"https:\\\/\\\/apgrejd.com\\\/wp-content\\\/uploads\\\/2022\\\/01\\\/canv.a-pro-dozivotno-1-godina-pretplata-cena-prodaja-srbija.webp\",\"datePublished\":\"2022-01-27T17:39:15+00:00\",\"dateModified\":\"2026-05-05T11:22:13+00:00\",\"description\":\"Osigurajte sebi do\u017eivotni pristup Canva Pro i otkrijte svet bezgrani\u010dne kreativnosti uz napredne alate za dizajn i ure\u0111ivanje.\",\"breadcrumb\":{\"@id\":\"https:\\\/\\\/apgrejd.com\\\/proizvod\\\/ca-nva-pro-pretplata\\\/#breadcrumb\"},\"inLanguage\":\"en-US\",\"potentialAction\":[{\"@type\":\"ReadAction\",\"target\":[\"https:\\\/\\\/apgrejd.com\\\/proizvod\\\/ca-nva-pro-pretplata\\\/\"]}]},{\"@type\":\"ImageObject\",\"inLanguage\":\"en-US\",\"@id\":\"https:\\\/\\\/apgrejd.com\\\/proizvod\\\/ca-nva-pro-pretplata\\\/#primaryimage\",\"url\":\"https:\\\/\\\/apgrejd.com\\\/wp-content\\\/uploads\\\/2022\\\/01\\\/canv.a-pro-dozivotno-1-godina-pretplata-cena-prodaja-srbija.webp\",\"contentUrl\":\"https:\\\/\\\/apgrejd.com\\\/wp-content\\\/uploads\\\/2022\\\/01\\\/canv.a-pro-dozivotno-1-godina-pretplata-cena-prodaja-srbija.webp\",\"width\":1080,\"height\":1080,\"caption\":\"canva pro dozivotno 1 godina pretplata cena prodaja srbija\"},{\"@type\":\"BreadcrumbList\",\"@id\":\"https:\\\/\\\/apgrejd.com\\\/proizvod\\\/ca-nva-pro-pretplata\\\/#breadcrumb\",\"itemListElement\":[{\"@type\":\"ListItem\",\"position\":1,\"name\":\"Po\u010detna\",\"item\":\"https:\\\/\\\/apgrejd.com\\\/\"},{\"@type\":\"ListItem\",\"position\":2,\"name\":\"Shop\",\"item\":\"https:\\\/\\\/apgrejd.com\\\/shop\\\/\"},{\"@type\":\"ListItem\",\"position\":3,\"name\":\"Canv.a Pro &#8211; Pretplata\"}]},{\"@type\":\"WebSite\",\"@id\":\"https:\\\/\\\/apgrejd.com\\\/#website\",\"url\":\"https:\\\/\\\/apgrejd.com\\\/\",\"name\":\"Apgrejd\",\"description\":\"\",\"publisher\":{\"@id\":\"https:\\\/\\\/apgrejd.com\\\/#organization\"},\"potentialAction\":[{\"@type\":\"SearchAction\",\"target\":{\"@type\":\"EntryPoint\",\"urlTemplate\":\"https:\\\/\\\/apgrejd.com\\\/?s={search_term_string}\"},\"query-input\":{\"@type\":\"PropertyValueSpecification\",\"valueRequired\":true,\"valueName\":\"search_term_string\"}}],\"inLanguage\":\"en-US\"},{\"@type\":[\"Organization\",\"Place\"],\"@id\":\"https:\\\/\\\/apgrejd.com\\\/#organization\",\"name\":\"Apgrejd\",\"url\":\"https:\\\/\\\/apgrejd.com\\\/\",\"logo\":{\"@id\":\"https:\\\/\\\/apgrejd.com\\\/proizvod\\\/ca-nva-pro-pretplata\\\/#local-main-organization-logo\"},\"image\":{\"@id\":\"https:\\\/\\\/apgrejd.com\\\/proizvod\\\/ca-nva-pro-pretplata\\\/#local-main-organization-logo\"},\"sameAs\":[\"https:\\\/\\\/www.instagram.com\\\/apgrejduj_shop\"],\"openingHoursSpecification\":[{\"@type\":\"OpeningHoursSpecification\",\"dayOfWeek\":[\"Monday\",\"Tuesday\",\"Wednesday\",\"Thursday\",\"Friday\",\"Saturday\",\"Sunday\"],\"opens\":\"09:00\",\"closes\":\"17:00\"}]},{\"@type\":\"ImageObject\",\"inLanguage\":\"en-US\",\"@id\":\"https:\\\/\\\/apgrejd.com\\\/proizvod\\\/ca-nva-pro-pretplata\\\/#local-main-organization-logo\",\"url\":\"https:\\\/\\\/apgrejd.com\\\/wp-content\\\/uploads\\\/2022\\\/01\\\/cropped-155314956_467576731609892_1539415141695492301_n-removebg-preview.png\",\"contentUrl\":\"https:\\\/\\\/apgrejd.com\\\/wp-content\\\/uploads\\\/2022\\\/01\\\/cropped-155314956_467576731609892_1539415141695492301_n-removebg-preview.png\",\"width\":512,\"height\":512,\"caption\":\"Apgrejd\"}]}<\/script>\n<meta property=\"og:availability\" content=\"instock\" \/>\n<meta property=\"product:availability\" content=\"instock\" \/>\n<meta property=\"product:retailer_item_id\" content=\"9705\" \/>\n<meta property=\"product:condition\" content=\"new\" \/>\n<!-- \/ Yoast SEO Premium plugin. -->","yoast_head_json":{"title":"Canva Pro - Pretplata (Do\u017eivotno) - Apgrejd","description":"Osigurajte sebi do\u017eivotni pristup Canva Pro i otkrijte svet bezgrani\u010dne kreativnosti uz napredne alate za dizajn i ure\u0111ivanje.","robots":{"index":"index","follow":"follow","max-snippet":"max-snippet:-1","max-image-preview":"max-image-preview:large","max-video-preview":"max-video-preview:-1"},"canonical":"https:\/\/apgrejd.com\/proizvod\/ca-nva-pro-pretplata\/","og_locale":"en_US","og_type":"article","og_title":"Canv.a Pro - Pretplata","og_description":"Osigurajte sebi do\u017eivotni pristup Canva Pro i otkrijte svet bezgrani\u010dne kreativnosti uz napredne alate za dizajn i ure\u0111ivanje.","og_url":"https:\/\/apgrejd.com\/proizvod\/ca-nva-pro-pretplata\/","og_site_name":"Apgrejd","article_modified_time":"2026-05-05T11:22:13+00:00","og_image":[{"width":1080,"height":1080,"url":"https:\/\/apgrejd.com\/wp-content\/uploads\/2022\/01\/canv.a-pro-dozivotno-1-godina-pretplata-cena-prodaja-srbija.webp","type":"image\/webp"}],"twitter_card":"summary_large_image","twitter_misc":{"Availability":"In stock"},"schema":{"@context":"https:\/\/schema.org","@graph":[{"@type":"WebPage","@id":"https:\/\/apgrejd.com\/proizvod\/ca-nva-pro-pretplata\/","url":"https:\/\/apgrejd.com\/proizvod\/ca-nva-pro-pretplata\/","name":"Canva Pro - Pretplata (Do\u017eivotno) - Apgrejd","isPartOf":{"@id":"https:\/\/apgrejd.com\/#website"},"primaryImageOfPage":{"@id":"https:\/\/apgrejd.com\/proizvod\/ca-nva-pro-pretplata\/#primaryimage"},"image":{"@id":"https:\/\/apgrejd.com\/proizvod\/ca-nva-pro-pretplata\/#primaryimage"},"thumbnailUrl":"https:\/\/apgrejd.com\/wp-content\/uploads\/2022\/01\/canv.a-pro-dozivotno-1-godina-pretplata-cena-prodaja-srbija.webp","datePublished":"2022-01-27T17:39:15+00:00","dateModified":"2026-05-05T11:22:13+00:00","description":"Osigurajte sebi do\u017eivotni pristup Canva Pro i otkrijte svet bezgrani\u010dne kreativnosti uz napredne alate za dizajn i ure\u0111ivanje.","breadcrumb":{"@id":"https:\/\/apgrejd.com\/proizvod\/ca-nva-pro-pretplata\/#breadcrumb"},"inLanguage":"en-US","potentialAction":[{"@type":"ReadAction","target":["https:\/\/apgrejd.com\/proizvod\/ca-nva-pro-pretplata\/"]}]},{"@type":"ImageObject","inLanguage":"en-US","@id":"https:\/\/apgrejd.com\/proizvod\/ca-nva-pro-pretplata\/#primaryimage","url":"https:\/\/apgrejd.com\/wp-content\/uploads\/2022\/01\/canv.a-pro-dozivotno-1-godina-pretplata-cena-prodaja-srbija.webp","contentUrl":"https:\/\/apgrejd.com\/wp-content\/uploads\/2022\/01\/canv.a-pro-dozivotno-1-godina-pretplata-cena-prodaja-srbija.webp","width":1080,"height":1080,"caption":"canva pro dozivotno 1 godina pretplata cena prodaja srbija"},{"@type":"BreadcrumbList","@id":"https:\/\/apgrejd.com\/proizvod\/ca-nva-pro-pretplata\/#breadcrumb","itemListElement":[{"@type":"ListItem","position":1,"name":"Po\u010detna","item":"https:\/\/apgrejd.com\/"},{"@type":"ListItem","position":2,"name":"Shop","item":"https:\/\/apgrejd.com\/shop\/"},{"@type":"ListItem","position":3,"name":"Canv.a Pro &#8211; Pretplata"}]},{"@type":"WebSite","@id":"https:\/\/apgrejd.com\/#website","url":"https:\/\/apgrejd.com\/","name":"Apgrejd","description":"","publisher":{"@id":"https:\/\/apgrejd.com\/#organization"},"potentialAction":[{"@type":"SearchAction","target":{"@type":"EntryPoint","urlTemplate":"https:\/\/apgrejd.com\/?s={search_term_string}"},"query-input":{"@type":"PropertyValueSpecification","valueRequired":true,"valueName":"search_term_string"}}],"inLanguage":"en-US"},{"@type":["Organization","Place"],"@id":"https:\/\/apgrejd.com\/#organization","name":"Apgrejd","url":"https:\/\/apgrejd.com\/","logo":{"@id":"https:\/\/apgrejd.com\/proizvod\/ca-nva-pro-pretplata\/#local-main-organization-logo"},"image":{"@id":"https:\/\/apgrejd.com\/proizvod\/ca-nva-pro-pretplata\/#local-main-organization-logo"},"sameAs":["https:\/\/www.instagram.com\/apgrejduj_shop"],"openingHoursSpecification":[{"@type":"OpeningHoursSpecification","dayOfWeek":["Monday","Tuesday","Wednesday","Thursday","Friday","Saturday","Sunday"],"opens":"09:00","closes":"17:00"}]},{"@type":"ImageObject","inLanguage":"en-US","@id":"https:\/\/apgrejd.com\/proizvod\/ca-nva-pro-pretplata\/#local-main-organization-logo","url":"https:\/\/apgrejd.com\/wp-content\/uploads\/2022\/01\/cropped-155314956_467576731609892_1539415141695492301_n-removebg-preview.png","contentUrl":"https:\/\/apgrejd.com\/wp-content\/uploads\/2022\/01\/cropped-155314956_467576731609892_1539415141695492301_n-removebg-preview.png","width":512,"height":512,"caption":"Apgrejd"}]},"og_availability":"instock","product_availability":"instock","product_retailer_item_id":"9705","product_condition":"new"},"jetpack_sharing_enabled":true,"_links":{"self":[{"href":"https:\/\/apgrejd.com\/en\/wp-json\/wp\/v2\/product\/9705","targetHints":{"allow":["GET"]}}],"collection":[{"href":"https:\/\/apgrejd.com\/en\/wp-json\/wp\/v2\/product"}],"about":[{"href":"https:\/\/apgrejd.com\/en\/wp-json\/wp\/v2\/types\/product"}],"replies":[{"embeddable":true,"href":"https:\/\/apgrejd.com\/en\/wp-json\/wp\/v2\/comments?post=9705"}],"wp:featuredmedia":[{"embeddable":true,"href":"https:\/\/apgrejd.com\/en\/wp-json\/wp\/v2\/media\/14262"}],"wp:attachment":[{"href":"https:\/\/apgrejd.com\/en\/wp-json\/wp\/v2\/media?parent=9705"}],"wp:term":[{"taxonomy":"product_brand","embeddable":true,"href":"https:\/\/apgrejd.com\/en\/wp-json\/wp\/v2\/product_brand?post=9705"},{"taxonomy":"product_cat","embeddable":true,"href":"https:\/\/apgrejd.com\/en\/wp-json\/wp\/v2\/product_cat?post=9705"},{"taxonomy":"product_tag","embeddable":true,"href":"https:\/\/apgrejd.com\/en\/wp-json\/wp\/v2\/product_tag?post=9705"}],"curies":[{"name":"wp","href":"https:\/\/api.w.org\/{rel}","templated":true}]}}