{"id":9711,"date":"2022-01-27T19:42:13","date_gmt":"2022-01-27T17:42:13","guid":{"rendered":"https:\/\/apgrejd.com\/?post_type=product&#038;p=9711"},"modified":"2026-02-09T12:38:09","modified_gmt":"2026-02-09T11:38:09","slug":"spotify-premium","status":"publish","type":"product","link":"https:\/\/apgrejd.com\/en\/proizvod\/spotify-premium\/","title":{"rendered":"Spotify Premium &#8211; 1 godina"},"content":{"rendered":"<p><span data-mce-type=\"bookmark\" style=\"display: inline-block; width: 0px; overflow: hidden; line-height: 0;\" class=\"mce_SELRES_start\"><span data-mce-type=\"bookmark\" style=\"display: inline-block; width: 0px; overflow: hidden; line-height: 0;\" class=\"mce_SELRES_start\">\ufeff<\/span><span data-mce-type=\"bookmark\" style=\"display: inline-block; width: 0px; overflow: hidden; line-height: 0;\" class=\"mce_SELRES_start\">\ufeff<\/span>\ufeff<\/span>Spotify Premium je izvanredan iz nekoliko razloga koji \u010dine va\u0161e iskustvo slu\u0161anja muzike jednostavnijim, uzbudljivijim i bogatijim. Evo za\u0161to je tako dobar:<\/p>\n<ol>\n<li><strong>Bez reklama:<\/strong> Bez obzira na to koje \u017eanrove slu\u0161ate, ne\u0107ete vi\u0161e biti prekidanji reklamama koje remete va\u0161u muzi\u010dku struju.<\/li>\n<li><strong>Offline slu\u0161anje:<\/strong> Preuzmite svoje omiljene pesme i plejliste da biste ih slu\u0161ali bez potrebe za internetom. Ovo je savr\u0161eno za putovanja ili mesta sa slabim signalom.<\/li>\n<li><strong>Prestanak pesama:<\/strong> Spotify Premium nudi neograni\u010deno preskakanje pesama omogu\u0107ava vam da brzo prona\u0111ete ono \u0161to vam odgovara bez ikakvih ograni\u010denja.<\/li>\n<li><strong>Obiman katalog:<\/strong> Pristupite milionima pesama, albumima i plejlistama, pokrivaju\u0107i sve \u017eanrove i raspolo\u017eenja.<\/li>\n<li><strong>Bolji zvuk:<\/strong> U\u017eivajte u muzici u vi\u0161em kvalitetu zvuka, sa opcijom za HiFi kvalitet koji o\u017eivljava svaki instrument i ton.<\/li>\n<li><strong>Personalizovane preporuke:<\/strong> Algoritmi vam poma\u017eu da otkrijete nove omiljene pesme i izvo\u0111a\u010de na osnovu va\u0161eg slu\u0161anja.<\/li>\n<li><strong>Kreiranje plejlista:<\/strong> Napravite svoje plejliste na Spotify i organizujte muziku na na\u010din koji vam odgovara.<\/li>\n<li><strong>Ekskluzivan sadr\u017eaj:<\/strong> Pristupajte ekskluzivnim izdanjima, intervjuima i sadr\u017eaju koje nude samo Spotify Premium korisnicima.<\/li>\n<li><strong>Bez prekidanja:<\/strong> Bez potrebe da menjate pesme \u010desto, mo\u017eete se potpuno opustiti i u\u017eivati u muzici tokom du\u017eih perioda.<\/li>\n<li><strong>Svuda sa vama:<\/strong> Pristupite na razli\u010ditim ure\u0111ajima, bilo da ste kod ku\u0107e, na poslu ili u pokretu.<\/li>\n<\/ol>\n<p>&nbsp;<\/p>\n<p><img loading=\"lazy\" decoding=\"async\" class=\"alignleft wp-image-11392\" src=\"https:\/\/apgrejd.com\/wp-content\/uploads\/2022\/01\/Spotify-Premium-Pretplata-1-godina.webp\" alt=\"Spotify Premium 1 godina pretplata cena prodaja jeftino muzika offline\" width=\"569\" height=\"285\" srcset=\"https:\/\/apgrejd.com\/wp-content\/uploads\/2022\/01\/Spotify-Premium-Pretplata-1-godina.webp 1024w, https:\/\/apgrejd.com\/wp-content\/uploads\/2022\/01\/Spotify-Premium-Pretplata-1-godina-800x400.webp 800w, https:\/\/apgrejd.com\/wp-content\/uploads\/2022\/01\/Spotify-Premium-Pretplata-1-godina-300x150.webp 300w, https:\/\/apgrejd.com\/wp-content\/uploads\/2022\/01\/Spotify-Premium-Pretplata-1-godina-768x384.webp 768w\" sizes=\"auto, (max-width: 569px) 100vw, 569px\" \/>Zajedno, ovi razlozi \u010dine Spotify Premium nezamenjivim alatom za sve muzi\u010dke entuzijaste, pru\u017eaju\u0107i im udobnost, kvalitet zvuka i svestranost kako bi u\u017eivali u muzici bez ograni\u010denja.<\/p>\n","protected":false},"excerpt":{"rendered":"<ul style=\"list-style:none; padding:0; margin:0;\">\n<li><i class=\"fa-regular fa-circle-check\" style=\"color:#70d39c; margin-right:6px;\"><\/i> Zvani\u010dna Spotify Premium pretplata<\/li>\n<li><i class=\"fa-regular fa-circle-check\" style=\"color:#70d39c; margin-right:6px;\"><\/i> Kupujemo direktno sa va\u0161eg naloga<\/li>\n<li><i class=\"fa-regular fa-circle-check\" style=\"color:#70d39c; margin-right:6px;\"><\/i> Mo\u017ee i ako ste ranije bili u family<\/li>\n<li><i class=\"fa-regular fa-circle-check\" style=\"color:#70d39c; margin-right:6px;\"><\/i> Nalog ne sme imati aktivnu Premium pretplatu<\/li>\n<li><i class=\"fa-regular fa-circle-check\" style=\"color:#70d39c; margin-right:6px;\"><\/i> Region se menja na Indiju (nije potreban VPN za slu\u0161anje)<\/li>\n<\/ul>\n<div style=\"margin-top:12px; padding:10px 12px; border-left:3px solid #e74c3c; background:#fff5f5; font-size:14px; color:#e74c3c;\">\n  <i class=\"fa-solid fa-triangle-exclamation\" style=\"margin-right:6px;\"><\/i><br \/>\n <strong>Napomena:<\/strong> Ako Spotify ukloni pretplatu zbog kori\u0161\u0107enja naloga u drugom regionu od mesta kupovine, ne snosimo odgovornost.\n<\/div>\n","protected":false},"featured_media":13109,"comment_status":"open","ping_status":"closed","template":"","meta":{"_mi_skip_tracking":false,"_monsterinsights_sitenote_active":false,"_monsterinsights_sitenote_note":"","_monsterinsights_sitenote_category":0},"product_brand":[],"product_cat":[15],"product_tag":[244,197,198,250],"class_list":{"0":"post-9711","1":"product","2":"type-product","3":"status-publish","4":"has-post-thumbnail","6":"product_cat-streaming-servisi","7":"product_tag-1-godina","8":"product_tag-premium","9":"product_tag-pretplata","10":"product_tag-spotify","12":"first","13":"outofstock","14":"shipping-taxable","15":"purchasable","16":"product-type-simple"},"exclude_global_add_ons":false,"addons":[{"name":"Spotify email","type":"custom_text","position":0,"required":true,"title_format":"label","default":"","description_enable":false,"description":"","placeholder_enable":false,"placeholder":"","display":"select","restrictions_type":"email","adjust_price":false,"price":"","price_type":"flat_fee","restrictions":false,"min":"0","max":"0","options":[],"id":1723924471},{"name":"Spotify password","type":"custom_text","position":1,"required":true,"title_format":"label","default":"","description_enable":false,"description":"","placeholder_enable":false,"placeholder":"","display":"select","restrictions_type":"any_text","adjust_price":false,"price":"","price_type":"flat_fee","restrictions":false,"min":"0","max":"0","options":[],"id":1723924472}],"yoast_head":"<!-- This site is optimized with the Yoast SEO Premium plugin v26.3 (Yoast SEO v27.5) - https:\/\/yoast.com\/product\/yoast-seo-premium-wordpress\/ -->\n<title>Spotify Premium - 1 godina (Pretplata) - Apgrejd<\/title>\n<meta name=\"description\" content=\"U\u017eivajte u neograni\u010denoj muzici bez reklama sa Spotify Premium pretplatom na godinu dana. Pristupite milionima pesama, kreirajte svoje plejliste i slu\u0161ajte\" \/>\n<meta name=\"robots\" content=\"index, follow, max-snippet:-1, max-image-preview:large, max-video-preview:-1\" \/>\n<link rel=\"canonical\" href=\"https:\/\/apgrejd.com\/proizvod\/spotify-premium\/\" \/>\n<meta property=\"og:locale\" content=\"en_US\" \/>\n<meta property=\"og:type\" content=\"article\" \/>\n<meta property=\"og:title\" content=\"Spotify Premium - 1 godina\" \/>\n<meta property=\"og:description\" content=\"U\u017eivajte u neograni\u010denoj muzici bez reklama sa Spotify Premium pretplatom na godinu dana. Pristupite milionima pesama, kreirajte svoje plejliste i slu\u0161ajte\" \/>\n<meta property=\"og:url\" content=\"https:\/\/apgrejd.com\/proizvod\/spotify-premium\/\" \/>\n<meta property=\"og:site_name\" content=\"Apgrejd\" \/>\n<meta property=\"article:modified_time\" content=\"2026-02-09T11:38:09+00:00\" \/>\n<meta property=\"og:image\" content=\"https:\/\/apgrejd.com\/wp-content\/uploads\/2022\/01\/spotify-premium-1-godina-pretplata-cena-prodaja-srbija.webp\" \/>\n\t<meta property=\"og:image:width\" content=\"1080\" \/>\n\t<meta property=\"og:image:height\" content=\"1080\" \/>\n\t<meta property=\"og:image:type\" content=\"image\/webp\" \/>\n<meta name=\"twitter:card\" content=\"summary_large_image\" \/>\n<meta name=\"twitter:label1\" content=\"Price\" \/>\n\t<meta name=\"twitter:data1\" content=\"43&nbsp;&euro;\" \/>\n\t<meta name=\"twitter:label2\" content=\"Availability\" \/>\n\t<meta name=\"twitter:data2\" content=\"Out of stock\" \/>\n<script type=\"application\/ld+json\" class=\"yoast-schema-graph\">{\"@context\":\"https:\\\/\\\/schema.org\",\"@graph\":[{\"@type\":\"WebPage\",\"@id\":\"https:\\\/\\\/apgrejd.com\\\/proizvod\\\/spotify-premium\\\/\",\"url\":\"https:\\\/\\\/apgrejd.com\\\/proizvod\\\/spotify-premium\\\/\",\"name\":\"Spotify Premium - 1 godina (Pretplata) - Apgrejd\",\"isPartOf\":{\"@id\":\"https:\\\/\\\/apgrejd.com\\\/#website\"},\"primaryImageOfPage\":{\"@id\":\"https:\\\/\\\/apgrejd.com\\\/proizvod\\\/spotify-premium\\\/#primaryimage\"},\"image\":{\"@id\":\"https:\\\/\\\/apgrejd.com\\\/proizvod\\\/spotify-premium\\\/#primaryimage\"},\"thumbnailUrl\":\"https:\\\/\\\/apgrejd.com\\\/wp-content\\\/uploads\\\/2022\\\/01\\\/spotify-premium-1-godina-pretplata-cena-prodaja-srbija.webp\",\"datePublished\":\"2022-01-27T17:42:13+00:00\",\"dateModified\":\"2026-02-09T11:38:09+00:00\",\"description\":\"U\u017eivajte u neograni\u010denoj muzici bez reklama sa Spotify Premium pretplatom na godinu dana. Pristupite milionima pesama, kreirajte svoje plejliste i slu\u0161ajte\",\"breadcrumb\":{\"@id\":\"https:\\\/\\\/apgrejd.com\\\/proizvod\\\/spotify-premium\\\/#breadcrumb\"},\"inLanguage\":\"en-US\",\"potentialAction\":[{\"@type\":\"ReadAction\",\"target\":[\"https:\\\/\\\/apgrejd.com\\\/proizvod\\\/spotify-premium\\\/\"]}]},{\"@type\":\"ImageObject\",\"inLanguage\":\"en-US\",\"@id\":\"https:\\\/\\\/apgrejd.com\\\/proizvod\\\/spotify-premium\\\/#primaryimage\",\"url\":\"https:\\\/\\\/apgrejd.com\\\/wp-content\\\/uploads\\\/2022\\\/01\\\/spotify-premium-1-godina-pretplata-cena-prodaja-srbija.webp\",\"contentUrl\":\"https:\\\/\\\/apgrejd.com\\\/wp-content\\\/uploads\\\/2022\\\/01\\\/spotify-premium-1-godina-pretplata-cena-prodaja-srbija.webp\",\"width\":1080,\"height\":1080,\"caption\":\"spotify premium 1 godina pretplata cena prodaja srbija\"},{\"@type\":\"BreadcrumbList\",\"@id\":\"https:\\\/\\\/apgrejd.com\\\/proizvod\\\/spotify-premium\\\/#breadcrumb\",\"itemListElement\":[{\"@type\":\"ListItem\",\"position\":1,\"name\":\"Po\u010detna\",\"item\":\"https:\\\/\\\/apgrejd.com\\\/\"},{\"@type\":\"ListItem\",\"position\":2,\"name\":\"Shop\",\"item\":\"https:\\\/\\\/apgrejd.com\\\/shop\\\/\"},{\"@type\":\"ListItem\",\"position\":3,\"name\":\"Spotify Premium &#8211; 1 godina\"}]},{\"@type\":\"WebSite\",\"@id\":\"https:\\\/\\\/apgrejd.com\\\/#website\",\"url\":\"https:\\\/\\\/apgrejd.com\\\/\",\"name\":\"Apgrejd\",\"description\":\"\",\"publisher\":{\"@id\":\"https:\\\/\\\/apgrejd.com\\\/#organization\"},\"potentialAction\":[{\"@type\":\"SearchAction\",\"target\":{\"@type\":\"EntryPoint\",\"urlTemplate\":\"https:\\\/\\\/apgrejd.com\\\/?s={search_term_string}\"},\"query-input\":{\"@type\":\"PropertyValueSpecification\",\"valueRequired\":true,\"valueName\":\"search_term_string\"}}],\"inLanguage\":\"en-US\"},{\"@type\":[\"Organization\",\"Place\"],\"@id\":\"https:\\\/\\\/apgrejd.com\\\/#organization\",\"name\":\"Apgrejd\",\"url\":\"https:\\\/\\\/apgrejd.com\\\/\",\"logo\":{\"@id\":\"https:\\\/\\\/apgrejd.com\\\/proizvod\\\/spotify-premium\\\/#local-main-organization-logo\"},\"image\":{\"@id\":\"https:\\\/\\\/apgrejd.com\\\/proizvod\\\/spotify-premium\\\/#local-main-organization-logo\"},\"sameAs\":[\"https:\\\/\\\/www.instagram.com\\\/apgrejduj_shop\"],\"openingHoursSpecification\":[{\"@type\":\"OpeningHoursSpecification\",\"dayOfWeek\":[\"Monday\",\"Tuesday\",\"Wednesday\",\"Thursday\",\"Friday\",\"Saturday\",\"Sunday\"],\"opens\":\"09:00\",\"closes\":\"17:00\"}]},{\"@type\":\"ImageObject\",\"inLanguage\":\"en-US\",\"@id\":\"https:\\\/\\\/apgrejd.com\\\/proizvod\\\/spotify-premium\\\/#local-main-organization-logo\",\"url\":\"https:\\\/\\\/apgrejd.com\\\/wp-content\\\/uploads\\\/2022\\\/01\\\/cropped-155314956_467576731609892_1539415141695492301_n-removebg-preview.png\",\"contentUrl\":\"https:\\\/\\\/apgrejd.com\\\/wp-content\\\/uploads\\\/2022\\\/01\\\/cropped-155314956_467576731609892_1539415141695492301_n-removebg-preview.png\",\"width\":512,\"height\":512,\"caption\":\"Apgrejd\"}]}<\/script>\n<meta property=\"product:price:amount\" content=\"43\" \/>\n<meta property=\"product:price:currency\" content=\"EUR\" \/>\n<meta property=\"og:availability\" content=\"out of stock\" \/>\n<meta property=\"product:availability\" content=\"out of stock\" \/>\n<meta property=\"product:retailer_item_id\" content=\"9711\" \/>\n<meta property=\"product:condition\" content=\"new\" \/>\n<!-- \/ Yoast SEO Premium plugin. -->","yoast_head_json":{"title":"Spotify Premium - 1 godina (Pretplata) - Apgrejd","description":"U\u017eivajte u neograni\u010denoj muzici bez reklama sa Spotify Premium pretplatom na godinu dana. Pristupite milionima pesama, kreirajte svoje plejliste i slu\u0161ajte","robots":{"index":"index","follow":"follow","max-snippet":"max-snippet:-1","max-image-preview":"max-image-preview:large","max-video-preview":"max-video-preview:-1"},"canonical":"https:\/\/apgrejd.com\/proizvod\/spotify-premium\/","og_locale":"en_US","og_type":"article","og_title":"Spotify Premium - 1 godina","og_description":"U\u017eivajte u neograni\u010denoj muzici bez reklama sa Spotify Premium pretplatom na godinu dana. Pristupite milionima pesama, kreirajte svoje plejliste i slu\u0161ajte","og_url":"https:\/\/apgrejd.com\/proizvod\/spotify-premium\/","og_site_name":"Apgrejd","article_modified_time":"2026-02-09T11:38:09+00:00","og_image":[{"width":1080,"height":1080,"url":"https:\/\/apgrejd.com\/wp-content\/uploads\/2022\/01\/spotify-premium-1-godina-pretplata-cena-prodaja-srbija.webp","type":"image\/webp"}],"twitter_card":"summary_large_image","twitter_misc":{"Price":"43&nbsp;&euro;","Availability":"Out of stock"},"schema":{"@context":"https:\/\/schema.org","@graph":[{"@type":"WebPage","@id":"https:\/\/apgrejd.com\/proizvod\/spotify-premium\/","url":"https:\/\/apgrejd.com\/proizvod\/spotify-premium\/","name":"Spotify Premium - 1 godina (Pretplata) - Apgrejd","isPartOf":{"@id":"https:\/\/apgrejd.com\/#website"},"primaryImageOfPage":{"@id":"https:\/\/apgrejd.com\/proizvod\/spotify-premium\/#primaryimage"},"image":{"@id":"https:\/\/apgrejd.com\/proizvod\/spotify-premium\/#primaryimage"},"thumbnailUrl":"https:\/\/apgrejd.com\/wp-content\/uploads\/2022\/01\/spotify-premium-1-godina-pretplata-cena-prodaja-srbija.webp","datePublished":"2022-01-27T17:42:13+00:00","dateModified":"2026-02-09T11:38:09+00:00","description":"U\u017eivajte u neograni\u010denoj muzici bez reklama sa Spotify Premium pretplatom na godinu dana. Pristupite milionima pesama, kreirajte svoje plejliste i slu\u0161ajte","breadcrumb":{"@id":"https:\/\/apgrejd.com\/proizvod\/spotify-premium\/#breadcrumb"},"inLanguage":"en-US","potentialAction":[{"@type":"ReadAction","target":["https:\/\/apgrejd.com\/proizvod\/spotify-premium\/"]}]},{"@type":"ImageObject","inLanguage":"en-US","@id":"https:\/\/apgrejd.com\/proizvod\/spotify-premium\/#primaryimage","url":"https:\/\/apgrejd.com\/wp-content\/uploads\/2022\/01\/spotify-premium-1-godina-pretplata-cena-prodaja-srbija.webp","contentUrl":"https:\/\/apgrejd.com\/wp-content\/uploads\/2022\/01\/spotify-premium-1-godina-pretplata-cena-prodaja-srbija.webp","width":1080,"height":1080,"caption":"spotify premium 1 godina pretplata cena prodaja srbija"},{"@type":"BreadcrumbList","@id":"https:\/\/apgrejd.com\/proizvod\/spotify-premium\/#breadcrumb","itemListElement":[{"@type":"ListItem","position":1,"name":"Po\u010detna","item":"https:\/\/apgrejd.com\/"},{"@type":"ListItem","position":2,"name":"Shop","item":"https:\/\/apgrejd.com\/shop\/"},{"@type":"ListItem","position":3,"name":"Spotify Premium &#8211; 1 godina"}]},{"@type":"WebSite","@id":"https:\/\/apgrejd.com\/#website","url":"https:\/\/apgrejd.com\/","name":"Apgrejd","description":"","publisher":{"@id":"https:\/\/apgrejd.com\/#organization"},"potentialAction":[{"@type":"SearchAction","target":{"@type":"EntryPoint","urlTemplate":"https:\/\/apgrejd.com\/?s={search_term_string}"},"query-input":{"@type":"PropertyValueSpecification","valueRequired":true,"valueName":"search_term_string"}}],"inLanguage":"en-US"},{"@type":["Organization","Place"],"@id":"https:\/\/apgrejd.com\/#organization","name":"Apgrejd","url":"https:\/\/apgrejd.com\/","logo":{"@id":"https:\/\/apgrejd.com\/proizvod\/spotify-premium\/#local-main-organization-logo"},"image":{"@id":"https:\/\/apgrejd.com\/proizvod\/spotify-premium\/#local-main-organization-logo"},"sameAs":["https:\/\/www.instagram.com\/apgrejduj_shop"],"openingHoursSpecification":[{"@type":"OpeningHoursSpecification","dayOfWeek":["Monday","Tuesday","Wednesday","Thursday","Friday","Saturday","Sunday"],"opens":"09:00","closes":"17:00"}]},{"@type":"ImageObject","inLanguage":"en-US","@id":"https:\/\/apgrejd.com\/proizvod\/spotify-premium\/#local-main-organization-logo","url":"https:\/\/apgrejd.com\/wp-content\/uploads\/2022\/01\/cropped-155314956_467576731609892_1539415141695492301_n-removebg-preview.png","contentUrl":"https:\/\/apgrejd.com\/wp-content\/uploads\/2022\/01\/cropped-155314956_467576731609892_1539415141695492301_n-removebg-preview.png","width":512,"height":512,"caption":"Apgrejd"}]},"product_price_amount":"43","product_price_currency":"EUR","og_availability":"out of stock","product_availability":"out of stock","product_retailer_item_id":"9711","product_condition":"new"},"jetpack_sharing_enabled":true,"_links":{"self":[{"href":"https:\/\/apgrejd.com\/en\/wp-json\/wp\/v2\/product\/9711","targetHints":{"allow":["GET"]}}],"collection":[{"href":"https:\/\/apgrejd.com\/en\/wp-json\/wp\/v2\/product"}],"about":[{"href":"https:\/\/apgrejd.com\/en\/wp-json\/wp\/v2\/types\/product"}],"replies":[{"embeddable":true,"href":"https:\/\/apgrejd.com\/en\/wp-json\/wp\/v2\/comments?post=9711"}],"wp:featuredmedia":[{"embeddable":true,"href":"https:\/\/apgrejd.com\/en\/wp-json\/wp\/v2\/media\/13109"}],"wp:attachment":[{"href":"https:\/\/apgrejd.com\/en\/wp-json\/wp\/v2\/media?parent=9711"}],"wp:term":[{"taxonomy":"product_brand","embeddable":true,"href":"https:\/\/apgrejd.com\/en\/wp-json\/wp\/v2\/product_brand?post=9711"},{"taxonomy":"product_cat","embeddable":true,"href":"https:\/\/apgrejd.com\/en\/wp-json\/wp\/v2\/product_cat?post=9711"},{"taxonomy":"product_tag","embeddable":true,"href":"https:\/\/apgrejd.com\/en\/wp-json\/wp\/v2\/product_tag?post=9711"}],"curies":[{"name":"wp","href":"https:\/\/api.w.org\/{rel}","templated":true}]}}