{"id":9716,"date":"2022-01-27T18:53:03","date_gmt":"2022-01-27T17:53:03","guid":{"rendered":"https:\/\/apgrejd.com\/?post_type=product&#038;p=9716"},"modified":"2026-02-16T17:42:52","modified_gmt":"2026-02-16T16:42:52","slug":"youtube-premium","status":"publish","type":"product","link":"https:\/\/apgrejd.com\/en\/proizvod\/youtube-premium\/","title":{"rendered":"Youtube Premium &#8211; 1 godina"},"content":{"rendered":"<p class=\"p1\"><span data-mce-type=\"bookmark\" style=\"display: inline-block; width: 0px; overflow: hidden; line-height: 0;\" class=\"mce_SELRES_start\">\ufeff<\/span><a href=\"https:\/\/www.youtube.com\/premium\"><b>YouTube Premium pretplata<\/b><\/a> je usluga koja vam omogu\u0107ava u\u017eivanje u YouTube sadr\u017eaju bez reklama, sa dodatnim funkcijama i pogodnostima. Evo pregleda klju\u010dnih komponenti koje su uklju\u010dene u <b>ovaj pretplatni\u010dki servis<\/b>:<\/p>\n<p class=\"p1\"><b>Klju\u010dne komponente YouTube Premium-a<\/b>:<\/p>\n<ul>\n<li class=\"p3\"><b>Bez oglasa<\/b>: Gledajte omiljene video zapise bez prekida reklama, kako na YouTube-u, tako i na <a href=\"https:\/\/music.youtube.com\/premium\"><b>YouTube Music aplikaciji<\/b><\/a>.<\/li>\n<li class=\"p3\"><b>Preuzimanje sadr\u017eaja<\/b>: Preuzmite video zapise na va\u0161 ure\u0111aj kako biste ih gledali offline, bilo kada i bilo gde.<\/li>\n<li class=\"p3\"><b>Muzika bez reklama<\/b>: Pristupite celokupnoj muzi\u010dkoj biblioteci bez reklama, sa mogu\u0107no\u0161\u0107u preuzimanja muzike i slu\u0161anja offline.<\/li>\n<li class=\"p3\"><b>Multitasking reprodukcija<\/b>: Nastavite da slu\u0161ate muziku i video zapise dok koristite druge aplikacije ili kada je ekran va\u0161eg ure\u0111aja isklju\u010den.<\/li>\n<li class=\"p3\"><b>Ekskluzivni sadr\u017eaj<\/b>: Pristup originalnim serijama i filmovima koje su kreirali najpoznatiji YouTube autori na platformi <a href=\"https:\/\/www.youtube.com\/yt\/about\/originals\/\"><b>YouTube Originals<\/b><\/a>.<\/li>\n<\/ul>\n<p class=\"p1\"><b>Prednosti i karakteristike YouTube Premium-a<\/b>:<\/p>\n<ul>\n<li class=\"p3\"><b>Gledanje bez oglasa<\/b>: U\u017eivajte u video zapisima bez reklama.<\/li>\n<li class=\"p3\"><a href=\"https:\/\/support.google.com\/youtube\/answer\/56100\"><b>Preuzimanje za offline pristup<\/b><\/a>: Preuzmite omiljene video zapise i gledajte ih kasnije bez internetske veze.<\/li>\n<li class=\"p3\"><a href=\"https:\/\/support.google.com\/youtube\/answer\/7356379?hl=hr&amp;sjid=5381877095165239782-EU\"><b>Reprodukcija u pozadini<\/b><\/a>: Nastavite slu\u0161anje dok koristite druge aplikacije ili kada je ekran isklju\u010den.<\/li>\n<li class=\"p3\"><b>Ekskluzivan sadr\u017eaj<\/b>: Pristupite jedinstvenim serijama i filmovima od popularnih YouTube kreatora.<\/li>\n<li class=\"p3\"><b>Povezivanje ure\u0111aja<\/b>: Prijavite se na vi\u0161e ure\u0111aja kako biste u\u017eivali u svim pogodnostima na razli\u010ditim platformama.<\/li>\n<\/ul>\n<p class=\"p1\">Ove karakteristike omogu\u0107avaju vam da maksimalno iskoristite svoj <a href=\"https:\/\/www.youtube.com\/account\"><b>YouTube nalog<\/b><\/a>, pru\u017eaju\u0107i fleksibilnost i pogodnosti koje \u010dine gledanje i slu\u0161anje sadr\u017eaja jo\u0161 prijatnijim. Za detaljnije informacije o <b>YouTube Premium usluzi<\/b>, mo\u017eete posetiti zvani\u010dni <a href=\"https:\/\/www.youtube.com\/\"><b>YouTube sajt<\/b><\/a>.<\/p>\n<p>&nbsp;<\/p>\n<p><a href=\"https:\/\/apgrejd.com\/wp-content\/uploads\/2022\/01\/youtube-premium-1-godina-pretplata-bez-reklama-muzika-offline-cena-prodaja-srbija-balkan.webp\"><img loading=\"lazy\" decoding=\"async\" class=\"wp-image-13581 size-full aligncenter\" src=\"https:\/\/apgrejd.com\/wp-content\/uploads\/2022\/01\/youtube-premium-1-godina-pretplata-bez-reklama-muzika-offline-cena-prodaja-srbija-balkan.webp\" alt=\"youtube premium 1 godina pretplata bez reklama muzika offline srbija prodaja cena balkan jeftino\" width=\"2500\" height=\"1406\" srcset=\"https:\/\/apgrejd.com\/wp-content\/uploads\/2022\/01\/youtube-premium-1-godina-pretplata-bez-reklama-muzika-offline-cena-prodaja-srbija-balkan.webp 2500w, https:\/\/apgrejd.com\/wp-content\/uploads\/2022\/01\/youtube-premium-1-godina-pretplata-bez-reklama-muzika-offline-cena-prodaja-srbija-balkan-350x197.webp 350w, https:\/\/apgrejd.com\/wp-content\/uploads\/2022\/01\/youtube-premium-1-godina-pretplata-bez-reklama-muzika-offline-cena-prodaja-srbija-balkan-595x335.webp 595w, https:\/\/apgrejd.com\/wp-content\/uploads\/2022\/01\/youtube-premium-1-godina-pretplata-bez-reklama-muzika-offline-cena-prodaja-srbija-balkan-150x84.webp 150w, https:\/\/apgrejd.com\/wp-content\/uploads\/2022\/01\/youtube-premium-1-godina-pretplata-bez-reklama-muzika-offline-cena-prodaja-srbija-balkan-768x432.webp 768w, https:\/\/apgrejd.com\/wp-content\/uploads\/2022\/01\/youtube-premium-1-godina-pretplata-bez-reklama-muzika-offline-cena-prodaja-srbija-balkan-1536x864.webp 1536w, https:\/\/apgrejd.com\/wp-content\/uploads\/2022\/01\/youtube-premium-1-godina-pretplata-bez-reklama-muzika-offline-cena-prodaja-srbija-balkan-2048x1152.webp 2048w, https:\/\/apgrejd.com\/wp-content\/uploads\/2022\/01\/youtube-premium-1-godina-pretplata-bez-reklama-muzika-offline-cena-prodaja-srbija-balkan-800x450.webp 800w\" sizes=\"auto, (max-width: 2500px) 100vw, 2500px\" \/><\/a><\/p>\n","protected":false},"excerpt":{"rendered":"<ul style=\"list-style: none; padding: 0; margin: 0;\">\n<li><i class=\"fa-regular fa-circle-check\" style=\"color: #70d39c; margin-right: 6px;\"><\/i> Zvani\u010dna YouTube Premium pretplata<\/li>\n<li><i class=\"fa-regular fa-circle-check\" style=\"color: #70d39c; margin-right: 6px;\"><\/i> Uklju\u010duje YouTube &amp; YouTube Music<\/li>\n<li><i class=\"fa-regular fa-circle-check\" style=\"color: #70d39c; margin-right: 6px;\"><\/i> Aktivacija na va\u0161em nalogu<\/li>\n<li><i class=\"fa-regular fa-circle-check\" style=\"color: #70d39c; margin-right: 6px;\"><\/i> Bez reklama<\/li>\n<li><i class=\"fa-regular fa-circle-check\" style=\"color: #70d39c; margin-right: 6px;\"><\/i> Offline preuzimanje<\/li>\n<li><i class=\"fa-regular fa-circle-check\" style=\"color: #70d39c; margin-right: 6px;\"><\/i> Video u pozadini<\/li>\n<li><i class=\"fa-regular fa-circle-check\" style=\"color: #70d39c; margin-right: 6px;\"><\/i> Mo\u017eete koristiti na vi\u0161e ure\u0111aja<\/li>\n<li><i class=\"fa-regular fa-circle-check\" style=\"color: #70d39c; margin-right: 6px;\"><\/i> 24\/7 korisni\u010dka podr\u0161ka i live chat<\/li>\n<\/ul>\n<div style=\"margin-top: 15px; padding: 10px 12px; border-left: 3px solid #70d39c; background: #f9f9f9; font-size: 14px; color: #333;\"><i class=\"fa-solid fa-info-circle\" style=\"color: #70d39c; margin-right: 6px;\"><\/i><br \/>\n<strong>Napomena:<\/strong><br \/>\nApgrejd nudi <strong>YouTube Premium<\/strong> pretplatu jo\u0161 od <strong>2021. godine<\/strong> i hiljade korisnika su je uspe\u0161no koristile.<br \/>\nMe\u0111utim, zbog <strong>novih pravila i ograni\u010denja<\/strong> koje je YouTube nedavno uveo za Premium naloge,<br \/>\ntrenutno <strong>nismo u mogu\u0107nosti da ponudimo ovu uslugu<\/strong>.Na\u0161 tim aktivno radi na pronala\u017eenju <strong>novog i pouzdanog re\u0161enja<\/strong> koje \u0107e omogu\u0107iti povratak YouTube Premium pretplate u ponudu.<br \/>\nHvala vam na razumevanju i poverenju koje nam ukazujete od samog po\u010detka.<\/p>\n<\/div>\n","protected":false},"featured_media":13104,"comment_status":"open","ping_status":"closed","template":"","meta":{"_mi_skip_tracking":false,"_monsterinsights_sitenote_active":false,"_monsterinsights_sitenote_note":"","_monsterinsights_sitenote_category":0},"product_brand":[],"product_cat":[15],"product_tag":[197,226,228,227],"class_list":{"0":"post-9716","1":"product","2":"type-product","3":"status-publish","4":"has-post-thumbnail","6":"product_cat-streaming-servisi","7":"product_tag-premium","8":"product_tag-youtube","9":"product_tag-youtube-music","10":"product_tag-youtube-premium","12":"first","13":"outofstock","14":"sale","15":"virtual","16":"purchasable","17":"product-type-simple"},"exclude_global_add_ons":false,"addons":[{"name":"Youtube email","type":"custom_text","position":0,"required":true,"title_format":"label","default":"","description_enable":false,"description":"","placeholder_enable":false,"placeholder":"","display":"select","restrictions_type":"email","adjust_price":false,"price":"","price_type":"flat_fee","restrictions":false,"min":"0","max":"0","options":[],"id":1722439393},{"name":"Youtube password","type":"custom_text","position":1,"required":true,"title_format":"label","default":"","description_enable":false,"description":"","placeholder_enable":false,"placeholder":"","display":"select","restrictions_type":"any_text","adjust_price":false,"price":"","price_type":"flat_fee","restrictions":false,"min":"0","max":"0","options":[],"id":1722439394}],"yoast_head":"<!-- This site is optimized with the Yoast SEO Premium plugin v26.3 (Yoast SEO v27.5) - https:\/\/yoast.com\/product\/yoast-seo-premium-wordpress\/ -->\n<title>Youtube Premium - Pretplata (1 godina) - Apgrejd<\/title>\n<meta name=\"description\" content=\"Unapredite iskustvo sa YouTube Premium pretplatom: ekskluzivan sadr\u017eaj, bez reklama i neograni\u010deno mogu\u0107nosti gledanja offline i Youtube Music.\" \/>\n<meta name=\"robots\" content=\"index, follow, max-snippet:-1, max-image-preview:large, max-video-preview:-1\" \/>\n<link rel=\"canonical\" href=\"https:\/\/apgrejd.com\/proizvod\/youtube-premium\/\" \/>\n<meta property=\"og:locale\" content=\"en_US\" \/>\n<meta property=\"og:type\" content=\"article\" \/>\n<meta property=\"og:title\" content=\"Youtube Premium - 1 godina\" \/>\n<meta property=\"og:description\" content=\"Unapredite iskustvo sa YouTube Premium pretplatom: ekskluzivan sadr\u017eaj, bez reklama i neograni\u010deno mogu\u0107nosti gledanja offline i Youtube Music.\" \/>\n<meta property=\"og:url\" content=\"https:\/\/apgrejd.com\/proizvod\/youtube-premium\/\" \/>\n<meta property=\"og:site_name\" content=\"Apgrejd\" \/>\n<meta property=\"article:modified_time\" content=\"2026-02-16T16:42:52+00:00\" \/>\n<meta property=\"og:image\" content=\"https:\/\/apgrejd.com\/wp-content\/uploads\/2022\/01\/youtube-premium-1-godina-pretplata-bez-reklama-muzika-offline-cena-prodaja-srbija.webp\" \/>\n\t<meta property=\"og:image:width\" content=\"1080\" \/>\n\t<meta property=\"og:image:height\" content=\"1080\" \/>\n\t<meta property=\"og:image:type\" content=\"image\/webp\" \/>\n<meta name=\"twitter:card\" content=\"summary_large_image\" \/>\n<meta name=\"twitter:label1\" content=\"Price\" \/>\n\t<meta name=\"twitter:data1\" content=\"37&nbsp;&euro;\" \/>\n\t<meta name=\"twitter:label2\" content=\"Availability\" \/>\n\t<meta name=\"twitter:data2\" content=\"Out of stock\" \/>\n<script type=\"application\/ld+json\" class=\"yoast-schema-graph\">{\"@context\":\"https:\\\/\\\/schema.org\",\"@graph\":[{\"@type\":\"WebPage\",\"@id\":\"https:\\\/\\\/apgrejd.com\\\/proizvod\\\/youtube-premium\\\/\",\"url\":\"https:\\\/\\\/apgrejd.com\\\/proizvod\\\/youtube-premium\\\/\",\"name\":\"Youtube Premium - Pretplata (1 godina) - Apgrejd\",\"isPartOf\":{\"@id\":\"https:\\\/\\\/apgrejd.com\\\/#website\"},\"primaryImageOfPage\":{\"@id\":\"https:\\\/\\\/apgrejd.com\\\/proizvod\\\/youtube-premium\\\/#primaryimage\"},\"image\":{\"@id\":\"https:\\\/\\\/apgrejd.com\\\/proizvod\\\/youtube-premium\\\/#primaryimage\"},\"thumbnailUrl\":\"https:\\\/\\\/apgrejd.com\\\/wp-content\\\/uploads\\\/2022\\\/01\\\/youtube-premium-1-godina-pretplata-bez-reklama-muzika-offline-cena-prodaja-srbija.webp\",\"datePublished\":\"2022-01-27T17:53:03+00:00\",\"dateModified\":\"2026-02-16T16:42:52+00:00\",\"description\":\"Unapredite iskustvo sa YouTube Premium pretplatom: ekskluzivan sadr\u017eaj, bez reklama i neograni\u010deno mogu\u0107nosti gledanja offline i Youtube Music.\",\"breadcrumb\":{\"@id\":\"https:\\\/\\\/apgrejd.com\\\/proizvod\\\/youtube-premium\\\/#breadcrumb\"},\"inLanguage\":\"en-US\",\"potentialAction\":[{\"@type\":\"ReadAction\",\"target\":[\"https:\\\/\\\/apgrejd.com\\\/proizvod\\\/youtube-premium\\\/\"]}]},{\"@type\":\"ImageObject\",\"inLanguage\":\"en-US\",\"@id\":\"https:\\\/\\\/apgrejd.com\\\/proizvod\\\/youtube-premium\\\/#primaryimage\",\"url\":\"https:\\\/\\\/apgrejd.com\\\/wp-content\\\/uploads\\\/2022\\\/01\\\/youtube-premium-1-godina-pretplata-bez-reklama-muzika-offline-cena-prodaja-srbija.webp\",\"contentUrl\":\"https:\\\/\\\/apgrejd.com\\\/wp-content\\\/uploads\\\/2022\\\/01\\\/youtube-premium-1-godina-pretplata-bez-reklama-muzika-offline-cena-prodaja-srbija.webp\",\"width\":1080,\"height\":1080,\"caption\":\"youtube premium 1 godina pretplata bez reklama muzika offline srbija prodaja cena\"},{\"@type\":\"BreadcrumbList\",\"@id\":\"https:\\\/\\\/apgrejd.com\\\/proizvod\\\/youtube-premium\\\/#breadcrumb\",\"itemListElement\":[{\"@type\":\"ListItem\",\"position\":1,\"name\":\"Po\u010detna\",\"item\":\"https:\\\/\\\/apgrejd.com\\\/\"},{\"@type\":\"ListItem\",\"position\":2,\"name\":\"Shop\",\"item\":\"https:\\\/\\\/apgrejd.com\\\/shop\\\/\"},{\"@type\":\"ListItem\",\"position\":3,\"name\":\"Youtube Premium &#8211; 1 godina\"}]},{\"@type\":\"WebSite\",\"@id\":\"https:\\\/\\\/apgrejd.com\\\/#website\",\"url\":\"https:\\\/\\\/apgrejd.com\\\/\",\"name\":\"Apgrejd\",\"description\":\"\",\"publisher\":{\"@id\":\"https:\\\/\\\/apgrejd.com\\\/#organization\"},\"potentialAction\":[{\"@type\":\"SearchAction\",\"target\":{\"@type\":\"EntryPoint\",\"urlTemplate\":\"https:\\\/\\\/apgrejd.com\\\/?s={search_term_string}\"},\"query-input\":{\"@type\":\"PropertyValueSpecification\",\"valueRequired\":true,\"valueName\":\"search_term_string\"}}],\"inLanguage\":\"en-US\"},{\"@type\":[\"Organization\",\"Place\"],\"@id\":\"https:\\\/\\\/apgrejd.com\\\/#organization\",\"name\":\"Apgrejd\",\"url\":\"https:\\\/\\\/apgrejd.com\\\/\",\"logo\":{\"@id\":\"https:\\\/\\\/apgrejd.com\\\/proizvod\\\/youtube-premium\\\/#local-main-organization-logo\"},\"image\":{\"@id\":\"https:\\\/\\\/apgrejd.com\\\/proizvod\\\/youtube-premium\\\/#local-main-organization-logo\"},\"sameAs\":[\"https:\\\/\\\/www.instagram.com\\\/apgrejduj_shop\"],\"openingHoursSpecification\":[{\"@type\":\"OpeningHoursSpecification\",\"dayOfWeek\":[\"Monday\",\"Tuesday\",\"Wednesday\",\"Thursday\",\"Friday\",\"Saturday\",\"Sunday\"],\"opens\":\"09:00\",\"closes\":\"17:00\"}]},{\"@type\":\"ImageObject\",\"inLanguage\":\"en-US\",\"@id\":\"https:\\\/\\\/apgrejd.com\\\/proizvod\\\/youtube-premium\\\/#local-main-organization-logo\",\"url\":\"https:\\\/\\\/apgrejd.com\\\/wp-content\\\/uploads\\\/2022\\\/01\\\/cropped-155314956_467576731609892_1539415141695492301_n-removebg-preview.png\",\"contentUrl\":\"https:\\\/\\\/apgrejd.com\\\/wp-content\\\/uploads\\\/2022\\\/01\\\/cropped-155314956_467576731609892_1539415141695492301_n-removebg-preview.png\",\"width\":512,\"height\":512,\"caption\":\"Apgrejd\"}]}<\/script>\n<meta property=\"product:price:amount\" content=\"37\" \/>\n<meta property=\"product:price:currency\" content=\"EUR\" \/>\n<meta property=\"og:availability\" content=\"out of stock\" \/>\n<meta property=\"product:availability\" content=\"out of stock\" \/>\n<meta property=\"product:retailer_item_id\" content=\"9716\" \/>\n<meta property=\"product:condition\" content=\"new\" \/>\n<!-- \/ Yoast SEO Premium plugin. -->","yoast_head_json":{"title":"Youtube Premium - Pretplata (1 godina) - Apgrejd","description":"Unapredite iskustvo sa YouTube Premium pretplatom: ekskluzivan sadr\u017eaj, bez reklama i neograni\u010deno mogu\u0107nosti gledanja offline i Youtube Music.","robots":{"index":"index","follow":"follow","max-snippet":"max-snippet:-1","max-image-preview":"max-image-preview:large","max-video-preview":"max-video-preview:-1"},"canonical":"https:\/\/apgrejd.com\/proizvod\/youtube-premium\/","og_locale":"en_US","og_type":"article","og_title":"Youtube Premium - 1 godina","og_description":"Unapredite iskustvo sa YouTube Premium pretplatom: ekskluzivan sadr\u017eaj, bez reklama i neograni\u010deno mogu\u0107nosti gledanja offline i Youtube Music.","og_url":"https:\/\/apgrejd.com\/proizvod\/youtube-premium\/","og_site_name":"Apgrejd","article_modified_time":"2026-02-16T16:42:52+00:00","og_image":[{"width":1080,"height":1080,"url":"https:\/\/apgrejd.com\/wp-content\/uploads\/2022\/01\/youtube-premium-1-godina-pretplata-bez-reklama-muzika-offline-cena-prodaja-srbija.webp","type":"image\/webp"}],"twitter_card":"summary_large_image","twitter_misc":{"Price":"37&nbsp;&euro;","Availability":"Out of stock"},"schema":{"@context":"https:\/\/schema.org","@graph":[{"@type":"WebPage","@id":"https:\/\/apgrejd.com\/proizvod\/youtube-premium\/","url":"https:\/\/apgrejd.com\/proizvod\/youtube-premium\/","name":"Youtube Premium - Pretplata (1 godina) - Apgrejd","isPartOf":{"@id":"https:\/\/apgrejd.com\/#website"},"primaryImageOfPage":{"@id":"https:\/\/apgrejd.com\/proizvod\/youtube-premium\/#primaryimage"},"image":{"@id":"https:\/\/apgrejd.com\/proizvod\/youtube-premium\/#primaryimage"},"thumbnailUrl":"https:\/\/apgrejd.com\/wp-content\/uploads\/2022\/01\/youtube-premium-1-godina-pretplata-bez-reklama-muzika-offline-cena-prodaja-srbija.webp","datePublished":"2022-01-27T17:53:03+00:00","dateModified":"2026-02-16T16:42:52+00:00","description":"Unapredite iskustvo sa YouTube Premium pretplatom: ekskluzivan sadr\u017eaj, bez reklama i neograni\u010deno mogu\u0107nosti gledanja offline i Youtube Music.","breadcrumb":{"@id":"https:\/\/apgrejd.com\/proizvod\/youtube-premium\/#breadcrumb"},"inLanguage":"en-US","potentialAction":[{"@type":"ReadAction","target":["https:\/\/apgrejd.com\/proizvod\/youtube-premium\/"]}]},{"@type":"ImageObject","inLanguage":"en-US","@id":"https:\/\/apgrejd.com\/proizvod\/youtube-premium\/#primaryimage","url":"https:\/\/apgrejd.com\/wp-content\/uploads\/2022\/01\/youtube-premium-1-godina-pretplata-bez-reklama-muzika-offline-cena-prodaja-srbija.webp","contentUrl":"https:\/\/apgrejd.com\/wp-content\/uploads\/2022\/01\/youtube-premium-1-godina-pretplata-bez-reklama-muzika-offline-cena-prodaja-srbija.webp","width":1080,"height":1080,"caption":"youtube premium 1 godina pretplata bez reklama muzika offline srbija prodaja cena"},{"@type":"BreadcrumbList","@id":"https:\/\/apgrejd.com\/proizvod\/youtube-premium\/#breadcrumb","itemListElement":[{"@type":"ListItem","position":1,"name":"Po\u010detna","item":"https:\/\/apgrejd.com\/"},{"@type":"ListItem","position":2,"name":"Shop","item":"https:\/\/apgrejd.com\/shop\/"},{"@type":"ListItem","position":3,"name":"Youtube Premium &#8211; 1 godina"}]},{"@type":"WebSite","@id":"https:\/\/apgrejd.com\/#website","url":"https:\/\/apgrejd.com\/","name":"Apgrejd","description":"","publisher":{"@id":"https:\/\/apgrejd.com\/#organization"},"potentialAction":[{"@type":"SearchAction","target":{"@type":"EntryPoint","urlTemplate":"https:\/\/apgrejd.com\/?s={search_term_string}"},"query-input":{"@type":"PropertyValueSpecification","valueRequired":true,"valueName":"search_term_string"}}],"inLanguage":"en-US"},{"@type":["Organization","Place"],"@id":"https:\/\/apgrejd.com\/#organization","name":"Apgrejd","url":"https:\/\/apgrejd.com\/","logo":{"@id":"https:\/\/apgrejd.com\/proizvod\/youtube-premium\/#local-main-organization-logo"},"image":{"@id":"https:\/\/apgrejd.com\/proizvod\/youtube-premium\/#local-main-organization-logo"},"sameAs":["https:\/\/www.instagram.com\/apgrejduj_shop"],"openingHoursSpecification":[{"@type":"OpeningHoursSpecification","dayOfWeek":["Monday","Tuesday","Wednesday","Thursday","Friday","Saturday","Sunday"],"opens":"09:00","closes":"17:00"}]},{"@type":"ImageObject","inLanguage":"en-US","@id":"https:\/\/apgrejd.com\/proizvod\/youtube-premium\/#local-main-organization-logo","url":"https:\/\/apgrejd.com\/wp-content\/uploads\/2022\/01\/cropped-155314956_467576731609892_1539415141695492301_n-removebg-preview.png","contentUrl":"https:\/\/apgrejd.com\/wp-content\/uploads\/2022\/01\/cropped-155314956_467576731609892_1539415141695492301_n-removebg-preview.png","width":512,"height":512,"caption":"Apgrejd"}]},"product_price_amount":"37","product_price_currency":"EUR","og_availability":"out of stock","product_availability":"out of stock","product_retailer_item_id":"9716","product_condition":"new"},"jetpack_sharing_enabled":true,"_links":{"self":[{"href":"https:\/\/apgrejd.com\/en\/wp-json\/wp\/v2\/product\/9716","targetHints":{"allow":["GET"]}}],"collection":[{"href":"https:\/\/apgrejd.com\/en\/wp-json\/wp\/v2\/product"}],"about":[{"href":"https:\/\/apgrejd.com\/en\/wp-json\/wp\/v2\/types\/product"}],"replies":[{"embeddable":true,"href":"https:\/\/apgrejd.com\/en\/wp-json\/wp\/v2\/comments?post=9716"}],"wp:featuredmedia":[{"embeddable":true,"href":"https:\/\/apgrejd.com\/en\/wp-json\/wp\/v2\/media\/13104"}],"wp:attachment":[{"href":"https:\/\/apgrejd.com\/en\/wp-json\/wp\/v2\/media?parent=9716"}],"wp:term":[{"taxonomy":"product_brand","embeddable":true,"href":"https:\/\/apgrejd.com\/en\/wp-json\/wp\/v2\/product_brand?post=9716"},{"taxonomy":"product_cat","embeddable":true,"href":"https:\/\/apgrejd.com\/en\/wp-json\/wp\/v2\/product_cat?post=9716"},{"taxonomy":"product_tag","embeddable":true,"href":"https:\/\/apgrejd.com\/en\/wp-json\/wp\/v2\/product_tag?post=9716"}],"curies":[{"name":"wp","href":"https:\/\/api.w.org\/{rel}","templated":true}]}}